{"id":11,"date":"2019-05-19T15:53:08","date_gmt":"2019-05-19T13:53:08","guid":{"rendered":"http:\/\/localhost\/wp_hst\/wordpress\/?page_id=11"},"modified":"2024-08-25T13:58:00","modified_gmt":"2024-08-25T11:58:00","slug":"startseite","status":"publish","type":"page","link":"https:\/\/heimstatt-tschernobyl.org\/","title":{"rendered":"Eine Zukunft nach Tschernobyl!"},"content":{"rendered":"\n<p>Herzlich willkommen auf der Webseite von Heim-statt Tschernobyl e.V., dem gemeinn\u00fctzigen Verein f\u00fcr Umsiedlung, Integration und Vers\u00f6hnung.<\/p>\n\n\n\n<p>Wir sind ein Netzwerk engagierter B\u00fcrgerinnen und B\u00fcrger unterschiedlichster Berufsgruppen vor dem Hintergrund der <a aria-label=\" (\u00f6ffnet in neuem Tab)\" href=\"https:\/\/de.wikipedia.org\/wiki\/Nuklearkatastrophe_von_Tschernobyl\" target=\"_blank\" rel=\"noreferrer noopener\"><strong>Tschernobyl-Katastrophe<\/strong><\/a>.<br><br>Fast 4 Jahrzehnte nach der bisher gr\u00f6\u00dften Reaktorkatastrophe leben noch immer Tausende Menschen in den verstrahlten Gebieten von Belarus. Dies entspricht etwa einem Viertel der Landesfl\u00e4che.<br>Die langfristigen Folgen der Strahlenbelastung wie Krebs und Missbildungen belasten die nachgeborenen Generationen, auch wenn nach soviel Jahren der Anschein von Normalit\u00e4t verbreitet wird.<br>Wir wollen auch zuk\u00fcnftig nicht unt\u00e4tig bleiben. Darum engagieren wir uns seit 1991 und weiterhin in Belarus durch nachhaltige Hilfen und setzen Zeichen der Hoffnung gegen die t\u00f6dliche Gefahr atomarer Energie-Nutzung.<\/p>\n\n\n\n<p><strong><a href=\"https:\/\/heimstatt-tschernobyl.org\/?page_id=102\">Wie alles begann&#8230;<\/a><\/strong><\/p>\n","protected":false},"excerpt":{"rendered":"<p>Herzlich willkommen auf der Webseite von Heim-statt Tschernobyl e.V., dem gemeinn\u00fctzigen Verein f\u00fcr Umsiedlung, Integration und Vers\u00f6hnung. Wir sind ein Netzwerk engagierter B\u00fcrgerinnen und B\u00fcrger unterschiedlichster Berufsgruppen vor dem Hintergrund der Tschernobyl-Katastrophe. Fast 4 Jahrzehnte nach der bisher gr\u00f6\u00dften Reaktorkatastrophe leben noch immer Tausende Menschen in den verstrahlten Gebieten von Belarus. Dies entspricht etwa einem &#8230; <span class=\"more\"><a class=\"more-link\" href=\"https:\/\/heimstatt-tschernobyl.org\/\">[Read more&#8230;]<\/a><\/span><\/p>\n","protected":false},"author":1,"featured_media":4425,"parent":0,"menu_order":0,"comment_status":"closed","ping_status":"closed","template":"","meta":{"iawp_total_views":1737,"_mc_calendar":[],"footnotes":""},"class_list":{"0":"entry","1":"page","2":"publish","3":"author-ewald","4":"post-11","6":"has-post-thumbnail"},"_links":{"self":[{"href":"https:\/\/heimstatt-tschernobyl.org\/index.php?rest_route=\/wp\/v2\/pages\/11","targetHints":{"allow":["GET"]}}],"collection":[{"href":"https:\/\/heimstatt-tschernobyl.org\/index.php?rest_route=\/wp\/v2\/pages"}],"about":[{"href":"https:\/\/heimstatt-tschernobyl.org\/index.php?rest_route=\/wp\/v2\/types\/page"}],"author":[{"embeddable":true,"href":"https:\/\/heimstatt-tschernobyl.org\/index.php?rest_route=\/wp\/v2\/users\/1"}],"replies":[{"embeddable":true,"href":"https:\/\/heimstatt-tschernobyl.org\/index.php?rest_route=%2Fwp%2Fv2%2Fcomments&post=11"}],"version-history":[{"count":35,"href":"https:\/\/heimstatt-tschernobyl.org\/index.php?rest_route=\/wp\/v2\/pages\/11\/revisions"}],"predecessor-version":[{"id":7090,"href":"https:\/\/heimstatt-tschernobyl.org\/index.php?rest_route=\/wp\/v2\/pages\/11\/revisions\/7090"}],"wp:featuredmedia":[{"embeddable":true,"href":"https:\/\/heimstatt-tschernobyl.org\/index.php?rest_route=\/wp\/v2\/media\/4425"}],"wp:attachment":[{"href":"https:\/\/heimstatt-tschernobyl.org\/index.php?rest_route=%2Fwp%2Fv2%2Fmedia&parent=11"}],"curies":[{"name":"wp","href":"https:\/\/api.w.org\/{rel}","templated":true}]}}