{"id":1407,"date":"2019-12-23T14:18:34","date_gmt":"2019-12-23T13:18:34","guid":{"rendered":"http:\/\/heimstatt-tschernobyl.org\/?page_id=1407"},"modified":"2024-04-20T13:32:09","modified_gmt":"2024-04-20T11:32:09","slug":"pflanzenklaeranlage","status":"publish","type":"page","link":"https:\/\/heimstatt-tschernobyl.org\/?page_id=1407","title":{"rendered":"Pflanzenkl\u00e4ranlage"},"content":{"rendered":"\n<p>Die ersten\nH\u00e4user der Siedlung Drushnaja hatten\nzur Entsorgung des Abwassers Sickergruben. Diese wurden durch einen Kanal\nverbunden und das Abwasser auf ein primitives Kl\u00e4rfeld in den Wald gef\u00fchrt, das\nden zum damaligen Zeitpunkt g\u00fcltigen Regelungen entsprach. Heute jedoch\nentspricht dies keinerlei g\u00fcltigen Standards mehr. Die Abw\u00e4sser werden so\nunkontrolliert im Wald entsorgt, versickern mit all den im Wasser enthaltenen\nSchadstoffen im Boden und sch\u00e4digen Grundwasser, Pflanzen und Tierwelt. Dazu\nkommt eine erhebliche Geruchsbel\u00e4stigung der Dorfbewohner sowie unhaltbaren\nhygienischen Zust\u00e4nde, die Risiken wie die Verbreitung von Krankheitserregern\nbergen. Die sich daraus ergebenden schwierigen hygienischen Zust\u00e4nde am Orts-\nbzw. Waldrand, die durch die unkontrollierte Abwasserentsorgung entstanden,\nwurden auf Wunsch der Bev\u00f6lkerung durch einen Kl\u00e4ranlagen-Neubau verbessert.\nDamit wurden auch die \u00f6kologischen Lasten f\u00fcr die Umwelt gemindert. \n\nDie Priorit\u00e4t beim Bau der neuen Anlage lag auf\neiner Pflanzenkl\u00e4ranlage (Schilfbeet-Kl\u00e4ranlage), die als \u00f6kologische Variante\nsehr gut ins Konzept nachhaltiger \u00f6kologischer Infrastrukturentwicklung des\nDorfes Drushnaja passt. Die erste Pflanzenkl\u00e4ranlage in Belarus dient als\nModellprojekt f\u00fcr die gesamte Region, f\u00fcr D\u00f6rfer und kleinere Siedlungen die\nbisher Sickergruben in den G\u00e4rten der einzelnen H\u00e4user zur Abwasserentsorgung\nnutzen. Bereits jetzt zieht Drushnaja, insbesondere wegen seiner \u00f6kologischen\nAusrichtung in Verbindung mit erfolgreicher Gemeinwesenarbeit viele Besucher\nund Delegationen aus dem In- und Ausland an.\n\n\n\n<\/p>\n\n\n\n<p>Anbei der Bericht als PDF zum Runterladen und einige Bilder zum Bau der Pflanzenkl\u00e4ranlage in Drushnaja.<br><a rel=\"noreferrer noopener\" aria-label=\"\ufffc (\u00f6ffnet in neuem Tab)\" href=\"http:\/\/heimstatt-tschernobyl.org\/wp-content\/uploads\/2019\/11\/Verbesserte-Abwasserentsorgung-durch-eine-Pflanzenkl\u00e4ranlage-in-Drushnaja.pdf\" target=\"_blank\"><img decoding=\"async\" class=\"wp-image-737\" style=\"width: 50px;\" src=\"http:\/\/heimstatt-tschernobyl.org\/wp-content\/uploads\/2019\/08\/pdf-icon.png\" alt=\"\"><\/a><\/p>\n\n\n\n\n<div class=\"gdgallery-gallery-container\" id=\"gdgallery-container-14\" data-id=\"14\">\n    <h3 class='gdgallery_title_h3' style='text-align: center;'>Bau der Pflanzenkl\u00e4ranlage 2019<\/h3>\n<div id=\"gdgallery_container_14\" style=\"display:none;\" data-view=\"carousel\">\n            <a href=\"\">\n            <img decoding=\"async\" alt=\"Stufe 1 mit Schilfpflanzen\"\n                 data-type=\"image\"\n                 src=\"https:\/\/heimstatt-tschernobyl.org\/wp-content\/uploads\/2019\/10\/Stufe-1-mit-Schilfpflanzen.jpg\"\n                 data-image=\"https:\/\/heimstatt-tschernobyl.org\/wp-content\/uploads\/2019\/10\/Stufe-1-mit-Schilfpflanzen.jpg\"\n                 data-description=\"\"\n                                 style=\"display:block\">\n        <\/a>\n            <a href=\"\">\n            <img decoding=\"async\" alt=\"Kiesschicht verteilen\"\n                 data-type=\"image\"\n                 src=\"https:\/\/heimstatt-tschernobyl.org\/wp-content\/uploads\/2019\/10\/Kiesschicht-verteilen.jpg\"\n                 data-image=\"https:\/\/heimstatt-tschernobyl.org\/wp-content\/uploads\/2019\/10\/Kiesschicht-verteilen.jpg\"\n                 data-description=\"\"\n                                 style=\"display:block\">\n        <\/a>\n            <a href=\"\">\n            <img decoding=\"async\" alt=\"Kiesschicht einbringen\"\n                 data-type=\"image\"\n                 src=\"https:\/\/heimstatt-tschernobyl.org\/wp-content\/uploads\/2019\/10\/Kiesschicht-einbringen.jpg\"\n                 data-image=\"https:\/\/heimstatt-tschernobyl.org\/wp-content\/uploads\/2019\/10\/Kiesschicht-einbringen.jpg\"\n                 data-description=\"\"\n                                 style=\"display:block\">\n        <\/a>\n            <a href=\"\">\n            <img decoding=\"async\" alt=\"Folie einbringen\"\n                 data-type=\"image\"\n                 src=\"https:\/\/heimstatt-tschernobyl.org\/wp-content\/uploads\/2019\/10\/Folie-einbringen.jpg\"\n                 data-image=\"https:\/\/heimstatt-tschernobyl.org\/wp-content\/uploads\/2019\/10\/Folie-einbringen.jpg\"\n                 data-description=\"\"\n                                 style=\"display:block\">\n        <\/a>\n            <a href=\"\">\n            <img decoding=\"async\" alt=\"Erdarbeiten 2\"\n                 data-type=\"image\"\n                 src=\"https:\/\/heimstatt-tschernobyl.org\/wp-content\/uploads\/2019\/10\/Erdarbeiten-2.jpg\"\n                 data-image=\"https:\/\/heimstatt-tschernobyl.org\/wp-content\/uploads\/2019\/10\/Erdarbeiten-2.jpg\"\n                 data-description=\"\"\n                                 style=\"display:block\">\n        <\/a>\n            <a href=\"\">\n            <img decoding=\"async\" alt=\"Erdarbeiten 1\"\n                 data-type=\"image\"\n                 src=\"https:\/\/heimstatt-tschernobyl.org\/wp-content\/uploads\/2019\/10\/Erdarbeiten-1.jpg\"\n                 data-image=\"https:\/\/heimstatt-tschernobyl.org\/wp-content\/uploads\/2019\/10\/Erdarbeiten-1.jpg\"\n                 data-description=\"\"\n                                 style=\"display:block\">\n        <\/a>\n            <a href=\"\">\n            <img decoding=\"async\" alt=\"Einpflanzen\"\n                 data-type=\"image\"\n                 src=\"https:\/\/heimstatt-tschernobyl.org\/wp-content\/uploads\/2019\/10\/Einpflanzen.jpg\"\n                 data-image=\"https:\/\/heimstatt-tschernobyl.org\/wp-content\/uploads\/2019\/10\/Einpflanzen.jpg\"\n                 data-description=\"\"\n                                 style=\"display:block\">\n        <\/a>\n    <\/div>\n\n<script type=\"text\/javascript\">\n\n    (function() {\n        var runMyCode = function() {\n            jQuery(document).ready(function () {\n                var container = jQuery(\"#gdgallery_container_14\");\n                container.unitegallery({\"gallery_theme\":\"carousel\",\"carousel_space_between_tiles\":10,\"tile_width\":200,\"tile_height\":\"200\",\"tile_enable_outline\":false,\"theme_carousel_align\":\"center\",\"carousel_navigation_numtiles\":1,\"carousel_scroll_duration\":500,\"carousel_autoplay\":true,\"carousel_autoplay_timeout\":\"3000\",\"carousel_autoplay_direction\":\"right\",\"carousel_autoplay_pause_onhover\":true,\"theme_enable_navigation\":true,\"theme_navigation_position\":\"bottom\",\"theme_navigation_align\":\"center\",\"theme_navigation_enable_play\":true,\"theme_space_between_arrows\":\"20\",\"tile_enable_textpanel\":true,\"tile_textpanel_always_on\":true,\"tile_textpanel_title_text_align\":\"center\",\"tile_textpanel_title_font_size\":\"16\",\"tile_textpanel_title_color\":\"#FFFFFF\",\"tile_textpanel_bg_color\":\"#333333\",\"tile_textpanel_bg_opacity\":0.7,\"tile_enable_border\":true,\"tile_border_width\":\"0\",\"tile_border_color\":\"#333333\",\"tile_border_radius\":\"0\",\"tile_enable_overlay\":true,\"tile_enable_image_effect\":true,\"tile_image_effect_type\":\"blur\",\"tile_image_effect_reverse\":true,\"tile_enable_shadow\":false,\"tile_as_link\":false,\"tile_enable_icons\":true,\"tile_show_link_icon\":true,\"tile_textpanel_appear_type\":\"slide\",\"tile_textpanel_position\":\"inside_bottom\",\"tile_link_newpage\":true,\"lightbox_type\":\"wide\",\"lightbox_arrows_offset\":0,\"lightbox_overlay_color\":\"#000000\",\"lightbox_overlay_opacity\":1,\"lightbox_top_panel_opacity\":1,\"lightbox_show_numbers\":true,\"lightbox_numbers_size\":\"15\",\"lightbox_numbers_color\":\"#FFFFFF\",\"lightbox_slider_image_border_width\":\"0\",\"lightbox_slider_image_border_color\":\"#FFFFFF\",\"lightbox_slider_image_border_radius\":0,\"lightbox_slider_image_shadow\":true,\"lightbox_slider_control_swipe\":true,\"lightbox_slider_control_zoom\":true,\"lightbox_slider_image_border\":true,\"lightbox_show_textpanel\":true,\"lightbox_textpanel_enable_title\":true,\"lightbox_textpanel_enable_description\":false,\"lightbox_textpanel_padding_top\":5,\"lightbox_textpanel_padding_bottom\":5,\"lightbox_textpanel_padding_right\":5,\"lightbox_textpanel_padding_left\":5,\"lightbox_textpanel_title_color\":\"#FFFFFF\",\"lightbox_textpanel_title_text_align\":\"center\",\"lightbox_textpanel_title_font_size\":\"16\",\"lightbox_textpanel_desc_color\":\"#FFFFFF\",\"lightbox_textpanel_desc_text_align\":\"center\",\"lightbox_textpanel_desc_font_size\":\"14\"});\n            });\n        };\n        var timer = function() {\n            if (window.jQuery) {runMyCode(window.jQuery);}\n            else {window.setTimeout(timer, 100);}\n        };\n        timer();\n    })();\n\n\n<\/script><style>\n#gdgallery-container-14 a.ug-thumb-wrapper{\n    box-shadow: none !important;\n}\n\n.ug-lightbox .ug-lightbox-top-panel-overlay{\n    background-color: #000000 !important;\n}\n\n#gdgallery_container_14{}<\/style>\n<\/div>\n\n\n\n\n\n<br><br><a href=\"https:\/\/heimstatt-tschernobyl.org\/?page_id=162\"><img decoding=\"async\" class=\"wp-image-6356\" style=\"width: 200px;\" src=\"https:\/\/heimstatt-tschernobyl.org\/wp-content\/uploads\/2024\/04\/zur-projektuebersicht.png\" alt=\"\"><\/a><\/p>\n","protected":false},"excerpt":{"rendered":"<p>Die ersten H\u00e4user der Siedlung Drushnaja hatten zur Entsorgung des Abwassers Sickergruben. Diese wurden durch einen Kanal verbunden und das Abwasser auf ein primitives Kl\u00e4rfeld in den Wald gef\u00fchrt, das den zum damaligen Zeitpunkt g\u00fcltigen Regelungen entsprach. Heute jedoch entspricht dies keinerlei g\u00fcltigen Standards mehr. Die Abw\u00e4sser werden so unkontrolliert im Wald entsorgt, versickern mit &#8230; <span class=\"more\"><a class=\"more-link\" href=\"https:\/\/heimstatt-tschernobyl.org\/?page_id=1407\">[Read more&#8230;]<\/a><\/span><\/p>\n","protected":false},"author":1,"featured_media":0,"parent":0,"menu_order":0,"comment_status":"closed","ping_status":"closed","template":"","meta":{"iawp_total_views":7,"_mc_calendar":[],"footnotes":""},"class_list":["entry","page","publish","author-ewald","post-1407"],"_links":{"self":[{"href":"https:\/\/heimstatt-tschernobyl.org\/index.php?rest_route=\/wp\/v2\/pages\/1407","targetHints":{"allow":["GET"]}}],"collection":[{"href":"https:\/\/heimstatt-tschernobyl.org\/index.php?rest_route=\/wp\/v2\/pages"}],"about":[{"href":"https:\/\/heimstatt-tschernobyl.org\/index.php?rest_route=\/wp\/v2\/types\/page"}],"author":[{"embeddable":true,"href":"https:\/\/heimstatt-tschernobyl.org\/index.php?rest_route=\/wp\/v2\/users\/1"}],"replies":[{"embeddable":true,"href":"https:\/\/heimstatt-tschernobyl.org\/index.php?rest_route=%2Fwp%2Fv2%2Fcomments&post=1407"}],"version-history":[{"count":4,"href":"https:\/\/heimstatt-tschernobyl.org\/index.php?rest_route=\/wp\/v2\/pages\/1407\/revisions"}],"predecessor-version":[{"id":6373,"href":"https:\/\/heimstatt-tschernobyl.org\/index.php?rest_route=\/wp\/v2\/pages\/1407\/revisions\/6373"}],"wp:attachment":[{"href":"https:\/\/heimstatt-tschernobyl.org\/index.php?rest_route=%2Fwp%2Fv2%2Fmedia&parent=1407"}],"curies":[{"name":"wp","href":"https:\/\/api.w.org\/{rel}","templated":true}]}}