{"id":149,"date":"2019-05-25T15:59:10","date_gmt":"2019-05-25T13:59:10","guid":{"rendered":"http:\/\/localhost\/wp_hst\/wordpress\/?page_id=149"},"modified":"2025-12-03T18:08:11","modified_gmt":"2025-12-03T17:08:11","slug":"buechertisch","status":"publish","type":"page","link":"https:\/\/heimstatt-tschernobyl.org\/?page_id=149","title":{"rendered":"Medien"},"content":{"rendered":"\n<p class=\"has-medium-font-size\">B\u00fccher und Filme<br>\n<div class='easySpoilerWrapper' style=''>\n<table class='easySpoilerTable' border='0' style='text-align:center;' align='center' bgcolor='FFFFFF' >\n\n<tr style='white-space:normal;'>\n<th class='easySpoilerTitleA' style='white-space:normal;font-weight:normal;text-align:left;vertical-align:middle;font-size:120%;color:#000000;'>Hinrich Herbert R\u00fc\u00dfmeyer - Lepeler Kriegsschicksale<\/th>\n<th class='easySpoilerTitleB'style='text-align:right;vertical-align:middle;font-size:100%; white-space:nowrap;'><a href=''  class='easySpoilerButtonOther' style='font-size:100%;color:#000000;background-color:#fcfcfc;background-image:none;border: 1px inset;border-style:solid;border-color:#cccccc;display:none; margin: 3px 0px 3px; padding: 4px; ' align='right'><\/a><a href='' onclick='wpSpoilerToggle(\"spoilerDiv343d8001\",true,\"Anzeigen\",\"Schliessen\",\"fast\",false); return false;' id='spoilerDiv343d8001_action' class='easySpoilerButton' value=\"Anzeigen\" align='right' style='font-size:100%;color:#000000;background-color:#fcfcfc;background-image:none;border: 1px inset;border-style:solid;border-color:#cccccc; margin: 3px 0px 3px 5px; padding: 4px;'>Anzeigen<\/><\/th>\n<\/tr>\n<tr><td class='easySpoilerRow' colspan='2' style=''><div id='spoilerDiv343d8001' class='easySpoilerSpoils'  style='display:none; white-space:wrap; overflow:auto; vertical-align:middle;'>\n\n\n\n<div class=\"wp-block-image\">\n<figure class=\"alignleft\"><img loading=\"lazy\" decoding=\"async\" width=\"233\" height=\"300\" src=\"http:\/\/heimstatt-tschernobyl.org\/wp-content\/uploads\/2019\/07\/Hinrich_Lepeler-Kriegsschicksale-233x300.jpg\" alt=\"\" class=\"wp-image-547\" srcset=\"https:\/\/heimstatt-tschernobyl.org\/wp-content\/uploads\/2019\/07\/Hinrich_Lepeler-Kriegsschicksale-233x300.jpg 233w, https:\/\/heimstatt-tschernobyl.org\/wp-content\/uploads\/2019\/07\/Hinrich_Lepeler-Kriegsschicksale-209x270.jpg 209w, https:\/\/heimstatt-tschernobyl.org\/wp-content\/uploads\/2019\/07\/Hinrich_Lepeler-Kriegsschicksale.jpg 494w\" sizes=\"auto, (max-width: 233px) 100vw, 233px\" \/><\/figure>\n<\/div>\n\n\n<p>In den Jahren 2002 bis 2012 f\u00fchrte Hinrich R\u00fc\u00dfmeyer Interviews mit Zeitzeugen zum Zweiten Weltkrieg in Wei\u00dfrussland durch. Diese wurden erg\u00e4nzt durch Gespr\u00e4che mit Menschen, die sich in Wei\u00dfrussland mit der Geschichte des Zweiten Weltkrieges besch\u00e4ftigen. Diese Spurensuche fand im Kontext historischer Ergebnisse statt, haben allerdings im heutigen Wei\u00dfrussland unterschiedliche Positionen. Gerade von j\u00fcngeren Wissenschaftlern wird das Bild vom Gro\u00dfen Vaterl\u00e4ndischen Krieg kritisiert. Das deckt sich auch mit der Historiographie in Deutschland.<br>Auf Basis der Spurensuche ist ab 2007 ein freundschaftlicher Kontakt zu den Menschen entstanden, deren Verh\u00e4ltnis zu uns und von uns jahrzehntelang von einer eher feindschaftlichen Sichtweise getragen wurde.<br>So werden in dem vorliegenden Buch einzelne Schicksale aller Opfergruppen, mit Ausnahme von ehemaligen Kollaborateuren, vorgestellt. Da die Gespr\u00e4che zunehmend auch die Umbruchsituation nach dem Zusammenbruch der Sowjetunion im Blick hatten, entstehen in einigen F\u00e4llen Biografien, die auch uns etwas zu sagen haben.<br>Die Recherchen wurden im Zusammenhang mit der Arbeit von Heim-statt Tschernobyl e.V. durchgef\u00fchrt. Deren Hauptaufgabe besteht darin, u.a. in Lepel ein Dorf f\u00fcr Umsiedler-Familien aus den durch die Tschernobyl-Katastrophe kontaminierten Gebieten von Belarus zu errichten. Die Herausgabe dieses Buches wird erm\u00f6glicht durch die Kooperation mit dem Internationalen Bildungs- und Begegnungswerk Dortmund (IBB).<br>Das Buch wird auch vorgelegt in dem Wissen, dass aus den Zeitzeugen zum Zweiten Weltkrieg bald steinerne Zeugen werden, denn schon jetzt sind einige verstorben, andere k\u00f6nnen keine Besuche mehr empfangen.<\/p>\n\n\n\n<p><strong>Bestellungen:<\/strong><br>&#8211; Telefonisch: 0431 28562<br>&#8211; Schriftlich: Hinrich Herbert R\u00fc\u00dfmeyer, Scharkoppel 5D, 24232 Sch\u00f6nkirchen<br>&#8211; Per E-Mail: <a href=\"mailto:ruess.hoff@t-online.de\">ruess.hoff@t-online.de<\/a><br>&#8211; Bei <a href=\"http:\/\/www.amazon.de\/Lepeler-Kriegsschicksale-Zeitzeugengespr%C3%A4che-Spurensuche-Wei%C3%9Frussland\/dp\/3935950128\" target=\"_blank\" rel=\"noreferrer noopener\">Amazon<\/a><br>\n<\/div><\/td><\/tr>\n<\/table>\n<div class='easySpoilerConclude' style=''><table class='easySpoilerTable' border='0' style='text-align:center;' frame='box' align='center' bgcolor='FFFFFF'><tr><th class='easySpoilerEnd' style='width:100%;'><\/th><td class='easySpoilerEnd' style='white-space:nowrap;' colspan='2'><\/td><\/tr><tr><td class='easySpoilerGroupWrapperLastRow' colspan='2' style=''><\/td><\/tr><\/table><\/div>\n<\/div>\n<br>\n<div class='easySpoilerWrapper' style=''>\n<table class='easySpoilerTable' border='0' style='text-align:center;' align='center' bgcolor='FFFFFF' >\n\n<tr style='white-space:normal;'>\n<th class='easySpoilerTitleA' style='white-space:normal;font-weight:normal;text-align:left;vertical-align:middle;font-size:120%;color:#000000;'>Melanie Arndt - Wir mussten v\u00f6llig neu anfangen<\/th>\n<th class='easySpoilerTitleB'style='text-align:right;vertical-align:middle;font-size:100%; white-space:nowrap;'><a href=''  class='easySpoilerButtonOther' style='font-size:100%;color:#000000;background-color:#fcfcfc;background-image:none;border: 1px inset;border-style:solid;border-color:#cccccc;display:none; margin: 3px 0px 3px; padding: 4px; ' align='right'><\/a><a href='' onclick='wpSpoilerToggle(\"spoilerDiv4fd8002\",true,\"Anzeigen\",\"Schliessen\",\"fast\",false); return false;' id='spoilerDiv4fd8002_action' class='easySpoilerButton' value=\"Anzeigen\" align='right' style='font-size:100%;color:#000000;background-color:#fcfcfc;background-image:none;border: 1px inset;border-style:solid;border-color:#cccccc; margin: 3px 0px 3px 5px; padding: 4px;'>Anzeigen<\/><\/th>\n<\/tr>\n<tr><td class='easySpoilerRow' colspan='2' style=''><div id='spoilerDiv4fd8002' class='easySpoilerSpoils'  style='display:none; white-space:wrap; overflow:auto; vertical-align:middle;'>\n\n\n\n<div class=\"wp-block-image\">\n<figure class=\"alignleft\"><img loading=\"lazy\" decoding=\"async\" width=\"191\" height=\"300\" src=\"http:\/\/heimstatt-tschernobyl.org\/wp-content\/uploads\/2019\/07\/Melanie-Arndt_Wir-mussten-v\u00f6llig-neu-anfangen-191x300.jpg\" alt=\"\" class=\"wp-image-548\" srcset=\"https:\/\/heimstatt-tschernobyl.org\/wp-content\/uploads\/2019\/07\/Melanie-Arndt_Wir-mussten-v\u00f6llig-neu-anfangen-191x300.jpg 191w, https:\/\/heimstatt-tschernobyl.org\/wp-content\/uploads\/2019\/07\/Melanie-Arndt_Wir-mussten-v\u00f6llig-neu-anfangen-172x270.jpg 172w, https:\/\/heimstatt-tschernobyl.org\/wp-content\/uploads\/2019\/07\/Melanie-Arndt_Wir-mussten-v\u00f6llig-neu-anfangen.jpg 413w\" sizes=\"auto, (max-width: 191px) 100vw, 191px\" \/><\/figure>\n<\/div>\n\n\n<p><strong>Melanie Arndt, Margarethe Steinhausen (Hg.) &#8211; Wir mussten v\u00f6llig neu anfangen (Opfer der Tschernobylkatastrophe berichten)<\/strong><\/p>\n\n\n\n<p>Anl\u00e4sslich des 25. Jahres nach Tschernobyl hat eine Fachgruppe unter der Leitung der Fernsehjournalistin Margarethe Steinhausen und der Historikerin Dr. Melanie Arndt im Zusammenhang der Workcamps und der Mutter-Kind-Freizeit 40 betroffene Personen \u00fcber deren Erleben der Tschernobyl-Katastrophe befragt und deren Erlebnisse in diesem Buch dokumentiert. Zum Abschluss hat Dietrich von Bodelschwingh die Geschichte von Heim-statt Tschernobyl aus der Sicht seines pers\u00f6nlichen Engagements dargestellt.<br>Ein erstes Zeitzeugen-Dokument, spannend und ergreifend zugleich.<br><br>Bestellung bei <a href=\"http:\/\/www.amazon.de\/Wir-mussten-v%C3%B6llig-anfangen-Tschernobylkatastrophe\/dp\/3785805969\" target=\"_blank\" rel=\"noreferrer noopener\">Amazon<\/a><br>\n<\/div><\/td><\/tr>\n<\/table>\n<div class='easySpoilerConclude' style=''><table class='easySpoilerTable' border='0' style='text-align:center;' frame='box' align='center' bgcolor='FFFFFF'><tr><th class='easySpoilerEnd' style='width:100%;'><\/th><td class='easySpoilerEnd' style='white-space:nowrap;' colspan='2'><\/td><\/tr><tr><td class='easySpoilerGroupWrapperLastRow' colspan='2' style=''><\/td><\/tr><\/table><\/div>\n<\/div>\n<br>\n<div class='easySpoilerWrapper' style=''>\n<table class='easySpoilerTable' border='0' style='text-align:center;' align='center' bgcolor='FFFFFF' >\n\n<tr style='white-space:normal;'>\n<th class='easySpoilerTitleA' style='white-space:normal;font-weight:normal;text-align:left;vertical-align:middle;font-size:120%;color:#000000;'>Ulrike J\u00e4ger - Die vergessenen Frauen vom Narotschsee<\/th>\n<th class='easySpoilerTitleB'style='text-align:right;vertical-align:middle;font-size:100%; white-space:nowrap;'><a href=''  class='easySpoilerButtonOther' style='font-size:100%;color:#000000;background-color:#fcfcfc;background-image:none;border: 1px inset;border-style:solid;border-color:#cccccc;display:none; margin: 3px 0px 3px; padding: 4px; ' align='right'><\/a><a href='' onclick='wpSpoilerToggle(\"spoilerDiv23a78003\",true,\"Anzeigen\",\"Schliessen\",\"fast\",false); return false;' id='spoilerDiv23a78003_action' class='easySpoilerButton' value=\"Anzeigen\" align='right' style='font-size:100%;color:#000000;background-color:#fcfcfc;background-image:none;border: 1px inset;border-style:solid;border-color:#cccccc; margin: 3px 0px 3px 5px; padding: 4px;'>Anzeigen<\/><\/th>\n<\/tr>\n<tr><td class='easySpoilerRow' colspan='2' style=''><div id='spoilerDiv23a78003' class='easySpoilerSpoils'  style='display:none; white-space:wrap; overflow:auto; vertical-align:middle;'>\n\n\n\n<div class=\"wp-block-image\">\n<figure class=\"alignleft\"><img loading=\"lazy\" decoding=\"async\" width=\"188\" height=\"300\" src=\"http:\/\/heimstatt-tschernobyl.org\/wp-content\/uploads\/2019\/07\/UlrikeBuch_Die-vergessenen-Frauen-vom-Narotschsee-188x300.jpg\" alt=\"\" class=\"wp-image-549\" srcset=\"https:\/\/heimstatt-tschernobyl.org\/wp-content\/uploads\/2019\/07\/UlrikeBuch_Die-vergessenen-Frauen-vom-Narotschsee-188x300.jpg 188w, https:\/\/heimstatt-tschernobyl.org\/wp-content\/uploads\/2019\/07\/UlrikeBuch_Die-vergessenen-Frauen-vom-Narotschsee-169x270.jpg 169w, https:\/\/heimstatt-tschernobyl.org\/wp-content\/uploads\/2019\/07\/UlrikeBuch_Die-vergessenen-Frauen-vom-Narotschsee.jpg 297w\" sizes=\"auto, (max-width: 188px) 100vw, 188px\" \/><\/figure>\n<\/div>\n\n\n<p>Jugendliche setzen Zeichen der Vers\u00f6hnung<\/p>\n\n\n\n<p>Eine erste Begegnung mit Frauen aus Wei\u00dfrussland beim gemeinsamen Essen. Eine Frau erz\u00e4hlt von 1943: Ihr Dorf verbrannt von Deutschen, Mutter und Bruder umgebracht &#8211; die Wunden sind bis heute nicht geheilt. Und dann sagt sie: &#8222;Ich werde nur dann etwas essen, wenn Sie mit mir aus einem Teller essen!&#8220; Aus dieser Vers\u00f6hnungsgeste im Lehmh\u00e4userprojekt Drushnaja des &#8222;Heim-statt Tschernobyl e.V.&#8220; entsteht ein Workcamp mit Jugendlichen aus B\u00fcnde. Nach der Devise &#8222;Kennenlernen durch gemeinsames Arbeiten&#8220; renovieren die 13 &#8211; 20j\u00e4hrigen H\u00e4user alleinstehender Frauen in D\u00f6rfern um den Narotsch-See. Sie erfahren die Kriegserlebnisse der alten &#8222;Babuschkas&#8220;, erleben mit Hochachtung Offenheit und Herzlichkeit der fast &#8222;Vergessenen Frauen&#8220; und f\u00fchlen sich darin reich beschenkt: &#8222;Opfer hatten wir uns anders vorgestellt.&#8220;<\/p>\n\n\n\n<p>Bestellung bei&nbsp;<a href=\"http:\/\/www.amazon.de\/Die-vergessenen-Frauen-vom-Narotschsee\/dp\/3785804679\/ref=sr_1_10?ie=UTF8&amp;s=books&amp;qid=1284625805&amp;sr=8-10\" target=\"_blank\" rel=\"noreferrer noopener\"><strong>Amazon<\/strong><\/a><br>Bestellung bei&nbsp;<a href=\"http:\/\/www.zvab.com\/9783785804674\/vergessenen-Frauen-Narotschsee-3785804679\/plp\" target=\"_blank\" rel=\"noreferrer noopener\"><strong>ZVAB.COM<\/strong><\/a><br>\n<\/div><\/td><\/tr>\n<\/table>\n<div class='easySpoilerConclude' style=''><table class='easySpoilerTable' border='0' style='text-align:center;' frame='box' align='center' bgcolor='FFFFFF'><tr><th class='easySpoilerEnd' style='width:100%;'><\/th><td class='easySpoilerEnd' style='white-space:nowrap;' colspan='2'><\/td><\/tr><tr><td class='easySpoilerGroupWrapperLastRow' colspan='2' style=''><\/td><\/tr><\/table><\/div>\n<\/div>\n<br><br>\n<div class='easySpoilerWrapper' style=''>\n<table class='easySpoilerTable' border='0' style='text-align:center;' align='center' bgcolor='FFFFFF' >\n\n<tr style='white-space:normal;'>\n<th class='easySpoilerTitleA' style='white-space:normal;font-weight:normal;text-align:left;vertical-align:middle;font-size:120%;color:#000000;'>Die deutschen sind zur\u00fcck - Der Film<\/th>\n<th class='easySpoilerTitleB'style='text-align:right;vertical-align:middle;font-size:100%; white-space:nowrap;'><a href=''  class='easySpoilerButtonOther' style='font-size:100%;color:#000000;background-color:#fcfcfc;background-image:none;border: 1px inset;border-style:solid;border-color:#cccccc;display:none; margin: 3px 0px 3px; padding: 4px; ' align='right'><\/a><a href='' onclick='wpSpoilerToggle(\"spoilerDiv492b8004\",true,\"Anzeigen\",\"Schliessen\",\"fast\",false); return false;' id='spoilerDiv492b8004_action' class='easySpoilerButton' value=\"Anzeigen\" align='right' style='font-size:100%;color:#000000;background-color:#fcfcfc;background-image:none;border: 1px inset;border-style:solid;border-color:#cccccc; margin: 3px 0px 3px 5px; padding: 4px;'>Anzeigen<\/><\/th>\n<\/tr>\n<tr><td class='easySpoilerRow' colspan='2' style=''><div id='spoilerDiv492b8004' class='easySpoilerSpoils'  style='display:none; white-space:wrap; overflow:auto; vertical-align:middle;'>\n\n\n\n<div class=\"wp-block-image size-medium wp-image-1063\">\n<figure class=\"alignleft\"><img loading=\"lazy\" decoding=\"async\" width=\"300\" height=\"200\" src=\"http:\/\/heimstatt-tschernobyl.org\/wp-content\/uploads\/2019\/08\/ak-2015-dvd-1-300x200.jpg\" alt=\"\" class=\"wp-image-1063\" srcset=\"https:\/\/heimstatt-tschernobyl.org\/wp-content\/uploads\/2019\/08\/ak-2015-dvd-1-300x200.jpg 300w, https:\/\/heimstatt-tschernobyl.org\/wp-content\/uploads\/2019\/08\/ak-2015-dvd-1-768x512.jpg 768w, https:\/\/heimstatt-tschernobyl.org\/wp-content\/uploads\/2019\/08\/ak-2015-dvd-1-1024x683.jpg 1024w\" sizes=\"auto, (max-width: 300px) 100vw, 300px\" \/><figcaption class=\"wp-element-caption\"><strong>Kirchenkreis Herford, DVD, Wei\u00dfrussland, Film, CVJM B\u00fcnde, Ulrike Jaeger<\/strong><\/figcaption><\/figure>\n<\/div>\n\n\n<p>Seit 17 Jahren f\u00e4hrt Ulrike Jaeger mit Jugendlichen in den Sommerferien nach Wei\u00dfrussland. Gemeinsam mit gleichaltrigen Wei\u00dfrussen renovieren die Jugendlichen bauf\u00e4llige H\u00e4user \u00e4lterer Menschen auf dem Lande und lernen sie das einfache Leben in der Provinz eines weitgehend unbekannten Landes kennen. F\u00fcr die jungen Deutschen ist es meist die erste gr\u00f6\u00dfere Reise, die nicht nur in eine andere Welt f\u00fchrt, sondern auch in eine andere Zeit. Sie begegnen M\u00e4nnern und Frauen, deren Erinnerungen an den Zweiten Weltkrieg noch sehr lebendig sind.<\/p>\n\n\n\n<p>\u201eJetzt sind die Deutschen zur\u00fcck\u201c, hei\u00dft es bei den Alten, die oft das erste Mal nach Kriegsende wieder Ber\u00fchrung mit Deutschen haben.<br>Diesmal bringen sie allerdings keine Zerst\u00f6rung wie die Generationen ihrer Vorfahren \u2013 sondern bauen H\u00e4user neu auf.<br>Damit verbessern sie das Leben ihrer freundlichen Gastgeber, die ihre Urgro\u00dfeltern sein k\u00f6nnten.<\/p>\n\n\n\n<p>Der Film ist auf DVD zum Preis von 14.90 EURO erh\u00e4ltlich.<\/p>\n\n\n\n<p><a href=\"https:\/\/vimeo.com\/82307454\" target=\"_blank\" rel=\"noreferrer noopener\">5-min\u00fctiger Teaser zum Film<\/a><\/p>\n\n\n\n<p>Bezugsquellen:<br>B\u00fcro der Evangelischen Jugend B\u00fcnde-Ost<br>Wehmstra\u00dfe 7<br>32257 B\u00fcnde<br>E-Mail:&nbsp;<a href=\"mailto:u.jaeger@ev-jugend-buende-ost.de\">u.jaeger@ev-jugend-buende-ost.de<\/a><\/p>\n\n\n\n<p>oder<\/p>\n\n\n\n<p>Heim-statt Tschernobyl e.V.<br>Zentrale Gesch\u00e4ftsstelle<br>Rechbergstra\u00dfe 16<br>71088 Holzgerlingen<br>Telefon:&nbsp;07031 414269<br>E-Mail:&nbsp;<a href=\"mailto:kontakt@heimstatt-tschernobyl.org\">kontakt@heimstatt-tschernobyl.org<\/a><br>\n<\/div><\/td><\/tr>\n<\/table>\n<div class='easySpoilerConclude' style=''><table class='easySpoilerTable' border='0' style='text-align:center;' frame='box' align='center' bgcolor='FFFFFF'><tr><th class='easySpoilerEnd' style='width:100%;'><\/th><td class='easySpoilerEnd' style='white-space:nowrap;' colspan='2'><\/td><\/tr><tr><td class='easySpoilerGroupWrapperLastRow' colspan='2' style=''><\/td><\/tr><\/table><\/div>\n<\/div>\n\n\n\n\n<p class=\"has-medium-font-size\"><br><br><strong>Videos<\/strong><br>Hier werden externe Inhalte des Drittanbieters \u201e<em>Google \u2013 YouTube<\/em>\u201c bereitgestellt. Mit Aktivierung des Dienstes stimmen Sie der in unserer <a href=\"https:\/\/heimstatt-tschernobyl.org\/?page_id=6959\" data-type=\"page\" data-id=\"6959\">Datenschutzinformation<\/a> beschriebenen Datenverarbeitung zu.<\/p>\n\n\n\n<p class=\"has-medium-font-size\"><\/p>\n\n\n\n<p><a href=\"https:\/\/www.youtube.com\/watch?v=odUVnkzcPJc\" target=\"_blank\" rel=\"noreferrer noopener\"><img loading=\"lazy\" decoding=\"async\" width=\"20\" height=\"14\" class=\"wp-image-6013\" style=\"width: 20px;\" src=\"https:\/\/heimstatt-tschernobyl.org\/wp-content\/uploads\/2024\/03\/youtube-1495277.png\" alt=\"\" srcset=\"https:\/\/heimstatt-tschernobyl.org\/wp-content\/uploads\/2024\/03\/youtube-1495277.png 2400w, https:\/\/heimstatt-tschernobyl.org\/wp-content\/uploads\/2024\/03\/youtube-1495277-300x209.png 300w, https:\/\/heimstatt-tschernobyl.org\/wp-content\/uploads\/2024\/03\/youtube-1495277-1024x715.png 1024w, https:\/\/heimstatt-tschernobyl.org\/wp-content\/uploads\/2024\/03\/youtube-1495277-768x536.png 768w, https:\/\/heimstatt-tschernobyl.org\/wp-content\/uploads\/2024\/03\/youtube-1495277-1536x1072.png 1536w, https:\/\/heimstatt-tschernobyl.org\/wp-content\/uploads\/2024\/03\/youtube-1495277-2048x1429.png 2048w\" sizes=\"auto, (max-width: 20px) 100vw, 20px\" \/><\/a> <strong><a href=\"https:\/\/www.youtube.com\/watch?v=odUVnkzcPJc\" target=\"_blank\" rel=\"noreferrer noopener\">Interview mit Edeltraud und Christof Schill<\/a><\/strong> &#8211; Transparenz.tv<\/p>\n\n\n\n<p><a href=\"https:\/\/youtu.be\/YMnFK3UU5qY\" target=\"_blank\" rel=\"noreferrer noopener\"><img loading=\"lazy\" decoding=\"async\" width=\"20\" height=\"14\" class=\"wp-image-6013\" style=\"width: 20px;\" src=\"https:\/\/heimstatt-tschernobyl.org\/wp-content\/uploads\/2024\/03\/youtube-1495277.png\" alt=\"\" srcset=\"https:\/\/heimstatt-tschernobyl.org\/wp-content\/uploads\/2024\/03\/youtube-1495277.png 2400w, https:\/\/heimstatt-tschernobyl.org\/wp-content\/uploads\/2024\/03\/youtube-1495277-300x209.png 300w, https:\/\/heimstatt-tschernobyl.org\/wp-content\/uploads\/2024\/03\/youtube-1495277-1024x715.png 1024w, https:\/\/heimstatt-tschernobyl.org\/wp-content\/uploads\/2024\/03\/youtube-1495277-768x536.png 768w, https:\/\/heimstatt-tschernobyl.org\/wp-content\/uploads\/2024\/03\/youtube-1495277-1536x1072.png 1536w, https:\/\/heimstatt-tschernobyl.org\/wp-content\/uploads\/2024\/03\/youtube-1495277-2048x1429.png 2048w\" sizes=\"auto, (max-width: 20px) 100vw, 20px\" \/><\/a>  <a aria-label=\" (\u00f6ffnet in neuem Tab)\" href=\"https:\/\/youtu.be\/YMnFK3UU5qY\" target=\"_blank\" rel=\"noreferrer noopener\"><strong>Workcamp Drushnaja 2019<\/strong><\/a><\/p>\n\n\n\n<p><a href=\"https:\/\/www.youtube.com\/watch?v=KcF2Rdx49Nc\" target=\"_blank\" rel=\"noreferrer noopener\"><img loading=\"lazy\" decoding=\"async\" width=\"20\" height=\"14\" class=\"wp-image-6013\" style=\"width: 20px;\" src=\"https:\/\/heimstatt-tschernobyl.org\/wp-content\/uploads\/2024\/03\/youtube-1495277.png\" alt=\"\" srcset=\"https:\/\/heimstatt-tschernobyl.org\/wp-content\/uploads\/2024\/03\/youtube-1495277.png 2400w, https:\/\/heimstatt-tschernobyl.org\/wp-content\/uploads\/2024\/03\/youtube-1495277-300x209.png 300w, https:\/\/heimstatt-tschernobyl.org\/wp-content\/uploads\/2024\/03\/youtube-1495277-1024x715.png 1024w, https:\/\/heimstatt-tschernobyl.org\/wp-content\/uploads\/2024\/03\/youtube-1495277-768x536.png 768w, https:\/\/heimstatt-tschernobyl.org\/wp-content\/uploads\/2024\/03\/youtube-1495277-1536x1072.png 1536w, https:\/\/heimstatt-tschernobyl.org\/wp-content\/uploads\/2024\/03\/youtube-1495277-2048x1429.png 2048w\" sizes=\"auto, (max-width: 20px) 100vw, 20px\" \/><\/a>  <strong><a aria-label=\"Stari Lepel 2017 (\u00f6ffnet in neuem Tab)\" href=\"https:\/\/www.youtube.com\/watch?v=KcF2Rdx49Nc\" target=\"_blank\" rel=\"noreferrer noopener\">Workcamp Stari Lepel 2017<\/a><\/strong><\/p>\n\n\n\n<p><a href=\"https:\/\/youtu.be\/rxA4HFkl-W8\" target=\"_blank\" rel=\"noreferrer noopener\"><img loading=\"lazy\" decoding=\"async\" width=\"20\" height=\"14\" class=\"wp-image-6013\" style=\"width: 20px;\" src=\"https:\/\/heimstatt-tschernobyl.org\/wp-content\/uploads\/2024\/03\/youtube-1495277.png\" alt=\"\" srcset=\"https:\/\/heimstatt-tschernobyl.org\/wp-content\/uploads\/2024\/03\/youtube-1495277.png 2400w, https:\/\/heimstatt-tschernobyl.org\/wp-content\/uploads\/2024\/03\/youtube-1495277-300x209.png 300w, https:\/\/heimstatt-tschernobyl.org\/wp-content\/uploads\/2024\/03\/youtube-1495277-1024x715.png 1024w, https:\/\/heimstatt-tschernobyl.org\/wp-content\/uploads\/2024\/03\/youtube-1495277-768x536.png 768w, https:\/\/heimstatt-tschernobyl.org\/wp-content\/uploads\/2024\/03\/youtube-1495277-1536x1072.png 1536w, https:\/\/heimstatt-tschernobyl.org\/wp-content\/uploads\/2024\/03\/youtube-1495277-2048x1429.png 2048w\" sizes=\"auto, (max-width: 20px) 100vw, 20px\" \/><\/a>  <strong><a aria-label=\" (\u00f6ffnet in neuem Tab)\" href=\"https:\/\/youtu.be\/rxA4HFkl-W8\" target=\"_blank\" rel=\"noreferrer noopener\">Workcamp Drushnaja 2016<\/a><\/strong><\/p>\n","protected":false},"excerpt":{"rendered":"<p>B\u00fccher und Filme VideosHier werden externe Inhalte des Drittanbieters \u201eGoogle \u2013 YouTube\u201c bereitgestellt. Mit Aktivierung des Dienstes stimmen Sie der in unserer Datenschutzinformation beschriebenen Datenverarbeitung zu. Interview mit Edeltraud und Christof Schill &#8211; Transparenz.tv Workcamp Drushnaja 2019 Workcamp Stari Lepel 2017 Workcamp Drushnaja 2016<\/p>\n","protected":false},"author":1,"featured_media":0,"parent":0,"menu_order":0,"comment_status":"closed","ping_status":"closed","template":"","meta":{"iawp_total_views":41,"_mc_calendar":[],"footnotes":""},"class_list":["entry","page","publish","author-ewald","post-149"],"_links":{"self":[{"href":"https:\/\/heimstatt-tschernobyl.org\/index.php?rest_route=\/wp\/v2\/pages\/149","targetHints":{"allow":["GET"]}}],"collection":[{"href":"https:\/\/heimstatt-tschernobyl.org\/index.php?rest_route=\/wp\/v2\/pages"}],"about":[{"href":"https:\/\/heimstatt-tschernobyl.org\/index.php?rest_route=\/wp\/v2\/types\/page"}],"author":[{"embeddable":true,"href":"https:\/\/heimstatt-tschernobyl.org\/index.php?rest_route=\/wp\/v2\/users\/1"}],"replies":[{"embeddable":true,"href":"https:\/\/heimstatt-tschernobyl.org\/index.php?rest_route=%2Fwp%2Fv2%2Fcomments&post=149"}],"version-history":[{"count":51,"href":"https:\/\/heimstatt-tschernobyl.org\/index.php?rest_route=\/wp\/v2\/pages\/149\/revisions"}],"predecessor-version":[{"id":10903,"href":"https:\/\/heimstatt-tschernobyl.org\/index.php?rest_route=\/wp\/v2\/pages\/149\/revisions\/10903"}],"wp:attachment":[{"href":"https:\/\/heimstatt-tschernobyl.org\/index.php?rest_route=%2Fwp%2Fv2%2Fmedia&parent=149"}],"curies":[{"name":"wp","href":"https:\/\/api.w.org\/{rel}","templated":true}]}}