{"id":158,"date":"2019-05-25T17:09:39","date_gmt":"2019-05-25T15:09:39","guid":{"rendered":"http:\/\/localhost\/wp_hst\/wordpress\/?page_id=158"},"modified":"2024-03-19T22:47:58","modified_gmt":"2024-03-19T21:47:58","slug":"workcamps","status":"publish","type":"page","link":"https:\/\/heimstatt-tschernobyl.org\/?page_id=158","title":{"rendered":"Workcamps"},"content":{"rendered":"\n<p><\/p>\n\n\n<figure class=\"wp-block-image size-large is-resized is-style-default\"><img loading=\"lazy\" decoding=\"async\" width=\"1024\" height=\"678\" class=\"wp-image-1219\" style=\"width: 588px; height: 389px;\" src=\"http:\/\/heimstatt-tschernobyl.org\/wp-content\/uploads\/2019\/11\/c19_Gruppenbild-1024x678.jpg\" alt=\"\" srcset=\"https:\/\/heimstatt-tschernobyl.org\/wp-content\/uploads\/2019\/11\/c19_Gruppenbild-1024x678.jpg 1024w, https:\/\/heimstatt-tschernobyl.org\/wp-content\/uploads\/2019\/11\/c19_Gruppenbild-300x199.jpg 300w, https:\/\/heimstatt-tschernobyl.org\/wp-content\/uploads\/2019\/11\/c19_Gruppenbild-768x509.jpg 768w\" sizes=\"auto, (max-width: 1024px) 100vw, 1024px\" \/><figcaption class=\"wp-element-caption\">Workcamp 2019<\/figcaption><\/figure>\n\n\n<p>Seit 1991 fahren j\u00e4hrlich in den Sommermonaten Gruppen  freiwilliger Helfer\/innen aus Deutschland f\u00fcr 3 Wochen nach Belarus  und errichten im nicht-kontaminierten Norden gemeinsam mit betroffenen  Familien jeweils ein neues Haus. Wesentlicher Bestandteil des Konzeptes  ist die \u00f6kologische Bauweise und der verantwortungsvolle Umgang mit  Energie: Die Umsiedlungsh\u00e4user werden in Lehmbauweise errichtet und mit  Schilfplatten isoliert, die vor Ort selbst produziert werden.<br>Inzwischen sind insgesamt 57 Wohnh\u00e4user in Drushnaja und Stari-Lepel  entstanden. Dazu wurde in Drushnaja eine Ambulanz und ein  Gemeinschaftshaus mit B\u00fcro von \u00d6koDomStroj erbaut. Und in Lepel wurde  auch eine Ambulanz, sowie ein Haus der Begegnung und eine  Behindertenwerkstatt errichtet. Zudem wurde in Minsk ein B\u00fcro f\u00fcr die  Partnerorganisation errichtet.<br>Das gemeinsame Bauen mit bisher \u00fcber 1.500  Freiwilligen aus Belarus und Deutschland stiftete Freundschaften  und erm\u00f6glichte immer neue vers\u00f6hnende Begegnungen.<br><br>\n<div class='easySpoilerWrapper' style=''>\n<table class='easySpoilerTable' border='0' style='text-align:center;' align='center' bgcolor='FFFFFF' >\n\n<tr style='white-space:normal;'>\n<th class='easySpoilerTitleA' style='white-space:normal;font-weight:normal;text-align:left;vertical-align:middle;font-size:120%;color:#000000;'>Videos zu Workcamps<\/th>\n<th class='easySpoilerTitleB'style='text-align:right;vertical-align:middle;font-size:100%; white-space:nowrap;'><a href=''  class='easySpoilerButtonOther' style='font-size:100%;color:#000000;background-color:#fcfcfc;background-image:none;border: 1px inset;border-style:solid;border-color:#cccccc;display:none; margin: 3px 0px 3px; padding: 4px; ' align='right'><\/a><a href='' onclick='wpSpoilerToggle(\"spoilerDiv24098001\",true,\"Anzeigen\",\"Schliessen\",\"fast\",false); return false;' id='spoilerDiv24098001_action' class='easySpoilerButton' value=\"Anzeigen\" align='right' style='font-size:100%;color:#000000;background-color:#fcfcfc;background-image:none;border: 1px inset;border-style:solid;border-color:#cccccc; margin: 3px 0px 3px 5px; padding: 4px;'>Anzeigen<\/><\/th>\n<\/tr>\n<tr><td class='easySpoilerRow' colspan='2' style=''><div id='spoilerDiv24098001' class='easySpoilerSpoils'  style='display:none; white-space:wrap; overflow:auto; vertical-align:middle;'>\n<br>Drushnaja 2019 <a href=\"http:\/\/youtube.com\/watch?v=YMnFK3UU5qY\"><img loading=\"lazy\" decoding=\"async\" width=\"30\" height=\"21\" class=\"wp-image-6013\" style=\"width: 30px;\" src=\"https:\/\/heimstatt-tschernobyl.org\/wp-content\/uploads\/2024\/03\/youtube-1495277.png\" alt=\"\" srcset=\"https:\/\/heimstatt-tschernobyl.org\/wp-content\/uploads\/2024\/03\/youtube-1495277.png 2400w, https:\/\/heimstatt-tschernobyl.org\/wp-content\/uploads\/2024\/03\/youtube-1495277-300x209.png 300w, https:\/\/heimstatt-tschernobyl.org\/wp-content\/uploads\/2024\/03\/youtube-1495277-1024x715.png 1024w, https:\/\/heimstatt-tschernobyl.org\/wp-content\/uploads\/2024\/03\/youtube-1495277-768x536.png 768w, https:\/\/heimstatt-tschernobyl.org\/wp-content\/uploads\/2024\/03\/youtube-1495277-1536x1072.png 1536w, https:\/\/heimstatt-tschernobyl.org\/wp-content\/uploads\/2024\/03\/youtube-1495277-2048x1429.png 2048w\" sizes=\"auto, (max-width: 30px) 100vw, 30px\" \/><\/a><br>Stari Lepel 2017\u00a0<a href=\"http:\/\/youtube.com\/watch?v=KcF2Rdx49Nc\"><img loading=\"lazy\" decoding=\"async\" width=\"30\" height=\"21\" class=\"wp-image-6013\" style=\"width: 30px;\" src=\"https:\/\/heimstatt-tschernobyl.org\/wp-content\/uploads\/2024\/03\/youtube-1495277.png\" alt=\"\" srcset=\"https:\/\/heimstatt-tschernobyl.org\/wp-content\/uploads\/2024\/03\/youtube-1495277.png 2400w, https:\/\/heimstatt-tschernobyl.org\/wp-content\/uploads\/2024\/03\/youtube-1495277-300x209.png 300w, https:\/\/heimstatt-tschernobyl.org\/wp-content\/uploads\/2024\/03\/youtube-1495277-1024x715.png 1024w, https:\/\/heimstatt-tschernobyl.org\/wp-content\/uploads\/2024\/03\/youtube-1495277-768x536.png 768w, https:\/\/heimstatt-tschernobyl.org\/wp-content\/uploads\/2024\/03\/youtube-1495277-1536x1072.png 1536w, https:\/\/heimstatt-tschernobyl.org\/wp-content\/uploads\/2024\/03\/youtube-1495277-2048x1429.png 2048w\" sizes=\"auto, (max-width: 30px) 100vw, 30px\" \/><\/a><br>Drushnaja 2016 <a href=\"http:\/\/youtube.com\/watch?v=rxA4HFkl-W8\"><img loading=\"lazy\" decoding=\"async\" width=\"30\" height=\"21\" class=\"wp-image-6013\" style=\"width: 30px;\" src=\"https:\/\/heimstatt-tschernobyl.org\/wp-content\/uploads\/2024\/03\/youtube-1495277.png\" alt=\"\" srcset=\"https:\/\/heimstatt-tschernobyl.org\/wp-content\/uploads\/2024\/03\/youtube-1495277.png 2400w, https:\/\/heimstatt-tschernobyl.org\/wp-content\/uploads\/2024\/03\/youtube-1495277-300x209.png 300w, https:\/\/heimstatt-tschernobyl.org\/wp-content\/uploads\/2024\/03\/youtube-1495277-1024x715.png 1024w, https:\/\/heimstatt-tschernobyl.org\/wp-content\/uploads\/2024\/03\/youtube-1495277-768x536.png 768w, https:\/\/heimstatt-tschernobyl.org\/wp-content\/uploads\/2024\/03\/youtube-1495277-1536x1072.png 1536w, https:\/\/heimstatt-tschernobyl.org\/wp-content\/uploads\/2024\/03\/youtube-1495277-2048x1429.png 2048w\" sizes=\"auto, (max-width: 30px) 100vw, 30px\" \/><\/a><br>\n<\/div><\/td><\/tr>\n<\/table>\n<div class='easySpoilerConclude' style=''><table class='easySpoilerTable' border='0' style='text-align:center;' frame='box' align='center' bgcolor='FFFFFF'><tr><th class='easySpoilerEnd' style='width:100%;'><\/th><td class='easySpoilerEnd' style='white-space:nowrap;' colspan='2'><\/td><\/tr><tr><td class='easySpoilerGroupWrapperLastRow' colspan='2' style=''><\/td><\/tr><\/table><\/div>\n<\/div>\n\n\n\n\n<p><br><strong><a href=\"http:\/\/heimstatt-tschernobyl.org\/?page_id=169\">Workcamp-Historie<\/a><\/strong><br> <br>Durch die Bau-Camps haben sich weitere Initiativen gebildet, die sich zu  einem Netzwerk von pers\u00f6nlichen Hilfen und Strukturprogrammen  zusammengeschlossen haben. In Deutschland \u201eHeim-statt Tschernobyl e.V.\u201c  und in Belarus als \u201eIggV \u00d6koBau\u201c.<\/p>\n\n\n\n<p class=\"has-medium-font-size\"><strong><a href=\"https:\/\/heimstatt-tschernobyl.org\/?page_id=802\">Wie kann ICH bei den Workcamps mitmachen?<\/a><\/strong><\/p>\n\n\n\n<p><\/p>\n","protected":false},"excerpt":{"rendered":"<p>Workcamp 2019 Seit 1991 fahren j\u00e4hrlich in den Sommermonaten Gruppen freiwilliger Helfer\/innen aus Deutschland f\u00fcr 3 Wochen nach Belarus und errichten im nicht-kontaminierten Norden gemeinsam mit betroffenen Familien jeweils ein neues Haus. Wesentlicher Bestandteil des Konzeptes ist die \u00f6kologische Bauweise und der verantwortungsvolle Umgang mit Energie: Die Umsiedlungsh\u00e4user werden in Lehmbauweise errichtet und mit Schilfplatten &#8230; <span class=\"more\"><a class=\"more-link\" href=\"https:\/\/heimstatt-tschernobyl.org\/?page_id=158\">[Read more&#8230;]<\/a><\/span><\/p>\n","protected":false},"author":1,"featured_media":0,"parent":0,"menu_order":0,"comment_status":"closed","ping_status":"closed","template":"","meta":{"iawp_total_views":176,"_mc_calendar":[],"footnotes":""},"class_list":["entry","page","publish","author-ewald","post-158"],"_links":{"self":[{"href":"https:\/\/heimstatt-tschernobyl.org\/index.php?rest_route=\/wp\/v2\/pages\/158","targetHints":{"allow":["GET"]}}],"collection":[{"href":"https:\/\/heimstatt-tschernobyl.org\/index.php?rest_route=\/wp\/v2\/pages"}],"about":[{"href":"https:\/\/heimstatt-tschernobyl.org\/index.php?rest_route=\/wp\/v2\/types\/page"}],"author":[{"embeddable":true,"href":"https:\/\/heimstatt-tschernobyl.org\/index.php?rest_route=\/wp\/v2\/users\/1"}],"replies":[{"embeddable":true,"href":"https:\/\/heimstatt-tschernobyl.org\/index.php?rest_route=%2Fwp%2Fv2%2Fcomments&post=158"}],"version-history":[{"count":22,"href":"https:\/\/heimstatt-tschernobyl.org\/index.php?rest_route=\/wp\/v2\/pages\/158\/revisions"}],"predecessor-version":[{"id":6129,"href":"https:\/\/heimstatt-tschernobyl.org\/index.php?rest_route=\/wp\/v2\/pages\/158\/revisions\/6129"}],"wp:attachment":[{"href":"https:\/\/heimstatt-tschernobyl.org\/index.php?rest_route=%2Fwp%2Fv2%2Fmedia&parent=158"}],"curies":[{"name":"wp","href":"https:\/\/api.w.org\/{rel}","templated":true}]}}