{"id":162,"date":"2019-05-25T17:12:44","date_gmt":"2019-05-25T15:12:44","guid":{"rendered":"http:\/\/localhost\/wp_hst\/wordpress\/?page_id=162"},"modified":"2023-02-26T15:43:28","modified_gmt":"2023-02-26T14:43:28","slug":"projekte","status":"publish","type":"page","link":"https:\/\/heimstatt-tschernobyl.org\/?page_id=162","title":{"rendered":"Projekte"},"content":{"rendered":"\n<p><strong>H\u00c4USERBAU<\/strong><br><strong><a href=\"https:\/\/heimstatt-tschernobyl.org\/?page_id=254\">Haus der Begegnung<\/a><\/strong><\/p>\n\n\n\n<p><strong>VERS\u00d6HNUNG UND PERS\u00d6NLICHE HILFEN<\/strong><br><strong><a href=\"https:\/\/heimstatt-tschernobyl.org\/?page_id=469\">Historische Aufarbeitung<\/a><\/strong><\/p>\n\n\n\n<p><strong>STRUKTURELL &#8211; \u00d6KOLOGISCHE HILFEN als Zeichen gegen Tschernobyl<\/strong><br><strong><a href=\"https:\/\/heimstatt-tschernobyl.org\/?page_id=391\">\u00d6kologische Kl\u00e4ranlage<\/a><\/strong> <br><strong><a href=\"https:\/\/heimstatt-tschernobyl.org\/?page_id=1407\">Pflanzenkl\u00e4ranlage<\/a><\/strong><br><strong><a href=\"https:\/\/heimstatt-tschernobyl.org\/?page_id=579\">Windkraftanlagen<\/a><\/strong><br><strong><a href=\"https:\/\/heimstatt-tschernobyl.org\/?page_id=582\">Schilfplattenproduktion<\/a><\/strong><br><a href=\"https:\/\/heimstatt-tschernobyl.org\/?page_id=4297\"><strong>F\u00f6rderprogramm \u201eSonnencent\u201c<\/strong><\/a>  gef\u00f6rdert durch die <a rel=\"noreferrer noopener\" href=\"https:\/\/www.ews-schoenau.de\/\" target=\"_blank\">EWS Sch\u00f6nau<\/a><\/p>\n\n\n\n<p><\/p>\n\n\n\n<p><strong>INTEGRATION der neuen D\u00f6rfer in die bestehenden D\u00f6rfer und St\u00e4dte<\/strong><br><strong><a href=\"http:\/\/heimstatt-tschernobyl.org\/?page_id=259\">Ambulanz<\/a><a href=\"https:\/\/heimstatt-tschernobyl.org\/?page_id=259\">zentrum Sanarotsch<\/a><\/strong><br><strong><a href=\"https:\/\/heimstatt-tschernobyl.org\/?page_id=261\">Ambulanzzentrum Starij-Lepel<\/a><\/strong><br><strong><a href=\"https:\/\/heimstatt-tschernobyl.org\/?page_id=245\">Zentrum f\u00fcr Menschen mit Behinderung<\/a><\/strong><\/p>\n\n\n\n<p><strong>JUGEND-WORKCAMP<\/strong><br><strong><a href=\"https:\/\/www.ijwc.org\/\" target=\"_blank\" rel=\"noreferrer noopener\">Internationales Jugend-Workcamp<\/a><\/strong><\/p>\n\n\n\n<p><strong>VERSCHIEDENE<\/strong><br><a href=\"https:\/\/heimstatt-tschernobyl.org\/?page_id=4224\"><strong>Schutz und Erhalt der Wasserressourcen in Belarus<\/strong><\/a>  <br>gef\u00f6rdert duch <img loading=\"lazy\" decoding=\"async\" width=\"150\" height=\"81\" class=\"wp-image-4258\" style=\"width: 150px;\" src=\"https:\/\/heimstatt-tschernobyl.org\/wp-content\/uploads\/2023\/02\/AA_Logo_small.png\" alt=\"\" srcset=\"https:\/\/heimstatt-tschernobyl.org\/wp-content\/uploads\/2023\/02\/AA_Logo_small.png 1014w, https:\/\/heimstatt-tschernobyl.org\/wp-content\/uploads\/2023\/02\/AA_Logo_small-300x162.png 300w, https:\/\/heimstatt-tschernobyl.org\/wp-content\/uploads\/2023\/02\/AA_Logo_small-768x414.png 768w\" sizes=\"auto, (max-width: 150px) 100vw, 150px\" \/>     <img loading=\"lazy\" decoding=\"async\" width=\"150\" height=\"43\" class=\"wp-image-4271\" style=\"width: 150px;\" src=\"https:\/\/heimstatt-tschernobyl.org\/wp-content\/uploads\/2023\/02\/CSC-Logo.png\" alt=\"\" srcset=\"https:\/\/heimstatt-tschernobyl.org\/wp-content\/uploads\/2023\/02\/CSC-Logo.png 2233w, https:\/\/heimstatt-tschernobyl.org\/wp-content\/uploads\/2023\/02\/CSC-Logo-300x87.png 300w, https:\/\/heimstatt-tschernobyl.org\/wp-content\/uploads\/2023\/02\/CSC-Logo-1024x297.png 1024w, https:\/\/heimstatt-tschernobyl.org\/wp-content\/uploads\/2023\/02\/CSC-Logo-768x223.png 768w, https:\/\/heimstatt-tschernobyl.org\/wp-content\/uploads\/2023\/02\/CSC-Logo-1536x445.png 1536w, https:\/\/heimstatt-tschernobyl.org\/wp-content\/uploads\/2023\/02\/CSC-Logo-2048x593.png 2048w\" sizes=\"auto, (max-width: 150px) 100vw, 150px\" \/><\/p>\n","protected":false},"excerpt":{"rendered":"<p>H\u00c4USERBAUHaus der Begegnung VERS\u00d6HNUNG UND PERS\u00d6NLICHE HILFENHistorische Aufarbeitung STRUKTURELL &#8211; \u00d6KOLOGISCHE HILFEN als Zeichen gegen Tschernobyl\u00d6kologische Kl\u00e4ranlage Pflanzenkl\u00e4ranlageWindkraftanlagenSchilfplattenproduktionF\u00f6rderprogramm \u201eSonnencent\u201c gef\u00f6rdert durch die EWS Sch\u00f6nau INTEGRATION der neuen D\u00f6rfer in die bestehenden D\u00f6rfer und St\u00e4dteAmbulanzzentrum SanarotschAmbulanzzentrum Starij-LepelZentrum f\u00fcr Menschen mit Behinderung JUGEND-WORKCAMPInternationales Jugend-Workcamp VERSCHIEDENESchutz und Erhalt der Wasserressourcen in Belarus gef\u00f6rdert duch<\/p>\n","protected":false},"author":1,"featured_media":0,"parent":0,"menu_order":0,"comment_status":"closed","ping_status":"closed","template":"","meta":{"iawp_total_views":264,"_mc_calendar":[],"footnotes":""},"class_list":["entry","page","publish","author-ewald","post-162"],"_links":{"self":[{"href":"https:\/\/heimstatt-tschernobyl.org\/index.php?rest_route=\/wp\/v2\/pages\/162","targetHints":{"allow":["GET"]}}],"collection":[{"href":"https:\/\/heimstatt-tschernobyl.org\/index.php?rest_route=\/wp\/v2\/pages"}],"about":[{"href":"https:\/\/heimstatt-tschernobyl.org\/index.php?rest_route=\/wp\/v2\/types\/page"}],"author":[{"embeddable":true,"href":"https:\/\/heimstatt-tschernobyl.org\/index.php?rest_route=\/wp\/v2\/users\/1"}],"replies":[{"embeddable":true,"href":"https:\/\/heimstatt-tschernobyl.org\/index.php?rest_route=%2Fwp%2Fv2%2Fcomments&post=162"}],"version-history":[{"count":30,"href":"https:\/\/heimstatt-tschernobyl.org\/index.php?rest_route=\/wp\/v2\/pages\/162\/revisions"}],"predecessor-version":[{"id":4315,"href":"https:\/\/heimstatt-tschernobyl.org\/index.php?rest_route=\/wp\/v2\/pages\/162\/revisions\/4315"}],"wp:attachment":[{"href":"https:\/\/heimstatt-tschernobyl.org\/index.php?rest_route=%2Fwp%2Fv2%2Fmedia&parent=162"}],"curies":[{"name":"wp","href":"https:\/\/api.w.org\/{rel}","templated":true}]}}