{"id":261,"date":"2019-05-30T10:30:20","date_gmt":"2019-05-30T08:30:20","guid":{"rendered":"http:\/\/localhost\/wp_hst\/wordpress\/?page_id=261"},"modified":"2024-04-20T13:57:12","modified_gmt":"2024-04-20T11:57:12","slug":"ambulanzzentrum-2","status":"publish","type":"page","link":"https:\/\/heimstatt-tschernobyl.org\/?page_id=261","title":{"rendered":"Ambulanzzentrum Starij-Lepel"},"content":{"rendered":"\n<h4 class=\"wp-block-heading\">2. Ambulanzzentrum (FAP) eingeweiht<\/h4>\n\n\n\n<p>Nach mehrj\u00e4hrigen \u00dcberlegungen, Planungen, Verhandlungen  sowie Finanzierungsbem\u00fchungen konnten wir am 7.10.2013 dieses neue  Projekt mit einer Feier festlich einweihen. Die Finanzierung gelang  durch die au\u00dferordentlichen Bem\u00fchungen unseres Freundes und  \u00d6koDom-Vorsitzenden Dr. Bernd Kemper (Rotary Deutschland Gemeindienst  e.V., Heim-statt Tschernobyl e.V. und den belarussischen Beh\u00f6rden). Es  handelt sich um ein kleines medizinisches Zentrum mit  Dr. Unkowskij als Arzt und einer Feldscherin  als Leiterin f\u00fcr die Basisversorgung der Bev\u00f6lkerung unseres  Umsiedlerdorfes Stari Lepel und die Bev\u00f6lkerung der Nachbard\u00f6rfer.<\/p>\n\n\n\n\n<div class=\"gdgallery-gallery-container\" id=\"gdgallery-container-18\" data-id=\"18\">\n    \n<div id=\"gdgallery_container_18\" style=\"display:none;\" data-view=\"carousel\">\n            <a href=\"\">\n            <img decoding=\"async\" alt=\"Ambulanzzentrum Starij-Lepel1\"\n                 data-type=\"image\"\n                 src=\"https:\/\/heimstatt-tschernobyl.org\/wp-content\/uploads\/2020\/04\/az2_Ambulanzzentrum-Starij-Lepel1.jpeg\"\n                 data-image=\"https:\/\/heimstatt-tschernobyl.org\/wp-content\/uploads\/2020\/04\/az2_Ambulanzzentrum-Starij-Lepel1.jpeg\"\n                 data-description=\"\"\n                                 style=\"display:block\">\n        <\/a>\n            <a href=\"\">\n            <img decoding=\"async\" alt=\"Ambulanzzentrum Starij-Lepel2\"\n                 data-type=\"image\"\n                 src=\"https:\/\/heimstatt-tschernobyl.org\/wp-content\/uploads\/2020\/04\/az2_Ambulanzzentrum-Starij-Lepel2.jpeg\"\n                 data-image=\"https:\/\/heimstatt-tschernobyl.org\/wp-content\/uploads\/2020\/04\/az2_Ambulanzzentrum-Starij-Lepel2.jpeg\"\n                 data-description=\"\"\n                                 style=\"display:block\">\n        <\/a>\n            <a href=\"\">\n            <img decoding=\"async\" alt=\"Ambulanzzentrum Starij-Lepel3\"\n                 data-type=\"image\"\n                 src=\"https:\/\/heimstatt-tschernobyl.org\/wp-content\/uploads\/2020\/04\/az2_Ambulanzzentrum-Starij-Lepel3.jpeg\"\n                 data-image=\"https:\/\/heimstatt-tschernobyl.org\/wp-content\/uploads\/2020\/04\/az2_Ambulanzzentrum-Starij-Lepel3.jpeg\"\n                 data-description=\"\"\n                                 style=\"display:block\">\n        <\/a>\n            <a href=\"\">\n            <img decoding=\"async\" alt=\"Ambulanzzentrum Starij-Lepel5\"\n                 data-type=\"image\"\n                 src=\"https:\/\/heimstatt-tschernobyl.org\/wp-content\/uploads\/2020\/04\/az2_Ambulanzzentrum-Starij-Lepel5.jpeg\"\n                 data-image=\"https:\/\/heimstatt-tschernobyl.org\/wp-content\/uploads\/2020\/04\/az2_Ambulanzzentrum-Starij-Lepel5.jpeg\"\n                 data-description=\"\"\n                                 style=\"display:block\">\n        <\/a>\n            <a href=\"\">\n            <img decoding=\"async\" alt=\"Ambulanzzentrum Starij-Lepel4\"\n                 data-type=\"image\"\n                 src=\"https:\/\/heimstatt-tschernobyl.org\/wp-content\/uploads\/2020\/04\/az2_Ambulanzzentrum-Starij-Lepel4.jpeg\"\n                 data-image=\"https:\/\/heimstatt-tschernobyl.org\/wp-content\/uploads\/2020\/04\/az2_Ambulanzzentrum-Starij-Lepel4.jpeg\"\n                 data-description=\"\"\n                                 style=\"display:block\">\n        <\/a>\n            <a href=\"\">\n            <img decoding=\"async\" alt=\"Ambulanzzentrum Starij-Lepel6\"\n                 data-type=\"image\"\n                 src=\"https:\/\/heimstatt-tschernobyl.org\/wp-content\/uploads\/2020\/04\/az2_Ambulanzzentrum-Starij-Lepel6.jpeg\"\n                 data-image=\"https:\/\/heimstatt-tschernobyl.org\/wp-content\/uploads\/2020\/04\/az2_Ambulanzzentrum-Starij-Lepel6.jpeg\"\n                 data-description=\"\"\n                                 style=\"display:block\">\n        <\/a>\n            <a href=\"\">\n            <img decoding=\"async\" alt=\"Ambulanzzentrum Starij-Lepel7\"\n                 data-type=\"image\"\n                 src=\"https:\/\/heimstatt-tschernobyl.org\/wp-content\/uploads\/2020\/04\/az2_Ambulanzzentrum-Starij-Lepel7.jpg\"\n                 data-image=\"https:\/\/heimstatt-tschernobyl.org\/wp-content\/uploads\/2020\/04\/az2_Ambulanzzentrum-Starij-Lepel7.jpg\"\n                 data-description=\"\"\n                                 style=\"display:block\">\n        <\/a>\n            <a href=\"\">\n            <img decoding=\"async\" alt=\"Ambulanzzentrum Starij-Lepel8\"\n                 data-type=\"image\"\n                 src=\"https:\/\/heimstatt-tschernobyl.org\/wp-content\/uploads\/2020\/04\/az2_Ambulanzzentrum-Starij-Lepel8.png\"\n                 data-image=\"https:\/\/heimstatt-tschernobyl.org\/wp-content\/uploads\/2020\/04\/az2_Ambulanzzentrum-Starij-Lepel8.png\"\n                 data-description=\"\"\n                                 style=\"display:block\">\n        <\/a>\n            <a href=\"\">\n            <img decoding=\"async\" alt=\"Ambulanzzentrum Starij-Lepel9\"\n                 data-type=\"image\"\n                 src=\"https:\/\/heimstatt-tschernobyl.org\/wp-content\/uploads\/2020\/04\/az2_Ambulanzzentrum-Starij-Lepel9.png\"\n                 data-image=\"https:\/\/heimstatt-tschernobyl.org\/wp-content\/uploads\/2020\/04\/az2_Ambulanzzentrum-Starij-Lepel9.png\"\n                 data-description=\"\"\n                                 style=\"display:block\">\n        <\/a>\n    <\/div>\n\n<script type=\"text\/javascript\">\n\n    (function() {\n        var runMyCode = function() {\n            jQuery(document).ready(function () {\n                var container = jQuery(\"#gdgallery_container_18\");\n                container.unitegallery({\"gallery_theme\":\"carousel\",\"carousel_space_between_tiles\":10,\"tile_width\":200,\"tile_height\":\"200\",\"tile_enable_outline\":false,\"theme_carousel_align\":\"center\",\"carousel_navigation_numtiles\":1,\"carousel_scroll_duration\":500,\"carousel_autoplay\":true,\"carousel_autoplay_timeout\":\"3000\",\"carousel_autoplay_direction\":\"right\",\"carousel_autoplay_pause_onhover\":true,\"theme_enable_navigation\":true,\"theme_navigation_position\":\"bottom\",\"theme_navigation_align\":\"center\",\"theme_navigation_enable_play\":true,\"theme_space_between_arrows\":\"20\",\"tile_enable_textpanel\":true,\"tile_textpanel_always_on\":true,\"tile_textpanel_title_text_align\":\"center\",\"tile_textpanel_title_font_size\":\"16\",\"tile_textpanel_title_color\":\"#FFFFFF\",\"tile_textpanel_bg_color\":\"#333333\",\"tile_textpanel_bg_opacity\":0.7,\"tile_enable_border\":true,\"tile_border_width\":\"0\",\"tile_border_color\":\"#333333\",\"tile_border_radius\":\"0\",\"tile_enable_overlay\":true,\"tile_enable_image_effect\":true,\"tile_image_effect_type\":\"blur\",\"tile_image_effect_reverse\":true,\"tile_enable_shadow\":false,\"tile_as_link\":false,\"tile_enable_icons\":true,\"tile_show_link_icon\":true,\"tile_textpanel_appear_type\":\"slide\",\"tile_textpanel_position\":\"inside_bottom\",\"tile_link_newpage\":true,\"lightbox_type\":\"wide\",\"lightbox_arrows_offset\":0,\"lightbox_overlay_color\":\"#000000\",\"lightbox_overlay_opacity\":1,\"lightbox_top_panel_opacity\":1,\"lightbox_show_numbers\":true,\"lightbox_numbers_size\":\"15\",\"lightbox_numbers_color\":\"#FFFFFF\",\"lightbox_slider_image_border_width\":\"0\",\"lightbox_slider_image_border_color\":\"#FFFFFF\",\"lightbox_slider_image_border_radius\":0,\"lightbox_slider_image_shadow\":true,\"lightbox_slider_control_swipe\":true,\"lightbox_slider_control_zoom\":true,\"lightbox_slider_image_border\":true,\"lightbox_show_textpanel\":true,\"lightbox_textpanel_enable_title\":true,\"lightbox_textpanel_enable_description\":false,\"lightbox_textpanel_padding_top\":5,\"lightbox_textpanel_padding_bottom\":5,\"lightbox_textpanel_padding_right\":5,\"lightbox_textpanel_padding_left\":5,\"lightbox_textpanel_title_color\":\"#FFFFFF\",\"lightbox_textpanel_title_text_align\":\"center\",\"lightbox_textpanel_title_font_size\":\"16\",\"lightbox_textpanel_desc_color\":\"#FFFFFF\",\"lightbox_textpanel_desc_text_align\":\"center\",\"lightbox_textpanel_desc_font_size\":\"14\"});\n            });\n        };\n        var timer = function() {\n            if (window.jQuery) {runMyCode(window.jQuery);}\n            else {window.setTimeout(timer, 100);}\n        };\n        timer();\n    })();\n\n\n<\/script><style>\n#gdgallery-container-18 a.ug-thumb-wrapper{\n    box-shadow: none !important;\n}\n\n.ug-lightbox .ug-lightbox-top-panel-overlay{\n    background-color: #000000 !important;\n}\n\n#gdgallery_container_18{}<\/style>\n<\/div>\n\n\n\n\n\n\n\n\n\n<p><\/p>\n\n\n\n<p><a href=\"https:\/\/heimstatt-tschernobyl.org\/?page_id=162\"><img decoding=\"async\" class=\"wp-image-6356\" style=\"width: 200px;\" src=\"https:\/\/heimstatt-tschernobyl.org\/wp-content\/uploads\/2024\/04\/zur-projektuebersicht.png\" alt=\"\"><\/a><\/p>\n","protected":false},"excerpt":{"rendered":"<p>2. Ambulanzzentrum (FAP) eingeweiht Nach mehrj\u00e4hrigen \u00dcberlegungen, Planungen, Verhandlungen sowie Finanzierungsbem\u00fchungen konnten wir am 7.10.2013 dieses neue Projekt mit einer Feier festlich einweihen. Die Finanzierung gelang durch die au\u00dferordentlichen Bem\u00fchungen unseres Freundes und \u00d6koDom-Vorsitzenden Dr. Bernd Kemper (Rotary Deutschland Gemeindienst e.V., Heim-statt Tschernobyl e.V. und den belarussischen Beh\u00f6rden). Es handelt sich um ein kleines medizinisches &#8230; <span class=\"more\"><a class=\"more-link\" href=\"https:\/\/heimstatt-tschernobyl.org\/?page_id=261\">[Read more&#8230;]<\/a><\/span><\/p>\n","protected":false},"author":1,"featured_media":0,"parent":0,"menu_order":0,"comment_status":"closed","ping_status":"closed","template":"","meta":{"iawp_total_views":6,"_mc_calendar":[],"footnotes":""},"class_list":["entry","page","publish","author-ewald","post-261"],"_links":{"self":[{"href":"https:\/\/heimstatt-tschernobyl.org\/index.php?rest_route=\/wp\/v2\/pages\/261","targetHints":{"allow":["GET"]}}],"collection":[{"href":"https:\/\/heimstatt-tschernobyl.org\/index.php?rest_route=\/wp\/v2\/pages"}],"about":[{"href":"https:\/\/heimstatt-tschernobyl.org\/index.php?rest_route=\/wp\/v2\/types\/page"}],"author":[{"embeddable":true,"href":"https:\/\/heimstatt-tschernobyl.org\/index.php?rest_route=\/wp\/v2\/users\/1"}],"replies":[{"embeddable":true,"href":"https:\/\/heimstatt-tschernobyl.org\/index.php?rest_route=%2Fwp%2Fv2%2Fcomments&post=261"}],"version-history":[{"count":5,"href":"https:\/\/heimstatt-tschernobyl.org\/index.php?rest_route=\/wp\/v2\/pages\/261\/revisions"}],"predecessor-version":[{"id":6382,"href":"https:\/\/heimstatt-tschernobyl.org\/index.php?rest_route=\/wp\/v2\/pages\/261\/revisions\/6382"}],"wp:attachment":[{"href":"https:\/\/heimstatt-tschernobyl.org\/index.php?rest_route=%2Fwp%2Fv2%2Fmedia&parent=261"}],"curies":[{"name":"wp","href":"https:\/\/api.w.org\/{rel}","templated":true}]}}