{"id":391,"date":"2019-06-01T13:41:27","date_gmt":"2019-06-01T11:41:27","guid":{"rendered":"http:\/\/localhost\/wp_hst\/wordpress\/?page_id=391"},"modified":"2024-04-20T13:31:35","modified_gmt":"2024-04-20T11:31:35","slug":"oekologische-klaeranlage","status":"publish","type":"page","link":"https:\/\/heimstatt-tschernobyl.org\/?page_id=391","title":{"rendered":"\u00d6kologische Kl\u00e4ranlage"},"content":{"rendered":"\n<p>F\u00fcr den Ortsteil Drushnaja wird seitens des Wasserwirtschaftsamtes Mjadel gefordert, das anfallende h\u00e4usliche Abwasser nach dem derzeitigen Stand der Technik zu reinigen. <br>Derzeit wird das gesamte h\u00e4usliche Abwasser des Ortsteils Drushnaja mittels einer Freispiegelkanali-sation gesammelt und einer mechanischen Reinigungsstufe zugef\u00fchrt. Diese Vorkl\u00e4rung besteht aus f\u00fcnf teilweise parallel geschalteten Betonbeh\u00e4ltern. Der gemeinsame \u00dcberlauf versickert unterirdisch \u00fcber Versickerungsstr\u00e4nge. <\/p>\n\n\n\n<p>Das Fehlen einer biologischen Reinigungsstufe sowie M\u00e4ngel\nim bestehenden Reinigungssystem veranlasste die Gemeindevertretung zum Bau\neiner mechanisch-biologischen Kl\u00e4ranlage in Form einer Pflanzenkl\u00e4ranlage. <\/p>\n\n\n\n<p>Der Standort der Kl\u00e4ranlage befindet sich im Ortsteil Drushnaja. Die neue Kl\u00e4ranlage wird in unmittelbarer N\u00e4he der au\u00dfer Betrieb zunehmenden Vorkl\u00e4rbeh\u00e4lter errichtet.  Der\nStandort der Anlage liegt nicht im Hochwasser- oder Grundwasserbereich. Jedoch\nist ein Natur-schutzgebiet betroffen. <\/p>\n\n\n\n<p>Es ist\ngeplant, die gesamten h\u00e4uslichen Abw\u00e4sser des Ortsteils Drushnaja zu behandeln.\nDie Kanalisation geschieht im Trennverfahren, Regenwasser gelangt nicht in die\nAnlage. Das Einzugsgebiet der Kanalisation betr\u00e4gt ca.<strong> 2 ha<\/strong>. <\/p>\n\n\n\n<p>Das\nAbwasser wird \u00fcber ein waagerecht verlegtes Verteilerrohrsystem in der oberen\nKiesdr\u00e4nschicht fl\u00e4chenhaft verteilt. An den Enden der Verteilerstr\u00e4nge sind\nStopfen mit Schraubgewinde angebracht, um eine leichte Reinigung der Rohre zu\nerm\u00f6glichen. <\/p>\n\n\n\n<p>Das\nSubstrat des Bodenfilters setzt sich ausschlie\u00dflich aus nicht bindigem\nBodenmaterial zusammen. Das Substrat der ersten Filterstufe besteht aus\ngewaschenem Filterkies sowie einer Dr\u00e4nschicht. Die zweite Filterstufe besteht\nneben den Dr\u00e4nschichten in erster Linie aus Grobsand. Das Abwasser durchsickert\nzun\u00e4chst vertikal die oberste Schicht. <\/p>\n\n\n\n<p>Das\nWasser durchsickert die bewachsenen Filterk\u00f6rper jeweils in vertikaler\nRichtung. Bei dieser Bodenpassage wird das Abwasser durch mechanische Prozesse\n(Filterwirkung), biologische Prozesse (mikrobieller Abbau und Transformation\nnach zuvor stattgefundener Adsorption von organischen Stoffen) sowie\nphysikalisch-chemische Prozesse (Adsorption, Ionenaustausch, F\u00e4llungsreaktion\nund Komplexierungen von Phosphor und Metallen) weitgehend gereinigt. <\/p>\n\n\n\n<p>Die\norganische Verschmutzung wird durch den mikrobiellen Besatz auf der K\u00f6rnung\nbereits auf den ersten Zentimetern der Sickerstrecke bis zu 90 % abgebaut. <\/p>\n\n\n\n<p>Stickstoff\nliegt zum gr\u00f6\u00dften Teil als Ammonium-Stickstoff (NH<sub>4<\/sub>-N) vor. Durch\nImmobilisierung an der abgelagerten organischen Substanz wird es dem Abwasserstrom\nentzogen und durch die gute <\/p>\n\n\n\n<p>Sauerstoffversorgung\nvorwiegend in den oberen Bodenzonen nitrifiziert. Die hohe\nPhosphorr\u00fcckhaltekraft (Immobilisierung) erfolgt durch Adsorption an pedogenen\nEisen- und Aluminiumoxiden. <\/p>\n\n\n\n<p>Bepflanzt wird die Anlage mit Schilf <em>(Phragmites communis) <\/em>mit einer Pflanzdichte von 3 Pflanzen\/m\u00b2. Zur Biotopaufwertung k\u00f6nnen im Randbereich in geringem Ma\u00dfe Binsen und Rohrkolben angepflanzt werden. <br>Das Schilf erschlie\u00dft mit seinen Wurzeln im Laufe der Zeit den gesamten Beetk\u00f6rper. Infolge der Durchwurzelung bleibt die Durchl\u00e4ssigkeit des Bodens gew\u00e4hrleistet.<br><br><a href=\"https:\/\/heimstatt-tschernobyl.org\/?page_id=162\"><img decoding=\"async\" class=\"wp-image-6356\" style=\"width: 200px;\" src=\"https:\/\/heimstatt-tschernobyl.org\/wp-content\/uploads\/2024\/04\/zur-projektuebersicht.png\" alt=\"\"><\/a><\/p>\n","protected":false},"excerpt":{"rendered":"<p>F\u00fcr den Ortsteil Drushnaja wird seitens des Wasserwirtschaftsamtes Mjadel gefordert, das anfallende h\u00e4usliche Abwasser nach dem derzeitigen Stand der Technik zu reinigen. Derzeit wird das gesamte h\u00e4usliche Abwasser des Ortsteils Drushnaja mittels einer Freispiegelkanali-sation gesammelt und einer mechanischen Reinigungsstufe zugef\u00fchrt. Diese Vorkl\u00e4rung besteht aus f\u00fcnf teilweise parallel geschalteten Betonbeh\u00e4ltern. Der gemeinsame \u00dcberlauf versickert unterirdisch \u00fcber &#8230; <span class=\"more\"><a class=\"more-link\" href=\"https:\/\/heimstatt-tschernobyl.org\/?page_id=391\">[Read more&#8230;]<\/a><\/span><\/p>\n","protected":false},"author":1,"featured_media":0,"parent":0,"menu_order":0,"comment_status":"closed","ping_status":"closed","template":"","meta":{"iawp_total_views":8,"_mc_calendar":[],"footnotes":""},"class_list":["entry","page","publish","author-ewald","post-391"],"_links":{"self":[{"href":"https:\/\/heimstatt-tschernobyl.org\/index.php?rest_route=\/wp\/v2\/pages\/391","targetHints":{"allow":["GET"]}}],"collection":[{"href":"https:\/\/heimstatt-tschernobyl.org\/index.php?rest_route=\/wp\/v2\/pages"}],"about":[{"href":"https:\/\/heimstatt-tschernobyl.org\/index.php?rest_route=\/wp\/v2\/types\/page"}],"author":[{"embeddable":true,"href":"https:\/\/heimstatt-tschernobyl.org\/index.php?rest_route=\/wp\/v2\/users\/1"}],"replies":[{"embeddable":true,"href":"https:\/\/heimstatt-tschernobyl.org\/index.php?rest_route=%2Fwp%2Fv2%2Fcomments&post=391"}],"version-history":[{"count":2,"href":"https:\/\/heimstatt-tschernobyl.org\/index.php?rest_route=\/wp\/v2\/pages\/391\/revisions"}],"predecessor-version":[{"id":6372,"href":"https:\/\/heimstatt-tschernobyl.org\/index.php?rest_route=\/wp\/v2\/pages\/391\/revisions\/6372"}],"wp:attachment":[{"href":"https:\/\/heimstatt-tschernobyl.org\/index.php?rest_route=%2Fwp%2Fv2%2Fmedia&parent=391"}],"curies":[{"name":"wp","href":"https:\/\/api.w.org\/{rel}","templated":true}]}}