{"id":4224,"date":"2023-02-07T21:35:32","date_gmt":"2023-02-07T20:35:32","guid":{"rendered":"https:\/\/heimstatt-tschernobyl.org\/?page_id=4224"},"modified":"2024-04-20T14:02:42","modified_gmt":"2024-04-20T12:02:42","slug":"schutz-und-erhalt-der-wasserressourcen-in-belarus","status":"publish","type":"page","link":"https:\/\/heimstatt-tschernobyl.org\/?page_id=4224","title":{"rendered":"Schutz und Erhalt der Wasserressourcen in Belarus"},"content":{"rendered":"\n<p>Im Oktober 2022 haben wir mit unserem belarussischen Partner IggV \u00d6koBau das Projekt \u201eSchutz und Erhalt der Wasserressourcen in Belarus PN 117 AA\u201c angefangen. In den drei Monaten haben wir drei halbt\u00e4gige Seminare f\u00fcr Studierende des Agrartechnischen Colleges aus Lepel durchgef\u00fchrt, sowie einmal die Schilfplattenproduktionsst\u00e4tte des unitarischen Produktionsbetrieb \u00d6koDomStroj besucht. W\u00e4hrend des dritten Seminars haben wir eine funktionierende Pflanzenkl\u00e4ranlage des Umsiedlerdorfes Drushnaja im Kreis Mjadel besichtigt. Die Veranstaltungen finden einen regen Besuch, daran haben sich 90 verschiedene Teilnehmer beteiligt: das Leitungsteam hat f\u00fcr interessante Themen und Referenten gesorgt. Die deutschen Experten werden per Zoom zugeschaltet, die belarussischen Referenten und Teilnehmer nehmen an den Veranstaltungen offline teil. Im Moment laufen Vorbereitungen f\u00fcr die n\u00e4chsten Veranstaltungen: es werden Fachkr\u00e4fte des Wassersektors, l\u00e4ndliche Beh\u00f6rden, sowie Universit\u00e4ten in Minsk kontaktiert.<\/p>\n\n\n\n<p><\/p>\n\n\n\n<figure class=\"wp-block-table\"><table><tbody><tr><td>\u2116<\/td><td>\u0414\u0430\u0442\u0430 Datum<\/td><td>\u041d\u0430\u0437\u0432\u0430\u043d\u0438\u0435 \u043c\u0435\u0440\u043e\u043f\u0440\u0438\u044f\u0442\u0438\u044f <br>Bezeichnung der Veranstaltung<\/td><td>\u041c\u0435\u0441\u0442\u043e \u043f\u0440\u043e\u0432\u0435\u0434\u0435\u043d\u0438\u044f Ort der Durchf\u00fchrung<\/td><td>\u041a\u043e\u043b-\u0432\u043e \u0443\u0447\u0430\u0441\u0442\u043d\u0438\u043a\u043e\u0432 Anzahl der Teilnehmer<\/td><\/tr><tr><td>1.<\/td><td>25.10.2022<\/td><td>\u0421\u0435\u043c\u0438\u043d\u0430\u0440 1: \u042d\u043d\u0435\u0440\u0433\u043e\u0441\u0431\u0435\u0440\u0435\u0436\u0435\u043d\u0438\u0435 \u0438 \u0433\u0438\u0433\u0438\u0435\u043d\u0430 \u043f\u0438\u0442\u044c\u0435\u0432\u043e\u0439 \u0432\u043e\u0434\u044b<br>Seminar Nr. 1: Energieeinsparung und Trinkwasserhygiene<\/td><td>\u0434. \u0421\u0442\u0430\u0440\u044b\u0439 \u041b\u0435\u043f\u0435\u043b\u044c, \u041b\u0435\u043f\u0435\u043b\u044c\u0441\u043a\u0438\u0439 \u0440-\u043d StariLepel Witebsker Gebiet<\/td><td>26 \u0447\u0435\u043b.\/Personen<\/td><\/tr><tr><td>2.<\/td><td>09.11.2022<\/td><td>\u0421\u0435\u043c\u0438\u043d\u0430\u0440 2: \u0412\u043e\u0434\u0430 \u0432\u043e\u043a\u0440\u0443\u0433 \u0434\u043e\u043c\u0430<br>Seminar Nr. 2: Wasser rund ums Haus<\/td><td>\u0434. \u0421\u0442\u0430\u0440\u044b\u0439 \u041b\u0435\u043f\u0435\u043b\u044c, \u041b\u0435\u043f\u0435\u043b\u044c\u0441\u043a\u0438\u0439 \u0440-\u043d StariLepel Witebsker Gebiet<\/td><td>32 \u0447\u0435\u043b. \/Personen<\/td><\/tr><tr><td>3.<\/td><td>06.12.2022<\/td><td>\u0421\u0435\u043c\u0438\u043d\u0430\u0440 3: \u041e\u0441\u043d\u043e\u0432\u043d\u044b\u0435 \u043f\u0440\u0438\u043d\u0446\u0438\u043f\u044b \u0440\u0430\u0431\u043e\u0442\u044b \u043f\u0435\u0441\u0447\u0430\u043d\u043e-\u0433\u0440\u0430\u0432\u0438\u0439\u043d\u044b\u0445 \u0444\u0438\u043b\u044c\u0442\u0440\u043e\u0432 Seminar Nr. 3: Grunds\u00e4tzliche Prinzipien und Funktionsweise von Pflanzenkl\u00e4ranlagen<\/td><td>\u0434. \u0421\u0442\u0430\u0445\u043e\u0432\u0446\u044b, \u041c\u044f\u0434\u0435\u043b\u044c\u0441\u043a\u0438\u0439 \u0440\u0430\u0439\u043e\u043d Stachowzy Minsker Gebiet<\/td><td>32 \u0447\u0435\u043b. \/Personen<\/td><\/tr><tr><td>4.<\/td><td>06.12.2022<\/td><td>\u042d\u043a\u0441\u043a\u0443\u0440\u0441\u0438\u044f \u043d\u0430 \u043f\u0440\u043e\u0438\u0437\u0432\u043e\u0434\u0441\u0442\u0432\u0435\u043d\u043d\u043e\u0435 \u0443\u043d\u0438\u0442\u0430\u0440\u043d\u043e\u0435 \u043f\u0440\u0435\u0434\u043f\u0440\u0438\u044f\u0442\u0438\u0435 \u00ab\u042d\u043a\u043e\u0414\u043e\u043c\u0421\u0442\u0440\u043e\u0439\u00bb<br>Exkursion im unitarischen Produktionsbetrieb \u00d6koDomStroj<\/td><td>\u0434. \u0421\u0442\u0430\u0445\u043e\u0432\u0446\u044b, \u041c\u044f\u0434\u0435\u043b\u044c\u0441\u043a\u0438\u0439 \u0440\u0430\u0439\u043e\u043d Stachowzy Minsker Gebiet<\/td><td>32 \u0447\u0435\u043b. \/Personen<\/td><\/tr><\/tbody><\/table><\/figure>\n\n\n\n<p><\/p>\n\n\n\n\n<div class=\"gdgallery-gallery-container\" id=\"gdgallery-container-26\" data-id=\"26\">\n    \n<div id=\"gdgallery_container_26\" style=\"display:none;\" data-view=\"carousel\">\n            <a href=\"\">\n            <img decoding=\"async\" alt=\"IMG-1525\"\n                 data-type=\"image\"\n                 src=\"https:\/\/heimstatt-tschernobyl.org\/wp-content\/uploads\/2023\/02\/IMG-1525.jpg\"\n                 data-image=\"https:\/\/heimstatt-tschernobyl.org\/wp-content\/uploads\/2023\/02\/IMG-1525.jpg\"\n                 data-description=\"\"\n                                 style=\"display:block\">\n        <\/a>\n            <a href=\"\">\n            <img decoding=\"async\" alt=\"IMG-1508\"\n                 data-type=\"image\"\n                 src=\"https:\/\/heimstatt-tschernobyl.org\/wp-content\/uploads\/2023\/02\/IMG-1508-scaled.jpg\"\n                 data-image=\"https:\/\/heimstatt-tschernobyl.org\/wp-content\/uploads\/2023\/02\/IMG-1508-scaled.jpg\"\n                 data-description=\"\"\n                                 style=\"display:block\">\n        <\/a>\n            <a href=\"\">\n            <img decoding=\"async\" alt=\"IMG-1506\"\n                 data-type=\"image\"\n                 src=\"https:\/\/heimstatt-tschernobyl.org\/wp-content\/uploads\/2023\/02\/IMG-1506-scaled.jpg\"\n                 data-image=\"https:\/\/heimstatt-tschernobyl.org\/wp-content\/uploads\/2023\/02\/IMG-1506-scaled.jpg\"\n                 data-description=\"\"\n                                 style=\"display:block\">\n        <\/a>\n            <a href=\"\">\n            <img decoding=\"async\" alt=\"IMG-1499\"\n                 data-type=\"image\"\n                 src=\"https:\/\/heimstatt-tschernobyl.org\/wp-content\/uploads\/2023\/02\/IMG-1499-scaled.jpg\"\n                 data-image=\"https:\/\/heimstatt-tschernobyl.org\/wp-content\/uploads\/2023\/02\/IMG-1499-scaled.jpg\"\n                 data-description=\"\"\n                                 style=\"display:block\">\n        <\/a>\n            <a href=\"\">\n            <img decoding=\"async\" alt=\"IMG-1497\"\n                 data-type=\"image\"\n                 src=\"https:\/\/heimstatt-tschernobyl.org\/wp-content\/uploads\/2023\/02\/IMG-1497-scaled.jpg\"\n                 data-image=\"https:\/\/heimstatt-tschernobyl.org\/wp-content\/uploads\/2023\/02\/IMG-1497-scaled.jpg\"\n                 data-description=\"\"\n                                 style=\"display:block\">\n        <\/a>\n            <a href=\"\">\n            <img decoding=\"async\" alt=\"Bilder aus Lepeler Zeitung\"\n                 data-type=\"image\"\n                 src=\"https:\/\/heimstatt-tschernobyl.org\/wp-content\/uploads\/2023\/02\/Bilder-aus-Lepeler-Zeitung.jpg\"\n                 data-image=\"https:\/\/heimstatt-tschernobyl.org\/wp-content\/uploads\/2023\/02\/Bilder-aus-Lepeler-Zeitung.jpg\"\n                 data-description=\"\"\n                                 style=\"display:block\">\n        <\/a>\n    <\/div>\n\n<script type=\"text\/javascript\">\n\n    (function() {\n        var runMyCode = function() {\n            jQuery(document).ready(function () {\n                var container = jQuery(\"#gdgallery_container_26\");\n                container.unitegallery({\"gallery_theme\":\"carousel\",\"carousel_space_between_tiles\":10,\"tile_width\":200,\"tile_height\":\"200\",\"tile_enable_outline\":false,\"theme_carousel_align\":\"center\",\"carousel_navigation_numtiles\":1,\"carousel_scroll_duration\":500,\"carousel_autoplay\":true,\"carousel_autoplay_timeout\":\"3000\",\"carousel_autoplay_direction\":\"right\",\"carousel_autoplay_pause_onhover\":true,\"theme_enable_navigation\":true,\"theme_navigation_position\":\"bottom\",\"theme_navigation_align\":\"center\",\"theme_navigation_enable_play\":true,\"theme_space_between_arrows\":\"20\",\"tile_enable_textpanel\":true,\"tile_textpanel_always_on\":true,\"tile_textpanel_title_text_align\":\"center\",\"tile_textpanel_title_font_size\":\"16\",\"tile_textpanel_title_color\":\"#FFFFFF\",\"tile_textpanel_bg_color\":\"#333333\",\"tile_textpanel_bg_opacity\":0.7,\"tile_enable_border\":true,\"tile_border_width\":\"0\",\"tile_border_color\":\"#333333\",\"tile_border_radius\":\"0\",\"tile_enable_overlay\":true,\"tile_enable_image_effect\":true,\"tile_image_effect_type\":\"blur\",\"tile_image_effect_reverse\":true,\"tile_enable_shadow\":false,\"tile_as_link\":false,\"tile_enable_icons\":true,\"tile_show_link_icon\":true,\"tile_textpanel_appear_type\":\"slide\",\"tile_textpanel_position\":\"inside_bottom\",\"tile_link_newpage\":true,\"lightbox_type\":\"wide\",\"lightbox_arrows_offset\":0,\"lightbox_overlay_color\":\"#000000\",\"lightbox_overlay_opacity\":1,\"lightbox_top_panel_opacity\":1,\"lightbox_show_numbers\":true,\"lightbox_numbers_size\":\"15\",\"lightbox_numbers_color\":\"#FFFFFF\",\"lightbox_slider_image_border_width\":\"0\",\"lightbox_slider_image_border_color\":\"#FFFFFF\",\"lightbox_slider_image_border_radius\":0,\"lightbox_slider_image_shadow\":true,\"lightbox_slider_control_swipe\":true,\"lightbox_slider_control_zoom\":true,\"lightbox_slider_image_border\":true,\"lightbox_show_textpanel\":true,\"lightbox_textpanel_enable_title\":true,\"lightbox_textpanel_enable_description\":false,\"lightbox_textpanel_padding_top\":5,\"lightbox_textpanel_padding_bottom\":5,\"lightbox_textpanel_padding_right\":5,\"lightbox_textpanel_padding_left\":5,\"lightbox_textpanel_title_color\":\"#FFFFFF\",\"lightbox_textpanel_title_text_align\":\"center\",\"lightbox_textpanel_title_font_size\":\"16\",\"lightbox_textpanel_desc_color\":\"#FFFFFF\",\"lightbox_textpanel_desc_text_align\":\"center\",\"lightbox_textpanel_desc_font_size\":\"14\"});\n            });\n        };\n        var timer = function() {\n            if (window.jQuery) {runMyCode(window.jQuery);}\n            else {window.setTimeout(timer, 100);}\n        };\n        timer();\n    })();\n\n\n<\/script><style>\n#gdgallery-container-26 a.ug-thumb-wrapper{\n    box-shadow: none !important;\n}\n\n.ug-lightbox .ug-lightbox-top-panel-overlay{\n    background-color: #000000 !important;\n}\n\n#gdgallery_container_26{}<\/style>\n<\/div>\n\n\n\n\n\n\n\n\n\n<p><\/p>\n\n\n\n<p><a href=\"https:\/\/heimstatt-tschernobyl.org\/?page_id=162\"><img decoding=\"async\" class=\"wp-image-6356\" style=\"width: 200px;\" src=\"https:\/\/heimstatt-tschernobyl.org\/wp-content\/uploads\/2024\/04\/zur-projektuebersicht.png\" alt=\"\"><\/a><\/p>\n","protected":false},"excerpt":{"rendered":"<p>Im Oktober 2022 haben wir mit unserem belarussischen Partner IggV \u00d6koBau das Projekt \u201eSchutz und Erhalt der Wasserressourcen in Belarus PN 117 AA\u201c angefangen. In den drei Monaten haben wir drei halbt\u00e4gige Seminare f\u00fcr Studierende des Agrartechnischen Colleges aus Lepel durchgef\u00fchrt, sowie einmal die Schilfplattenproduktionsst\u00e4tte des unitarischen Produktionsbetrieb \u00d6koDomStroj besucht. W\u00e4hrend des dritten Seminars haben &#8230; <span class=\"more\"><a class=\"more-link\" href=\"https:\/\/heimstatt-tschernobyl.org\/?page_id=4224\">[Read more&#8230;]<\/a><\/span><\/p>\n","protected":false},"author":1,"featured_media":0,"parent":0,"menu_order":0,"comment_status":"closed","ping_status":"closed","template":"","meta":{"iawp_total_views":14,"_mc_calendar":[],"footnotes":""},"class_list":["entry","page","publish","author-ewald","post-4224"],"_links":{"self":[{"href":"https:\/\/heimstatt-tschernobyl.org\/index.php?rest_route=\/wp\/v2\/pages\/4224","targetHints":{"allow":["GET"]}}],"collection":[{"href":"https:\/\/heimstatt-tschernobyl.org\/index.php?rest_route=\/wp\/v2\/pages"}],"about":[{"href":"https:\/\/heimstatt-tschernobyl.org\/index.php?rest_route=\/wp\/v2\/types\/page"}],"author":[{"embeddable":true,"href":"https:\/\/heimstatt-tschernobyl.org\/index.php?rest_route=\/wp\/v2\/users\/1"}],"replies":[{"embeddable":true,"href":"https:\/\/heimstatt-tschernobyl.org\/index.php?rest_route=%2Fwp%2Fv2%2Fcomments&post=4224"}],"version-history":[{"count":6,"href":"https:\/\/heimstatt-tschernobyl.org\/index.php?rest_route=\/wp\/v2\/pages\/4224\/revisions"}],"predecessor-version":[{"id":6385,"href":"https:\/\/heimstatt-tschernobyl.org\/index.php?rest_route=\/wp\/v2\/pages\/4224\/revisions\/6385"}],"wp:attachment":[{"href":"https:\/\/heimstatt-tschernobyl.org\/index.php?rest_route=%2Fwp%2Fv2%2Fmedia&parent=4224"}],"curies":[{"name":"wp","href":"https:\/\/api.w.org\/{rel}","templated":true}]}}