{"id":579,"date":"2019-07-12T21:51:36","date_gmt":"2019-07-12T19:51:36","guid":{"rendered":"http:\/\/heimstatt-tschernobyl.org\/?page_id=579"},"modified":"2024-04-20T13:52:17","modified_gmt":"2024-04-20T11:52:17","slug":"windkraftanlagen","status":"publish","type":"page","link":"https:\/\/heimstatt-tschernobyl.org\/?page_id=579","title":{"rendered":"Windkraftanlagen"},"content":{"rendered":"\n<h2 class=\"wp-block-heading\">Windkraft &#8211; sichtbares Zeichen gegen Tschernobyl<\/h2>\n\n\n\n<p>In den Jahren 2000 bis 2002 hat Heim-statt Tschernobyl zwei Windr\u00e4der mit 250 und 600 kW Nennleistung oberhalb des Narotsch-Sees nahe unserer Siedlung Drushnaja errichtet als deutliches Zeichen gegen Tschernobyl.<br>Die Windr\u00e4der wurden \u00fcberwiegend aus Spendengeldern finanziert, unter anderem auch mit einem besonderen F\u00f6rderprogramm durch&nbsp;<a rel=\"noreferrer noopener\" href=\"http:\/\/www.s-n-o-w.de\/\" target=\"_blank\">S-N-O-W e.V.<\/a>.<br>Im Jahresdurchschnitt produzieren die beiden Windr\u00e4der knapp 1.3 Millionen Kilowattstunden, das entspricht einem Strombedarf von 600 bis 700 belarussischen Haushalten. Der erzeugte Strom wird zum Verkauf in das \u00f6ffentliche Netz eingespeist. Mit dem zweckgebundenen Erl\u00f6s finanziert unsere belarussische Partnerorganisation \u00d6koDom als Betreiberin der Anlagen weitere Projekte f\u00fcr strahlengesch\u00e4digte Familien.<br><br>Am 29. August 2013 ging die dritte Windkraftanlage von \u00d6koDomStroj\/\u00d6koDom in Betrieb. Sie wurde mit Unterst\u00fctzung von Heim-statt Tschernobyl e.V. und der GLS-Bank unter finanzieller Absicherung durch die deutschen B\u00fcrgen &#8211; Freunde und Mitglieder des Vereins &#8211; geplant und gebaut.<br>Ein Bericht von Juri Suprinowitsch zum neuen Windrad ist&nbsp;<a href=\"https:\/\/www.heimstatt-tschernobyl.org\/media\/downloads\/Beitrag_Juri_Windkraftanlage.pdf\">hier<\/a>&nbsp;zu finden.<br><br>Die Windr\u00e4der sowie eine Fotovoltaikanlage auf dem Dach des Werkstattgeb\u00e4udes in Drushnaja sollen Anst\u00f6\u00dfe zum Umdenken und zum energiebewussten Handeln geben.<\/p>\n\n\n\n\n<div class=\"gdgallery-gallery-container\" id=\"gdgallery-container-19\" data-id=\"19\">\n    \n<div id=\"gdgallery_container_19\" style=\"display:none;\" data-view=\"carousel\">\n            <a href=\"\">\n            <img decoding=\"async\" alt=\"20190806_Belarus_M2I-0679-Pano\"\n                 data-type=\"image\"\n                 src=\"https:\/\/heimstatt-tschernobyl.org\/wp-content\/uploads\/2020\/04\/20190806_Belarus_M2I-0679-Pano-scaled.jpg\"\n                 data-image=\"https:\/\/heimstatt-tschernobyl.org\/wp-content\/uploads\/2020\/04\/20190806_Belarus_M2I-0679-Pano-scaled.jpg\"\n                 data-description=\"\"\n                                 style=\"display:block\">\n        <\/a>\n            <a href=\"\">\n            <img decoding=\"async\" alt=\"20190806_Belarus_M2I-0679\"\n                 data-type=\"image\"\n                 src=\"https:\/\/heimstatt-tschernobyl.org\/wp-content\/uploads\/2020\/04\/20190806_Belarus_M2I-0679.jpg\"\n                 data-image=\"https:\/\/heimstatt-tschernobyl.org\/wp-content\/uploads\/2020\/04\/20190806_Belarus_M2I-0679.jpg\"\n                 data-description=\"\"\n                                 style=\"display:block\">\n        <\/a>\n            <a href=\"\">\n            <img decoding=\"async\" alt=\"default\"\n                 data-type=\"image\"\n                 src=\"https:\/\/heimstatt-tschernobyl.org\/wp-content\/uploads\/2020\/04\/20190802_Belarus_M2I-0623-scaled.jpg\"\n                 data-image=\"https:\/\/heimstatt-tschernobyl.org\/wp-content\/uploads\/2020\/04\/20190802_Belarus_M2I-0623-scaled.jpg\"\n                 data-description=\"\"\n                                 style=\"display:block\">\n        <\/a>\n            <a href=\"\">\n            <img decoding=\"async\" alt=\"20190802_Belarus_M2I-0621\"\n                 data-type=\"image\"\n                 src=\"https:\/\/heimstatt-tschernobyl.org\/wp-content\/uploads\/2020\/04\/20190802_Belarus_M2I-0621.jpg\"\n                 data-image=\"https:\/\/heimstatt-tschernobyl.org\/wp-content\/uploads\/2020\/04\/20190802_Belarus_M2I-0621.jpg\"\n                 data-description=\"\"\n                                 style=\"display:block\">\n        <\/a>\n            <a href=\"\">\n            <img decoding=\"async\" alt=\"20190802_Belarus_M2I-0618\"\n                 data-type=\"image\"\n                 src=\"https:\/\/heimstatt-tschernobyl.org\/wp-content\/uploads\/2020\/04\/20190802_Belarus_M2I-0618.jpg\"\n                 data-image=\"https:\/\/heimstatt-tschernobyl.org\/wp-content\/uploads\/2020\/04\/20190802_Belarus_M2I-0618.jpg\"\n                 data-description=\"\"\n                                 style=\"display:block\">\n        <\/a>\n            <a href=\"\">\n            <img decoding=\"async\" alt=\"20190802_Belarus_1054\"\n                 data-type=\"image\"\n                 src=\"https:\/\/heimstatt-tschernobyl.org\/wp-content\/uploads\/2020\/04\/20190802_Belarus_1054.jpg\"\n                 data-image=\"https:\/\/heimstatt-tschernobyl.org\/wp-content\/uploads\/2020\/04\/20190802_Belarus_1054.jpg\"\n                 data-description=\"\"\n                                 style=\"display:block\">\n        <\/a>\n            <a href=\"\">\n            <img decoding=\"async\" alt=\"20190802_Belarus_1052\"\n                 data-type=\"image\"\n                 src=\"https:\/\/heimstatt-tschernobyl.org\/wp-content\/uploads\/2020\/04\/20190802_Belarus_1052.jpg\"\n                 data-image=\"https:\/\/heimstatt-tschernobyl.org\/wp-content\/uploads\/2020\/04\/20190802_Belarus_1052.jpg\"\n                 data-description=\"\"\n                                 style=\"display:block\">\n        <\/a>\n            <a href=\"\">\n            <img decoding=\"async\" alt=\"20190730_Belarus_0861\"\n                 data-type=\"image\"\n                 src=\"https:\/\/heimstatt-tschernobyl.org\/wp-content\/uploads\/2020\/04\/20190730_Belarus_0861.jpg\"\n                 data-image=\"https:\/\/heimstatt-tschernobyl.org\/wp-content\/uploads\/2020\/04\/20190730_Belarus_0861.jpg\"\n                 data-description=\"\"\n                                 style=\"display:block\">\n        <\/a>\n            <a href=\"\">\n            <img decoding=\"async\" alt=\"20190730_Belarus_0859\"\n                 data-type=\"image\"\n                 src=\"https:\/\/heimstatt-tschernobyl.org\/wp-content\/uploads\/2020\/04\/20190730_Belarus_0859.jpg\"\n                 data-image=\"https:\/\/heimstatt-tschernobyl.org\/wp-content\/uploads\/2020\/04\/20190730_Belarus_0859.jpg\"\n                 data-description=\"\"\n                                 style=\"display:block\">\n        <\/a>\n            <a href=\"\">\n            <img decoding=\"async\" alt=\"20190730_Belarus_0856\"\n                 data-type=\"image\"\n                 src=\"https:\/\/heimstatt-tschernobyl.org\/wp-content\/uploads\/2020\/04\/20190730_Belarus_0856.jpg\"\n                 data-image=\"https:\/\/heimstatt-tschernobyl.org\/wp-content\/uploads\/2020\/04\/20190730_Belarus_0856.jpg\"\n                 data-description=\"\"\n                                 style=\"display:block\">\n        <\/a>\n            <a href=\"\">\n            <img decoding=\"async\" alt=\"20190730_Belarus_0855\"\n                 data-type=\"image\"\n                 src=\"https:\/\/heimstatt-tschernobyl.org\/wp-content\/uploads\/2020\/04\/20190730_Belarus_0855.jpg\"\n                 data-image=\"https:\/\/heimstatt-tschernobyl.org\/wp-content\/uploads\/2020\/04\/20190730_Belarus_0855.jpg\"\n                 data-description=\"\"\n                                 style=\"display:block\">\n        <\/a>\n            <a href=\"\">\n            <img decoding=\"async\" alt=\"20190730_Belarus_0854\"\n                 data-type=\"image\"\n                 src=\"https:\/\/heimstatt-tschernobyl.org\/wp-content\/uploads\/2020\/04\/20190730_Belarus_0854.jpg\"\n                 data-image=\"https:\/\/heimstatt-tschernobyl.org\/wp-content\/uploads\/2020\/04\/20190730_Belarus_0854.jpg\"\n                 data-description=\"\"\n                                 style=\"display:block\">\n        <\/a>\n            <a href=\"\">\n            <img decoding=\"async\" alt=\"20190730_Belarus_0851\"\n                 data-type=\"image\"\n                 src=\"https:\/\/heimstatt-tschernobyl.org\/wp-content\/uploads\/2020\/04\/20190730_Belarus_0851.jpg\"\n                 data-image=\"https:\/\/heimstatt-tschernobyl.org\/wp-content\/uploads\/2020\/04\/20190730_Belarus_0851.jpg\"\n                 data-description=\"\"\n                                 style=\"display:block\">\n        <\/a>\n            <a href=\"\">\n            <img decoding=\"async\" alt=\"20190730_Belarus_0850\"\n                 data-type=\"image\"\n                 src=\"https:\/\/heimstatt-tschernobyl.org\/wp-content\/uploads\/2020\/04\/20190730_Belarus_0850.jpg\"\n                 data-image=\"https:\/\/heimstatt-tschernobyl.org\/wp-content\/uploads\/2020\/04\/20190730_Belarus_0850.jpg\"\n                 data-description=\"\"\n                                 style=\"display:block\">\n        <\/a>\n            <a href=\"\">\n            <img decoding=\"async\" alt=\"20190730_Belarus_0849\"\n                 data-type=\"image\"\n                 src=\"https:\/\/heimstatt-tschernobyl.org\/wp-content\/uploads\/2020\/04\/20190730_Belarus_0849.jpg\"\n                 data-image=\"https:\/\/heimstatt-tschernobyl.org\/wp-content\/uploads\/2020\/04\/20190730_Belarus_0849.jpg\"\n                 data-description=\"\"\n                                 style=\"display:block\">\n        <\/a>\n            <a href=\"\">\n            <img decoding=\"async\" alt=\"20190730_Belarus_0846\"\n                 data-type=\"image\"\n                 src=\"https:\/\/heimstatt-tschernobyl.org\/wp-content\/uploads\/2020\/04\/20190730_Belarus_0846.jpg\"\n                 data-image=\"https:\/\/heimstatt-tschernobyl.org\/wp-content\/uploads\/2020\/04\/20190730_Belarus_0846.jpg\"\n                 data-description=\"\"\n                                 style=\"display:block\">\n        <\/a>\n            <a href=\"\">\n            <img decoding=\"async\" alt=\"20190730_Belarus_0840\"\n                 data-type=\"image\"\n                 src=\"https:\/\/heimstatt-tschernobyl.org\/wp-content\/uploads\/2020\/04\/20190730_Belarus_0840.jpg\"\n                 data-image=\"https:\/\/heimstatt-tschernobyl.org\/wp-content\/uploads\/2020\/04\/20190730_Belarus_0840.jpg\"\n                 data-description=\"\"\n                                 style=\"display:block\">\n        <\/a>\n            <a href=\"\">\n            <img decoding=\"async\" alt=\"20190730_Belarus_0835\"\n                 data-type=\"image\"\n                 src=\"https:\/\/heimstatt-tschernobyl.org\/wp-content\/uploads\/2020\/04\/20190730_Belarus_0835.jpg\"\n                 data-image=\"https:\/\/heimstatt-tschernobyl.org\/wp-content\/uploads\/2020\/04\/20190730_Belarus_0835.jpg\"\n                 data-description=\"\"\n                                 style=\"display:block\">\n        <\/a>\n            <a href=\"\">\n            <img decoding=\"async\" alt=\"20190730_Belarus_0834\"\n                 data-type=\"image\"\n                 src=\"https:\/\/heimstatt-tschernobyl.org\/wp-content\/uploads\/2020\/04\/20190730_Belarus_0834.jpg\"\n                 data-image=\"https:\/\/heimstatt-tschernobyl.org\/wp-content\/uploads\/2020\/04\/20190730_Belarus_0834.jpg\"\n                 data-description=\"\"\n                                 style=\"display:block\">\n        <\/a>\n            <a href=\"\">\n            <img decoding=\"async\" alt=\"20190730_Belarus_0829\"\n                 data-type=\"image\"\n                 src=\"https:\/\/heimstatt-tschernobyl.org\/wp-content\/uploads\/2020\/04\/20190730_Belarus_0829.jpg\"\n                 data-image=\"https:\/\/heimstatt-tschernobyl.org\/wp-content\/uploads\/2020\/04\/20190730_Belarus_0829.jpg\"\n                 data-description=\"\"\n                                 style=\"display:block\">\n        <\/a>\n            <a href=\"\">\n            <img decoding=\"async\" alt=\"20190730_Belarus_0828\"\n                 data-type=\"image\"\n                 src=\"https:\/\/heimstatt-tschernobyl.org\/wp-content\/uploads\/2020\/04\/20190730_Belarus_0828.jpg\"\n                 data-image=\"https:\/\/heimstatt-tschernobyl.org\/wp-content\/uploads\/2020\/04\/20190730_Belarus_0828.jpg\"\n                 data-description=\"\"\n                                 style=\"display:block\">\n        <\/a>\n            <a href=\"\">\n            <img decoding=\"async\" alt=\"20190730_Belarus_0827\"\n                 data-type=\"image\"\n                 src=\"https:\/\/heimstatt-tschernobyl.org\/wp-content\/uploads\/2020\/04\/20190730_Belarus_0827.jpg\"\n                 data-image=\"https:\/\/heimstatt-tschernobyl.org\/wp-content\/uploads\/2020\/04\/20190730_Belarus_0827.jpg\"\n                 data-description=\"\"\n                                 style=\"display:block\">\n        <\/a>\n            <a href=\"\">\n            <img decoding=\"async\" alt=\"20190729_Belarus_M2I-0589\"\n                 data-type=\"image\"\n                 src=\"https:\/\/heimstatt-tschernobyl.org\/wp-content\/uploads\/2020\/04\/20190729_Belarus_M2I-0589.jpg\"\n                 data-image=\"https:\/\/heimstatt-tschernobyl.org\/wp-content\/uploads\/2020\/04\/20190729_Belarus_M2I-0589.jpg\"\n                 data-description=\"\"\n                                 style=\"display:block\">\n        <\/a>\n            <a href=\"\">\n            <img decoding=\"async\" alt=\"20190729_Belarus_M2I-0580\"\n                 data-type=\"image\"\n                 src=\"https:\/\/heimstatt-tschernobyl.org\/wp-content\/uploads\/2020\/04\/20190729_Belarus_M2I-0580.jpg\"\n                 data-image=\"https:\/\/heimstatt-tschernobyl.org\/wp-content\/uploads\/2020\/04\/20190729_Belarus_M2I-0580.jpg\"\n                 data-description=\"\"\n                                 style=\"display:block\">\n        <\/a>\n    <\/div>\n\n<script type=\"text\/javascript\">\n\n    (function() {\n        var runMyCode = function() {\n            jQuery(document).ready(function () {\n                var container = jQuery(\"#gdgallery_container_19\");\n                container.unitegallery({\"gallery_theme\":\"carousel\",\"carousel_space_between_tiles\":10,\"tile_width\":200,\"tile_height\":\"200\",\"tile_enable_outline\":false,\"theme_carousel_align\":\"center\",\"carousel_navigation_numtiles\":1,\"carousel_scroll_duration\":500,\"carousel_autoplay\":true,\"carousel_autoplay_timeout\":\"3000\",\"carousel_autoplay_direction\":\"right\",\"carousel_autoplay_pause_onhover\":true,\"theme_enable_navigation\":true,\"theme_navigation_position\":\"bottom\",\"theme_navigation_align\":\"center\",\"theme_navigation_enable_play\":true,\"theme_space_between_arrows\":\"20\",\"tile_enable_textpanel\":true,\"tile_textpanel_always_on\":true,\"tile_textpanel_title_text_align\":\"center\",\"tile_textpanel_title_font_size\":\"16\",\"tile_textpanel_title_color\":\"#FFFFFF\",\"tile_textpanel_bg_color\":\"#333333\",\"tile_textpanel_bg_opacity\":0.7,\"tile_enable_border\":true,\"tile_border_width\":\"0\",\"tile_border_color\":\"#333333\",\"tile_border_radius\":\"0\",\"tile_enable_overlay\":true,\"tile_enable_image_effect\":true,\"tile_image_effect_type\":\"blur\",\"tile_image_effect_reverse\":true,\"tile_enable_shadow\":false,\"tile_as_link\":false,\"tile_enable_icons\":true,\"tile_show_link_icon\":true,\"tile_textpanel_appear_type\":\"slide\",\"tile_textpanel_position\":\"inside_bottom\",\"tile_link_newpage\":true,\"lightbox_type\":\"wide\",\"lightbox_arrows_offset\":0,\"lightbox_overlay_color\":\"#000000\",\"lightbox_overlay_opacity\":1,\"lightbox_top_panel_opacity\":1,\"lightbox_show_numbers\":true,\"lightbox_numbers_size\":\"15\",\"lightbox_numbers_color\":\"#FFFFFF\",\"lightbox_slider_image_border_width\":\"0\",\"lightbox_slider_image_border_color\":\"#FFFFFF\",\"lightbox_slider_image_border_radius\":0,\"lightbox_slider_image_shadow\":true,\"lightbox_slider_control_swipe\":true,\"lightbox_slider_control_zoom\":true,\"lightbox_slider_image_border\":true,\"lightbox_show_textpanel\":true,\"lightbox_textpanel_enable_title\":true,\"lightbox_textpanel_enable_description\":false,\"lightbox_textpanel_padding_top\":5,\"lightbox_textpanel_padding_bottom\":5,\"lightbox_textpanel_padding_right\":5,\"lightbox_textpanel_padding_left\":5,\"lightbox_textpanel_title_color\":\"#FFFFFF\",\"lightbox_textpanel_title_text_align\":\"center\",\"lightbox_textpanel_title_font_size\":\"16\",\"lightbox_textpanel_desc_color\":\"#FFFFFF\",\"lightbox_textpanel_desc_text_align\":\"center\",\"lightbox_textpanel_desc_font_size\":\"14\"});\n            });\n        };\n        var timer = function() {\n            if (window.jQuery) {runMyCode(window.jQuery);}\n            else {window.setTimeout(timer, 100);}\n        };\n        timer();\n    })();\n\n\n<\/script><style>\n#gdgallery-container-19 a.ug-thumb-wrapper{\n    box-shadow: none !important;\n}\n\n.ug-lightbox .ug-lightbox-top-panel-overlay{\n    background-color: #000000 !important;\n}\n\n#gdgallery_container_19{}<\/style>\n<\/div>\n\n\n\n\n\n\n\n\n\n<p><\/p>\n\n\n\n<h2 class=\"wp-block-heading\">Bau- und Leistungsdaten der Windr\u00e4der<\/h2>\n\n\n\n<p><\/p>\n\n\n\n\n<div class='easySpoilerWrapper' style=''>\n<table class='easySpoilerTable' border='0' style='text-align:center;' align='center' bgcolor='FFFFFF' >\n\n<tr style='white-space:normal;'>\n<th class='easySpoilerTitleA' style='white-space:normal;font-weight:normal;text-align:left;vertical-align:middle;font-size:120%;color:#000000;'><strong>Kennung N29\/250<\/strong><\/th>\n<th class='easySpoilerTitleB'style='text-align:right;vertical-align:middle;font-size:100%; white-space:nowrap;'><a href=''  class='easySpoilerButtonOther' style='font-size:100%;color:#000000;background-color:#fcfcfc;background-image:none;border: 1px inset;border-style:solid;border-color:#cccccc;display:none; margin: 3px 0px 3px; padding: 4px; ' align='right'><\/a><a href='' onclick='wpSpoilerToggle(\"spoilerDiv531b8001\",true,\"Anzeigen\",\"Schliessen\",\"fast\",false); return false;' id='spoilerDiv531b8001_action' class='easySpoilerButton' value=\"Anzeigen\" align='right' style='font-size:100%;color:#000000;background-color:#fcfcfc;background-image:none;border: 1px inset;border-style:solid;border-color:#cccccc; margin: 3px 0px 3px 5px; padding: 4px;'>Anzeigen<\/><\/th>\n<\/tr>\n<tr><td class='easySpoilerRow' colspan='2' style=''><div id='spoilerDiv531b8001' class='easySpoilerSpoils'  style='display:none; white-space:wrap; overflow:auto; vertical-align:middle;'>\n\n\n\n\n<ul class=\"wp-block-list\">\n<li>Hersteller:&nbsp;<strong>Nordex<\/strong>&nbsp;Rostock\/Deutschland<\/li>\n\n\n\n<li>Baujahr: 2000<\/li>\n\n\n\n<li>Nennleistung: 250 kW<\/li>\n\n\n\n<li>Rotordurchmesser: 29,7 m<\/li>\n\n\n\n<li>Rotorfl\u00e4che: 692 m\u00b2<\/li>\n\n\n\n<li>Rotordrehzahl: 29 und 39 UPM<\/li>\n\n\n\n<li>Generator: polumschaltbarer Asynchrongenerator<\/li>\n\n\n\n<li>Leistung: 45 \/ 250 kW<\/li>\n\n\n\n<li>Nennspannung: 400 V<\/li>\n\n\n\n<li>Bremssystem aerodynamisch: Blattspitzenverstellung, unabh\u00e4ngig je Rotorblatt<\/li>\n\n\n\n<li>Bremssystem mechanisch: Scheibenbremse zwischen Getriebe und Generator<\/li>\n\n\n\n<li>Turm: Stahlgittermast<\/li>\n\n\n\n<li>Nabenh\u00f6he: 50 m<\/li>\n\n\n\n<li>Niveau \u00fcber Narotsch-See: + 40 m<\/li>\n<\/ul>\n\n\n\n\n<\/div><\/td><\/tr>\n<\/table>\n<div class='easySpoilerConclude' style=''><table class='easySpoilerTable' border='0' style='text-align:center;' frame='box' align='center' bgcolor='FFFFFF'><tr><th class='easySpoilerEnd' style='width:100%;'><\/th><td class='easySpoilerEnd' style='white-space:nowrap;' colspan='2'><\/td><\/tr><tr><td class='easySpoilerGroupWrapperLastRow' colspan='2' style=''><\/td><\/tr><\/table><\/div>\n<\/div>\n\n\n\n\n<p><\/p>\n\n\n\n\n<div class='easySpoilerWrapper' style=''>\n<table class='easySpoilerTable' border='0' style='text-align:center;' align='center' bgcolor='FFFFFF' >\n\n<tr style='white-space:normal;'>\n<th class='easySpoilerTitleA' style='white-space:normal;font-weight:normal;text-align:left;vertical-align:middle;font-size:120%;color:#000000;'><strong>Kennung RE48\/600<\/strong><\/th>\n<th class='easySpoilerTitleB'style='text-align:right;vertical-align:middle;font-size:100%; white-space:nowrap;'><a href=''  class='easySpoilerButtonOther' style='font-size:100%;color:#000000;background-color:#fcfcfc;background-image:none;border: 1px inset;border-style:solid;border-color:#cccccc;display:none; margin: 3px 0px 3px; padding: 4px; ' align='right'><\/a><a href='' onclick='wpSpoilerToggle(\"spoilerDiv34798002\",true,\"Anzeigen\",\"Schliessen\",\"fast\",false); return false;' id='spoilerDiv34798002_action' class='easySpoilerButton' value=\"Anzeigen\" align='right' style='font-size:100%;color:#000000;background-color:#fcfcfc;background-image:none;border: 1px inset;border-style:solid;border-color:#cccccc; margin: 3px 0px 3px 5px; padding: 4px;'>Anzeigen<\/><\/th>\n<\/tr>\n<tr><td class='easySpoilerRow' colspan='2' style=''><div id='spoilerDiv34798002' class='easySpoilerSpoils'  style='display:none; white-space:wrap; overflow:auto; vertical-align:middle;'>\n\n\n\n\n<ul class=\"wp-block-list\">\n<li>Hersteller:&nbsp;<strong>REpower<\/strong>&nbsp;Husum\/Deutschland<\/li>\n\n\n\n<li>Baujahr: 2001<\/li>\n\n\n\n<li>Nennleistung: 600 kW<\/li>\n\n\n\n<li>Rotordurchmesser: 48,4 m<\/li>\n\n\n\n<li>Rotorfl\u00e4che: 1840 m\u00b2<\/li>\n\n\n\n<li>Rotordrehzahl: 14 und 21 UPM<\/li>\n\n\n\n<li>Generator: polumschaltbarer Asynchrongenerator<\/li>\n\n\n\n<li>Leistung: 120 \/ 600 kW<\/li>\n\n\n\n<li>Nennspannung: 690 V<\/li>\n\n\n\n<li>Bremssystem aerodynamisch:Blattspitzenverstellung, unabh\u00e4ngig je Rotorblatt<\/li>\n\n\n\n<li>Bremssystem mechanisch: Scheibenbremse zwischen Getriebe und Generator<\/li>\n\n\n\n<li>Turm: Stahlrohrturm<\/li>\n\n\n\n<li>Nabenh\u00f6he: 65 m<\/li>\n\n\n\n<li>Niveau \u00fcber Narotsch-See: + 40 m<\/li>\n<\/ul>\n\n\n\n\n<\/div><\/td><\/tr>\n<\/table>\n<div class='easySpoilerConclude' style=''><table class='easySpoilerTable' border='0' style='text-align:center;' frame='box' align='center' bgcolor='FFFFFF'><tr><th class='easySpoilerEnd' style='width:100%;'><\/th><td class='easySpoilerEnd' style='white-space:nowrap;' colspan='2'><\/td><\/tr><tr><td class='easySpoilerGroupWrapperLastRow' colspan='2' style=''><\/td><\/tr><\/table><\/div>\n<\/div>\n\n\n\n\n<p><\/p>\n\n\n\n\n<div class='easySpoilerWrapper' style=''>\n<table class='easySpoilerTable' border='0' style='text-align:center;' align='center' bgcolor='FFFFFF' >\n\n<tr style='white-space:normal;'>\n<th class='easySpoilerTitleA' style='white-space:normal;font-weight:normal;text-align:left;vertical-align:middle;font-size:120%;color:#000000;'><strong>Kennung N54MK3<\/strong><\/th>\n<th class='easySpoilerTitleB'style='text-align:right;vertical-align:middle;font-size:100%; white-space:nowrap;'><a href=''  class='easySpoilerButtonOther' style='font-size:100%;color:#000000;background-color:#fcfcfc;background-image:none;border: 1px inset;border-style:solid;border-color:#cccccc;display:none; margin: 3px 0px 3px; padding: 4px; ' align='right'><\/a><a href='' onclick='wpSpoilerToggle(\"spoilerDiv5d628003\",true,\"Anzeigen\",\"Schliessen\",\"fast\",false); return false;' id='spoilerDiv5d628003_action' class='easySpoilerButton' value=\"Anzeigen\" align='right' style='font-size:100%;color:#000000;background-color:#fcfcfc;background-image:none;border: 1px inset;border-style:solid;border-color:#cccccc; margin: 3px 0px 3px 5px; padding: 4px;'>Anzeigen<\/><\/th>\n<\/tr>\n<tr><td class='easySpoilerRow' colspan='2' style=''><div id='spoilerDiv5d628003' class='easySpoilerSpoils'  style='display:none; white-space:wrap; overflow:auto; vertical-align:middle;'>\n\n\n\n\n<ul class=\"wp-block-list\">\n<li>Hersteller:&nbsp;<strong>Nordex AG<\/strong>&nbsp;Deutschland<\/li>\n\n\n\n<li>Baujahr: 2013<\/li>\n\n\n\n<li>Nennleistung: 1000 kW<\/li>\n\n\n\n<li>Rotordurchmesser: 54 m<\/li>\n\n\n\n<li>Rotorfl\u00e4che: 2290 m\u00b2<\/li>\n\n\n\n<li>Rotordrehzahl: 14 und 21 UPM<\/li>\n\n\n\n<li>Generator: polumschaltbarer Asynchrongenerator<\/li>\n\n\n\n<li>Leistung: 200 \/ 1000 kW<\/li>\n\n\n\n<li>Nennspannung: 690 V<\/li>\n\n\n\n<li>Bremssystem aerodynamisch:Blattspitzenverstellung, unabh\u00e4ngig je Rotorblatt<\/li>\n\n\n\n<li>Bremssystem mechanisch: Scheibenbremse zwischen Getriebe und Generator<\/li>\n\n\n\n<li>Turm: Stahlrohrturm<\/li>\n\n\n\n<li>Nabenh\u00f6he: 60 m<\/li>\n\n\n\n<li>Niveau \u00fcber Narotsch-See: + 40 m<\/li>\n<\/ul>\n\n\n\n\n<\/div><\/td><\/tr>\n<\/table>\n<div class='easySpoilerConclude' style=''><table class='easySpoilerTable' border='0' style='text-align:center;' frame='box' align='center' bgcolor='FFFFFF'><tr><th class='easySpoilerEnd' style='width:100%;'><\/th><td class='easySpoilerEnd' style='white-space:nowrap;' colspan='2'><\/td><\/tr><tr><td class='easySpoilerGroupWrapperLastRow' colspan='2' style=''><\/td><\/tr><\/table><\/div>\n<\/div>\n\n\n\n\n<p><\/p>\n\n\n\n<p><a href=\"https:\/\/heimstatt-tschernobyl.org\/?page_id=162\"><img decoding=\"async\" class=\"wp-image-6356\" style=\"width: 200px;\" src=\"https:\/\/heimstatt-tschernobyl.org\/wp-content\/uploads\/2024\/04\/zur-projektuebersicht.png\" alt=\"\"><\/a><\/p>\n","protected":false},"excerpt":{"rendered":"<p>Windkraft &#8211; sichtbares Zeichen gegen Tschernobyl In den Jahren 2000 bis 2002 hat Heim-statt Tschernobyl zwei Windr\u00e4der mit 250 und 600 kW Nennleistung oberhalb des Narotsch-Sees nahe unserer Siedlung Drushnaja errichtet als deutliches Zeichen gegen Tschernobyl.Die Windr\u00e4der wurden \u00fcberwiegend aus Spendengeldern finanziert, unter anderem auch mit einem besonderen F\u00f6rderprogramm durch&nbsp;S-N-O-W e.V..Im Jahresdurchschnitt produzieren die beiden &#8230; <span class=\"more\"><a class=\"more-link\" href=\"https:\/\/heimstatt-tschernobyl.org\/?page_id=579\">[Read more&#8230;]<\/a><\/span><\/p>\n","protected":false},"author":1,"featured_media":0,"parent":0,"menu_order":0,"comment_status":"closed","ping_status":"closed","template":"","meta":{"iawp_total_views":17,"_mc_calendar":[],"footnotes":""},"class_list":["entry","page","publish","author-ewald","post-579"],"_links":{"self":[{"href":"https:\/\/heimstatt-tschernobyl.org\/index.php?rest_route=\/wp\/v2\/pages\/579","targetHints":{"allow":["GET"]}}],"collection":[{"href":"https:\/\/heimstatt-tschernobyl.org\/index.php?rest_route=\/wp\/v2\/pages"}],"about":[{"href":"https:\/\/heimstatt-tschernobyl.org\/index.php?rest_route=\/wp\/v2\/types\/page"}],"author":[{"embeddable":true,"href":"https:\/\/heimstatt-tschernobyl.org\/index.php?rest_route=\/wp\/v2\/users\/1"}],"replies":[{"embeddable":true,"href":"https:\/\/heimstatt-tschernobyl.org\/index.php?rest_route=%2Fwp%2Fv2%2Fcomments&post=579"}],"version-history":[{"count":9,"href":"https:\/\/heimstatt-tschernobyl.org\/index.php?rest_route=\/wp\/v2\/pages\/579\/revisions"}],"predecessor-version":[{"id":6378,"href":"https:\/\/heimstatt-tschernobyl.org\/index.php?rest_route=\/wp\/v2\/pages\/579\/revisions\/6378"}],"wp:attachment":[{"href":"https:\/\/heimstatt-tschernobyl.org\/index.php?rest_route=%2Fwp%2Fv2%2Fmedia&parent=579"}],"curies":[{"name":"wp","href":"https:\/\/api.w.org\/{rel}","templated":true}]}}