{"id":582,"date":"2019-07-12T21:57:44","date_gmt":"2019-07-12T19:57:44","guid":{"rendered":"http:\/\/heimstatt-tschernobyl.org\/?page_id=582"},"modified":"2024-04-20T13:54:01","modified_gmt":"2024-04-20T11:54:01","slug":"schilfplattenproduktion","status":"publish","type":"page","link":"https:\/\/heimstatt-tschernobyl.org\/?page_id=582","title":{"rendered":"Schilfplattenproduktion"},"content":{"rendered":"\n<h3 class=\"wp-block-heading\">Schilfplattenproduktion am Narotsch-See<\/h3>\n\n\n\n<h5 class=\"wp-block-heading\">Eine Schilfplatten-Kn\u00fcpfmaschine f\u00fcr \u00d6koDom<br><img loading=\"lazy\" decoding=\"async\" width=\"600\" height=\"400\" class=\"wp-image-1679\" style=\"width: 600px;\" src=\"http:\/\/heimstatt-tschernobyl.org\/wp-content\/uploads\/2020\/04\/Schilfplatten-Kn\u00fcpfmaschine.jpg\" alt=\"\" srcset=\"https:\/\/heimstatt-tschernobyl.org\/wp-content\/uploads\/2020\/04\/Schilfplatten-Kn\u00fcpfmaschine.jpg 986w, https:\/\/heimstatt-tschernobyl.org\/wp-content\/uploads\/2020\/04\/Schilfplatten-Kn\u00fcpfmaschine-300x200.jpg 300w, https:\/\/heimstatt-tschernobyl.org\/wp-content\/uploads\/2020\/04\/Schilfplatten-Kn\u00fcpfmaschine-768x513.jpg 768w\" sizes=\"auto, (max-width: 600px) 100vw, 600px\" \/><\/h5>\n\n\n\n<p>Nun steht sie schon seit mehreren Jahren in Drushnaja, die eigene Schilfplattenkn\u00fcpfmaschine von \u00d6koDom. Die Fa.Sterflinger aus S\u00fcddeutschland gab ihre Schilfplattenproduktion auf und hat Heim-statt Tschernobyl (bzw.\u00d6koDom) eine gut erhaltene und gepflegte Schilfplatten-Kn\u00fcpfmaschine geschenkt. Die Maschine wurde abgebaut, verpackt und nach Belarus transportiert. \u00d6koDom hat gro\u00dfe Hallen in Sanarotsch bei Drushnaja angemietet und f\u00fcr die Schilfplattenproduktion und -lagerung hergerichtet. Horst Tiemann leitete mit Wassilij Nasarenko den Abbau der Maschine in Deutschland und den Aufbau in Sanarotsch.<br>Im Winter wird das Schilf geerntet: Wenn das Eis auf dem Narotsch-See fest ist, kann das Schilf per Hand oder (seit dem Winter 2005) mit Hilfe der neuen Schilferntemaschine geschnitten werden. Bis zu 15 Mitarbeiter sind mit der Ernte, dem Transport und der Verarbeitung besch\u00e4ftigt.<br><\/p>\n\n\n\n<figure class=\"wp-block-image size-large\"><img loading=\"lazy\" decoding=\"async\" width=\"1024\" height=\"673\" src=\"http:\/\/heimstatt-tschernobyl.org\/wp-content\/uploads\/2019\/07\/Schilf-See-1024x673.jpg\" alt=\"Schilfernte\" class=\"wp-image-613\" srcset=\"https:\/\/heimstatt-tschernobyl.org\/wp-content\/uploads\/2019\/07\/Schilf-See.jpg 1024w, https:\/\/heimstatt-tschernobyl.org\/wp-content\/uploads\/2019\/07\/Schilf-See-300x197.jpg 300w, https:\/\/heimstatt-tschernobyl.org\/wp-content\/uploads\/2019\/07\/Schilf-See-768x505.jpg 768w, https:\/\/heimstatt-tschernobyl.org\/wp-content\/uploads\/2019\/07\/Schilf-See-411x270.jpg 411w\" sizes=\"auto, (max-width: 1024px) 100vw, 1024px\" \/><figcaption class=\"wp-element-caption\"> Schilfernte auf dem Narotsch-See<\/figcaption><\/figure>\n\n\n\n<p>Das Ziel hei\u00dft: Tausende Schilfb\u00fcndel am Narotsch-See und an benachbarten Seen abzuernten. Damit kann die Maschine dann die f\u00fcr den H\u00e4userbau in Lepel ben\u00f6tigten Schilfplatten kn\u00fcpfen, weitere werden verkauft.<br><br>Die Schilfernte und die Produktion von Schilfplatten verfolgen 3 Ziele:<br><strong>1.<\/strong>\u00a0Verbesserung der Wasserqualit\u00e4t in den Seen durch Abernten<br><strong>2.<\/strong>\u00a0Schaffen von Arbeitspl\u00e4tzen<br><strong>3.<\/strong>\u00a0Produktion von Schilfplatten zur Hausisolierung<br><\/p>\n\n\n\n<p><a href=\"https:\/\/heimstatt-tschernobyl.org\/?page_id=162\"><img decoding=\"async\" class=\"wp-image-6356\" style=\"width: 200px;\" src=\"https:\/\/heimstatt-tschernobyl.org\/wp-content\/uploads\/2024\/04\/zur-projektuebersicht.png\" alt=\"\"><\/a><\/p>\n","protected":false},"excerpt":{"rendered":"<p>Schilfplattenproduktion am Narotsch-See Eine Schilfplatten-Kn\u00fcpfmaschine f\u00fcr \u00d6koDom Nun steht sie schon seit mehreren Jahren in Drushnaja, die eigene Schilfplattenkn\u00fcpfmaschine von \u00d6koDom. Die Fa.Sterflinger aus S\u00fcddeutschland gab ihre Schilfplattenproduktion auf und hat Heim-statt Tschernobyl (bzw.\u00d6koDom) eine gut erhaltene und gepflegte Schilfplatten-Kn\u00fcpfmaschine geschenkt. Die Maschine wurde abgebaut, verpackt und nach Belarus transportiert. \u00d6koDom hat gro\u00dfe Hallen in &#8230; <span class=\"more\"><a class=\"more-link\" href=\"https:\/\/heimstatt-tschernobyl.org\/?page_id=582\">[Read more&#8230;]<\/a><\/span><\/p>\n","protected":false},"author":1,"featured_media":0,"parent":0,"menu_order":0,"comment_status":"closed","ping_status":"closed","template":"","meta":{"iawp_total_views":22,"_mc_calendar":[],"footnotes":""},"class_list":["entry","page","publish","author-ewald","post-582"],"_links":{"self":[{"href":"https:\/\/heimstatt-tschernobyl.org\/index.php?rest_route=\/wp\/v2\/pages\/582","targetHints":{"allow":["GET"]}}],"collection":[{"href":"https:\/\/heimstatt-tschernobyl.org\/index.php?rest_route=\/wp\/v2\/pages"}],"about":[{"href":"https:\/\/heimstatt-tschernobyl.org\/index.php?rest_route=\/wp\/v2\/types\/page"}],"author":[{"embeddable":true,"href":"https:\/\/heimstatt-tschernobyl.org\/index.php?rest_route=\/wp\/v2\/users\/1"}],"replies":[{"embeddable":true,"href":"https:\/\/heimstatt-tschernobyl.org\/index.php?rest_route=%2Fwp%2Fv2%2Fcomments&post=582"}],"version-history":[{"count":7,"href":"https:\/\/heimstatt-tschernobyl.org\/index.php?rest_route=\/wp\/v2\/pages\/582\/revisions"}],"predecessor-version":[{"id":6379,"href":"https:\/\/heimstatt-tschernobyl.org\/index.php?rest_route=\/wp\/v2\/pages\/582\/revisions\/6379"}],"wp:attachment":[{"href":"https:\/\/heimstatt-tschernobyl.org\/index.php?rest_route=%2Fwp%2Fv2%2Fmedia&parent=582"}],"curies":[{"name":"wp","href":"https:\/\/api.w.org\/{rel}","templated":true}]}}