{"id":670,"date":"2019-08-05T11:20:58","date_gmt":"2019-08-05T09:20:58","guid":{"rendered":"http:\/\/heimstatt-tschernobyl.org\/?page_id=670"},"modified":"2025-01-23T15:43:13","modified_gmt":"2025-01-23T14:43:13","slug":"partner","status":"publish","type":"page","link":"https:\/\/heimstatt-tschernobyl.org\/?page_id=670","title":{"rendered":"Unsere Partner"},"content":{"rendered":"\n<p class=\"has-medium-font-size\" id=\"anfang\"><strong>IggV \u00d6koBau<\/strong><\/p>\n\n\n\n<p>Vorstand:<br>Gero M\u00fcller<br>Alte Selterser Strasse 9a<br>65597 H\u00fcnfelden-Dauborn<br><br>Gesch\u00e4ftsf\u00fchrung:<br>Juri Suprinowitsch<br>IggV \u00d6koBau<br>pereulok Bumashkova, 4<br>220037 Minsk, Belarus<br>Tel. +375 17 245 20 61<br>Fax +375 17 245 21 62<br>E-Mail: <a aria-label=\" (\u00f6ffnet in neuem Tab)\" href=\"mailto:oekodom@gmail.com\" target=\"_blank\" rel=\"noreferrer noopener\">oekodom@gmail.com<\/a><br>________________________________________________________________________________________<\/p>\n\n\n\n<p><a rel=\"noreferrer noopener\" href=\"https:\/\/www.ews-schoenau.de\/\" target=\"_blank\"><img loading=\"lazy\" decoding=\"async\" width=\"150\" height=\"131\" class=\"wp-image-3581\" style=\"width: 150px;\" src=\"https:\/\/heimstatt-tschernobyl.org\/wp-content\/uploads\/2022\/06\/EWS-Logo_gekippt.png\" alt=\"\" srcset=\"https:\/\/heimstatt-tschernobyl.org\/wp-content\/uploads\/2022\/06\/EWS-Logo_gekippt.png 6354w, https:\/\/heimstatt-tschernobyl.org\/wp-content\/uploads\/2022\/06\/EWS-Logo_gekippt-300x262.png 300w, https:\/\/heimstatt-tschernobyl.org\/wp-content\/uploads\/2022\/06\/EWS-Logo_gekippt-1024x895.png 1024w, https:\/\/heimstatt-tschernobyl.org\/wp-content\/uploads\/2022\/06\/EWS-Logo_gekippt-768x671.png 768w, https:\/\/heimstatt-tschernobyl.org\/wp-content\/uploads\/2022\/06\/EWS-Logo_gekippt-1536x1342.png 1536w\" sizes=\"auto, (max-width: 150px) 100vw, 150px\" \/><\/a><a href=\"http:\/\/ews-schoenau.de\"><\/a><\/p>\n\n\n\n<p>Armin Komenda, Alexander Sladek<br>Friedrichstra\u00dfe 53 &#8211; 55<br>79677 Sch\u00f6nau<br>Tel: 07673 &#8211; 8885 0<br>Fax: 07673 &#8211; 8885 19<br>E-Mail: <a rel=\"noreferrer noopener\" href=\"mailto:info@ews-schoenau.de\" target=\"_blank\">info@ews-schoenau.de<\/a><br><a rel=\"noreferrer noopener\" href=\"https:\/\/www.ews-schoenau.de\/\" target=\"_blank\">www.ews-schoenau.de<\/a><\/p>\n\n\n\n<p>Stromwechsel ganz einfach \u2013 atomstromlos. klimafreundlich. b\u00fcrgereigen.<br> Antrag zur Stromlieferung<a href=\"https:\/\/heimstatt-tschernobyl.org\/wp-content\/uploads\/2024\/03\/koop-hst-auftrag-stromlieferung-2024-04.pdf\" target=\"_blank\" rel=\"noreferrer noopener\"><img decoding=\"async\" class=\"wp-image-737\" style=\"width: 50px;\" src=\"https:\/\/heimstatt-tschernobyl.org\/wp-content\/uploads\/2019\/08\/pdf-icon.png\" alt=\"\"><\/a><br><br>Jetzt zu Biogas wechseln \u2013 <a href=\"https:\/\/www.ews-schoenau.de\/biogas\/\" target=\"_blank\" rel=\"noreferrer noopener\">Gute Argumente f\u00fcr den Wechsel<\/a><br>Antrag zur Biogaslieferung <a href=\"https:\/\/heimstatt-tschernobyl.org\/wp-content\/uploads\/2023\/12\/koop-hst-auftrag-gaslieferung-2024.pdf\" target=\"_blank\" rel=\"noreferrer noopener\"><img decoding=\"async\" class=\"wp-image-737\" style=\"width: 50px;\" src=\"https:\/\/heimstatt-tschernobyl.org\/wp-content\/uploads\/2019\/08\/pdf-icon.png\" alt=\"\"><\/a><br>Zertifikat T\u00dcV Nord \u201eGepr\u00fcfter \u00d6kostrom\u201c <a href=\"https:\/\/heimstatt-tschernobyl.org\/wp-content\/uploads\/2024\/11\/Elektrizitaetswerke-Schoenau-Vertriebs-GmbH-Neues-TUeV-Zertifikat.pdf\" target=\"_blank\" rel=\"noreferrer noopener\"><img decoding=\"async\" class=\"wp-image-737\" style=\"width: 50px;\" src=\"https:\/\/heimstatt-tschernobyl.org\/wp-content\/uploads\/2019\/08\/pdf-icon.png\" alt=\"\"><\/a><br>Zertifikat EnergieVision e.v. <a href=\"https:\/\/www.ok-power.de\/\" target=\"_blank\" rel=\"noreferrer noopener\"><img loading=\"lazy\" decoding=\"async\" width=\"50\" height=\"44\" class=\"wp-image-8386\" style=\"width: 50px;\" src=\"https:\/\/heimstatt-tschernobyl.org\/wp-content\/uploads\/2025\/01\/ok-power_plus_siegel_rgb.jpg\" alt=\"\" srcset=\"https:\/\/heimstatt-tschernobyl.org\/wp-content\/uploads\/2025\/01\/ok-power_plus_siegel_rgb.jpg 1594w, https:\/\/heimstatt-tschernobyl.org\/wp-content\/uploads\/2025\/01\/ok-power_plus_siegel_rgb-300x267.jpg 300w, https:\/\/heimstatt-tschernobyl.org\/wp-content\/uploads\/2025\/01\/ok-power_plus_siegel_rgb-1024x910.jpg 1024w, https:\/\/heimstatt-tschernobyl.org\/wp-content\/uploads\/2025\/01\/ok-power_plus_siegel_rgb-768x683.jpg 768w, https:\/\/heimstatt-tschernobyl.org\/wp-content\/uploads\/2025\/01\/ok-power_plus_siegel_rgb-1536x1365.jpg 1536w\" sizes=\"auto, (max-width: 50px) 100vw, 50px\" \/><\/a>   <a href=\"https:\/\/heimstatt-tschernobyl.org\/wp-content\/uploads\/2025\/01\/EWS_2025_OK-Power-Zertifikat-1.pdf\"><img decoding=\"async\" class=\"wp-image-737\" style=\"width: 50px;\" src=\"https:\/\/heimstatt-tschernobyl.org\/wp-content\/uploads\/2019\/08\/pdf-icon.png\" alt=\"\"><\/a><\/p>\n\n\n\n<p>________________________________________________________________________________________<\/p>\n\n\n\n<p><a href=\"https:\/\/ibb-d.de\/\" target=\"_blank\" rel=\"noreferrer noopener\"><img loading=\"lazy\" decoding=\"async\" width=\"200\" height=\"200\" class=\"wp-image-701\" style=\"width: 200px;\" src=\"http:\/\/heimstatt-tschernobyl.org\/wp-content\/uploads\/2019\/08\/logo_IBB-570x570.png\" alt=\"\" srcset=\"https:\/\/heimstatt-tschernobyl.org\/wp-content\/uploads\/2019\/08\/logo_IBB-570x570.png 570w, https:\/\/heimstatt-tschernobyl.org\/wp-content\/uploads\/2019\/08\/logo_IBB-570x570-150x150.png 150w, https:\/\/heimstatt-tschernobyl.org\/wp-content\/uploads\/2019\/08\/logo_IBB-570x570-300x300.png 300w\" sizes=\"auto, (max-width: 200px) 100vw, 200px\" \/><\/a><\/p>\n\n\n\n<p>Thomasstr. 1<br> 44135 Dortmund<br> Tel.: 0231-9520960<br> Fax: 0231-521233<br> E-Mail: <a aria-label=\"ibb-dortmund@t-online.de (\u00f6ffnet in neuem Tab)\" href=\"mailto:ibb-dortmund@t-online.de\" target=\"_blank\" rel=\"noreferrer noopener\">ibb-dortmund@t-online.de<\/a><br>________________________________________________________________________________________<\/p>\n\n\n\n<p class=\"has-medium-font-size\"><strong>Heimst\u00e4tte D\u00fcnne<\/strong><br><a aria-label=\"\ufffc (\u00f6ffnet in neuem Tab)\" href=\"https:\/\/heimstaette-duenne.de\/\" target=\"_blank\" rel=\"noreferrer noopener\"><img loading=\"lazy\" decoding=\"async\" width=\"150\" height=\"89\" class=\"wp-image-697\" style=\"width: 150px;\" src=\"http:\/\/heimstatt-tschernobyl.org\/wp-content\/uploads\/2019\/08\/Heimst\u00e4tte-D\u00fcnne.jpg\" alt=\"\"><\/a><\/p>\n\n\n\n<p>Gesch\u00e4ftsf\u00fchrer: Arnt von Bodelschwingh<br>Gesch\u00e4ftsstelle: Kantstr. 92<br>10627 Berlin<br>Tel: 030 &#8211; 5034 8444<br>E-Mail: <a href=\"mailto:avb@heimstaette-duenne.de\" target=\"_blank\" rel=\"noreferrer noopener\">avb@heimstaette-duenne.de<\/a><br>________________________________________________________________________________________<\/p>\n\n\n\n<p class=\"has-medium-font-size\"><strong>Internationale Jugendworkcamps der evangelischen Jugendregion B\u00fcnde &#8211; Ost<\/strong><br><a aria-label=\"\ufffc (\u00f6ffnet in neuem Tab)\" href=\"https:\/\/ijwc.org\/\" target=\"_blank\" rel=\"noreferrer noopener\"><img loading=\"lazy\" decoding=\"async\" width=\"150\" height=\"100\" class=\"wp-image-696\" style=\"width: 150px;\" src=\"http:\/\/heimstatt-tschernobyl.org\/wp-content\/uploads\/2019\/08\/Logo-IJWC-360x240.png\" alt=\"\" srcset=\"https:\/\/heimstatt-tschernobyl.org\/wp-content\/uploads\/2019\/08\/Logo-IJWC-360x240.png 360w, https:\/\/heimstatt-tschernobyl.org\/wp-content\/uploads\/2019\/08\/Logo-IJWC-360x240-300x200.png 300w\" sizes=\"auto, (max-width: 150px) 100vw, 150px\" \/><\/a><\/p>\n\n\n\n<p>Ulrike Jaeger<br>Gemeindep\u00e4dagogin u. Sozialmanagerin FH<br>Wehm Str. 7<br>D-32257 B\u00fcnde<br>Tel. dienstl.: 05223-4750<br>Te. privat: 05223-48915<br>E-Mail: <a aria-label=\"jaegerbuende@aol.com (\u00f6ffnet in neuem Tab)\" href=\"mailto:jaegerbuende@aol.com\" target=\"_blank\" rel=\"noreferrer noopener\">jaegerbuende@aol.com<\/a><br>________________________________________________________________________________________<\/p>\n\n\n\n<p class=\"has-medium-font-size\"><strong>Den Kindern von Tschernobyl<\/strong><br><a aria-label=\"\ufffc (\u00f6ffnet in neuem Tab)\" href=\"http:\/\/dkvt.de\/\" target=\"_blank\" rel=\"noreferrer noopener\"><img loading=\"lazy\" decoding=\"async\" width=\"132\" height=\"115\" class=\"wp-image-694\" style=\"width: 132px;\" src=\"http:\/\/heimstatt-tschernobyl.org\/wp-content\/uploads\/2019\/08\/Logo_Den-Kindern-von-Tschernobyl.jpg\" alt=\"\"><\/a><\/p>\n\n\n\n<p>Karl-Immermann-Str. 28<br>48165 M\u00fcnster<br>Tel.: 02501-70927<br>Fax: 02501-27417<br>E-Mail:&nbsp;<a aria-label=\"burkhard.homeyer@t-online.de (\u00f6ffnet in neuem Tab)\" href=\"mailto:burkhard.homeyer@t-online.de\" target=\"_blank\" rel=\"noreferrer noopener\">burkhard.homeyer@t-online.de<\/a><br>________________________________________________________________________________________<\/p>\n\n\n\n<p class=\"has-medium-font-size\"><a aria-label=\"\ufffc (\u00f6ffnet in neuem Tab)\" href=\"https:\/\/www.ippnw.de\/startseite.html\" target=\"_blank\" rel=\"noreferrer noopener\"><img loading=\"lazy\" decoding=\"async\" width=\"120\" height=\"149\" class=\"wp-image-688\" style=\"width: 120px;\" src=\"http:\/\/heimstatt-tschernobyl.org\/wp-content\/uploads\/2019\/08\/Logo-IPPNW.png\" alt=\"\"><\/a><\/p>\n\n\n\n<p>Internationale \u00c4rzte f\u00fcr die Verh\u00fctung des Atomkrieges,<br>\u00c4rzte in sozialer Verantwortung e.V. (IPPNW) Sektion Deutschland<br>K\u00f6rtestras\u00dfe 10<br>10967 Berlin<br>Tel.: 030-698074-0<br>Fax: 030-6938166<br>E-Mail:&nbsp;<a aria-label=\"ippnw@ippnw.de (\u00f6ffnet in neuem Tab)\" href=\"mailto:ippnw@ippnw.de\" target=\"_blank\" rel=\"noreferrer noopener\">ippnw@ippnw.de<\/a><br>________________________________________________________________________________________<\/p>\n\n\n\n<p class=\"has-medium-font-size\"><a aria-label=\"\ufffc (\u00f6ffnet in neuem Tab)\" href=\"https:\/\/urgewald.org\/\" target=\"_blank\" rel=\"noreferrer noopener\"><img loading=\"lazy\" decoding=\"async\" width=\"150\" height=\"100\" class=\"wp-image-691\" style=\"width: 150px;\" src=\"http:\/\/heimstatt-tschernobyl.org\/wp-content\/uploads\/2019\/08\/csm_Urgewald_750x500_7f0df870cb.png\" alt=\"\" srcset=\"https:\/\/heimstatt-tschernobyl.org\/wp-content\/uploads\/2019\/08\/csm_Urgewald_750x500_7f0df870cb.png 500w, https:\/\/heimstatt-tschernobyl.org\/wp-content\/uploads\/2019\/08\/csm_Urgewald_750x500_7f0df870cb-300x200.png 300w\" sizes=\"auto, (max-width: 150px) 100vw, 150px\" \/><\/a><\/p>\n\n\n\n<p>Von-Galen-Strasse 4<br>48336 Sassenberg<br>Tel.: 02583-1031<br>Fax: 02583-4220<br>E-Mail:&nbsp;<a aria-label=\"heffa@urgewald.de (\u00f6ffnet in neuem Tab)\" href=\"mailto:heffa@urgewald.de\" target=\"_blank\" rel=\"noreferrer noopener\">heffa@urgewald.de<\/a><br>________________________________________________________________________________________<\/p>\n\n\n\n<p class=\"has-medium-font-size\"><a aria-label=\"\ufffc (\u00f6ffnet in neuem Tab)\" href=\"https:\/\/www.fairpla.net\/\" target=\"_blank\" rel=\"noreferrer noopener\"><img loading=\"lazy\" decoding=\"async\" width=\"150\" height=\"33\" class=\"wp-image-692\" style=\"width: 150px;\" src=\"http:\/\/heimstatt-tschernobyl.org\/wp-content\/uploads\/2019\/08\/Logo_fairplanet.jpg\" alt=\"\"><\/a><\/p>\n\n\n\n<p>H\u00fcfferstra\u00dfe 16<br>48149 M\u00fcnster<br>Tel.: 0251-9191983<br>Fax: 0251-87188838<br>E-Mail:&nbsp;<a href=\"mailto:info@fairpla.net\">info@fairpla.net<\/a><a href=\"#anfang\"><\/a><\/p>\n\n\n\n<p><a href=\"#anfang\" data-type=\"internal\" data-id=\"#anfang\"><img loading=\"lazy\" decoding=\"async\" width=\"150\" height=\"61\" class=\"wp-image-6351\" style=\"width: 150px;\" src=\"https:\/\/heimstatt-tschernobyl.org\/wp-content\/uploads\/2024\/04\/nach-oben2.png\" alt=\"\" srcset=\"https:\/\/heimstatt-tschernobyl.org\/wp-content\/uploads\/2024\/04\/nach-oben2.png 4962w, https:\/\/heimstatt-tschernobyl.org\/wp-content\/uploads\/2024\/04\/nach-oben2-300x121.png 300w, https:\/\/heimstatt-tschernobyl.org\/wp-content\/uploads\/2024\/04\/nach-oben2-1024x413.png 1024w, https:\/\/heimstatt-tschernobyl.org\/wp-content\/uploads\/2024\/04\/nach-oben2-768x310.png 768w, https:\/\/heimstatt-tschernobyl.org\/wp-content\/uploads\/2024\/04\/nach-oben2-1536x620.png 1536w, https:\/\/heimstatt-tschernobyl.org\/wp-content\/uploads\/2024\/04\/nach-oben2-2048x826.png 2048w\" sizes=\"auto, (max-width: 150px) 100vw, 150px\" \/><\/a><a href=\"https:\/\/heimstatt-tschernobyl.org\/?page_id=670\"><\/a><\/p>\n","protected":false},"excerpt":{"rendered":"<p>IggV \u00d6koBau Vorstand:Gero M\u00fcllerAlte Selterser Strasse 9a65597 H\u00fcnfelden-Dauborn Gesch\u00e4ftsf\u00fchrung:Juri SuprinowitschIggV \u00d6koBaupereulok Bumashkova, 4220037 Minsk, BelarusTel. +375 17 245 20 61Fax +375 17 245 21 62E-Mail: oekodom@gmail.com________________________________________________________________________________________ Armin Komenda, Alexander SladekFriedrichstra\u00dfe 53 &#8211; 5579677 Sch\u00f6nauTel: 07673 &#8211; 8885 0Fax: 07673 &#8211; 8885 19E-Mail: info@ews-schoenau.dewww.ews-schoenau.de Stromwechsel ganz einfach \u2013 atomstromlos. klimafreundlich. b\u00fcrgereigen. Antrag zur Stromlieferung Jetzt zu &#8230; <span class=\"more\"><a class=\"more-link\" href=\"https:\/\/heimstatt-tschernobyl.org\/?page_id=670\">[Read more&#8230;]<\/a><\/span><\/p>\n","protected":false},"author":1,"featured_media":0,"parent":0,"menu_order":0,"comment_status":"closed","ping_status":"closed","template":"","meta":{"iawp_total_views":96,"_mc_calendar":[],"footnotes":""},"class_list":["entry","page","publish","author-ewald","post-670"],"_links":{"self":[{"href":"https:\/\/heimstatt-tschernobyl.org\/index.php?rest_route=\/wp\/v2\/pages\/670","targetHints":{"allow":["GET"]}}],"collection":[{"href":"https:\/\/heimstatt-tschernobyl.org\/index.php?rest_route=\/wp\/v2\/pages"}],"about":[{"href":"https:\/\/heimstatt-tschernobyl.org\/index.php?rest_route=\/wp\/v2\/types\/page"}],"author":[{"embeddable":true,"href":"https:\/\/heimstatt-tschernobyl.org\/index.php?rest_route=\/wp\/v2\/users\/1"}],"replies":[{"embeddable":true,"href":"https:\/\/heimstatt-tschernobyl.org\/index.php?rest_route=%2Fwp%2Fv2%2Fcomments&post=670"}],"version-history":[{"count":69,"href":"https:\/\/heimstatt-tschernobyl.org\/index.php?rest_route=\/wp\/v2\/pages\/670\/revisions"}],"predecessor-version":[{"id":8388,"href":"https:\/\/heimstatt-tschernobyl.org\/index.php?rest_route=\/wp\/v2\/pages\/670\/revisions\/8388"}],"wp:attachment":[{"href":"https:\/\/heimstatt-tschernobyl.org\/index.php?rest_route=%2Fwp%2Fv2%2Fmedia&parent=670"}],"curies":[{"name":"wp","href":"https:\/\/api.w.org\/{rel}","templated":true}]}}