{"id":715,"date":"2019-08-05T15:33:39","date_gmt":"2019-08-05T13:33:39","guid":{"rendered":"http:\/\/heimstatt-tschernobyl.org\/?page_id=715"},"modified":"2025-12-14T13:45:44","modified_gmt":"2025-12-14T12:45:44","slug":"floetenensemble-syrinx","status":"publish","type":"page","link":"https:\/\/heimstatt-tschernobyl.org\/?page_id=715","title":{"rendered":"Fl\u00f6tenensemble Syrinx"},"content":{"rendered":"\n<p>Viele Jahre arbeitete das Fl\u00f6tenensemble Syrinx mit uns zusammen und half, Gelder f\u00fcr den Bau von H\u00e4usern f\u00fcr Umsiedler aus den verstrahlten Regionen von Belarus zu sammeln. Einmal j\u00e4hrlich ging das Ensemble auf Deutschlandtournee und gab Benefizkonzerte in verschiedenen St\u00e4dten und Gemeinden in ganz Deutschland.<\/p>\n\n\n\n<p>Das Fl\u00f6tenensemble Syrinx wurde 1980 von Nina Avramenko, Professorin an der staatlichen Musikakademie Minsk, gegr\u00fcndet. Am Anfang bestand es aus Sch\u00fclerinnen und Sch\u00fclern des belarussischen, staatlichen Konservatoriums, die au\u00dferhalb ihres Studiums viele Konzerte spielten.<br>Heute besteht Syrinx aus Studentinnen, Studenten und Absolventen der belarussischen staatlichen Musikakademie Minsk. Die Mitglieder des heutigen Ensembles sind ausschlie\u00dflich Preistr\u00e4gerinnen und Preistr\u00e4ger nationaler und internationaler Musikwettbewerbe und spielen, soweit sie das Musikkonservatorium abgeschlossen haben, als Profimusiker in gro\u00dfen Orchestern in Belarus.<br><img loading=\"lazy\" decoding=\"async\" width=\"600\" height=\"450\" class=\"wp-image-872\" style=\"width: 600px;\" src=\"http:\/\/heimstatt-tschernobyl.org\/wp-content\/uploads\/2019\/08\/Syrinx_2013.jpg\" alt=\"\" srcset=\"https:\/\/heimstatt-tschernobyl.org\/wp-content\/uploads\/2019\/08\/Syrinx_2013.jpg 3072w, https:\/\/heimstatt-tschernobyl.org\/wp-content\/uploads\/2019\/08\/Syrinx_2013-300x225.jpg 300w, https:\/\/heimstatt-tschernobyl.org\/wp-content\/uploads\/2019\/08\/Syrinx_2013-768x576.jpg 768w, https:\/\/heimstatt-tschernobyl.org\/wp-content\/uploads\/2019\/08\/Syrinx_2013-1024x768.jpg 1024w\" sizes=\"auto, (max-width: 600px) 100vw, 600px\" \/><\/p>\n\n\n\n<p>Weitere Informationen sind im\u00a0<a href=\"http:\/\/de.wikipedia.org\/wiki\/Fl%C3%B6tenensemble_Syrinx\" target=\"_blank\" rel=\"noreferrer noopener\"><strong>Wikipedia-Artikel zum Fl\u00f6tenensemble Syrinx<\/strong><\/a>, sowie auf der\u00a0<strong><a href=\"http:\/\/syrinx.by\/\" target=\"_blank\" rel=\"noreferrer noopener\">Syrinx-Homepage<\/a><\/strong>\u00a0zu finden.<\/p>\n\n\n\n<p><\/p>\n","protected":false},"excerpt":{"rendered":"<p>Viele Jahre arbeitete das Fl\u00f6tenensemble Syrinx mit uns zusammen und half, Gelder f\u00fcr den Bau von H\u00e4usern f\u00fcr Umsiedler aus den verstrahlten Regionen von Belarus zu sammeln. Einmal j\u00e4hrlich ging das Ensemble auf Deutschlandtournee und gab Benefizkonzerte in verschiedenen St\u00e4dten und Gemeinden in ganz Deutschland. Das Fl\u00f6tenensemble Syrinx wurde 1980 von Nina Avramenko, Professorin an &#8230; <span class=\"more\"><a class=\"more-link\" href=\"https:\/\/heimstatt-tschernobyl.org\/?page_id=715\">[Read more&#8230;]<\/a><\/span><\/p>\n","protected":false},"author":1,"featured_media":0,"parent":0,"menu_order":0,"comment_status":"closed","ping_status":"closed","template":"","meta":{"iawp_total_views":38,"_mc_calendar":[],"footnotes":""},"class_list":["entry","page","publish","author-ewald","post-715"],"_links":{"self":[{"href":"https:\/\/heimstatt-tschernobyl.org\/index.php?rest_route=\/wp\/v2\/pages\/715","targetHints":{"allow":["GET"]}}],"collection":[{"href":"https:\/\/heimstatt-tschernobyl.org\/index.php?rest_route=\/wp\/v2\/pages"}],"about":[{"href":"https:\/\/heimstatt-tschernobyl.org\/index.php?rest_route=\/wp\/v2\/types\/page"}],"author":[{"embeddable":true,"href":"https:\/\/heimstatt-tschernobyl.org\/index.php?rest_route=\/wp\/v2\/users\/1"}],"replies":[{"embeddable":true,"href":"https:\/\/heimstatt-tschernobyl.org\/index.php?rest_route=%2Fwp%2Fv2%2Fcomments&post=715"}],"version-history":[{"count":5,"href":"https:\/\/heimstatt-tschernobyl.org\/index.php?rest_route=\/wp\/v2\/pages\/715\/revisions"}],"predecessor-version":[{"id":10984,"href":"https:\/\/heimstatt-tschernobyl.org\/index.php?rest_route=\/wp\/v2\/pages\/715\/revisions\/10984"}],"wp:attachment":[{"href":"https:\/\/heimstatt-tschernobyl.org\/index.php?rest_route=%2Fwp%2Fv2%2Fmedia&parent=715"}],"curies":[{"name":"wp","href":"https:\/\/api.w.org\/{rel}","templated":true}]}}