{"id":719,"date":"2019-08-05T16:25:40","date_gmt":"2019-08-05T14:25:40","guid":{"rendered":"http:\/\/heimstatt-tschernobyl.org\/?page_id=719"},"modified":"2025-05-16T11:28:50","modified_gmt":"2025-05-16T09:28:50","slug":"auszeichnungen","status":"publish","type":"page","link":"https:\/\/heimstatt-tschernobyl.org\/?page_id=719","title":{"rendered":"Auszeichnungen"},"content":{"rendered":"\n<p id=\"anfang\"><\/p>\n\n\n\n<p class=\"has-medium-font-size\"><strong>2021: Bundesverdienstkreuz f\u00fcr Edeltraud und Christof Schill<\/strong><\/p>\n\n\n\n<p>Unsere Vorsitzende Edeltraud Schill und ihr Ehemann Christof wurden im Auftrag des Bundespr\u00e4sidenten der Bundesrepublik Deutschland, Frank-Walter Steinmeier, durch Landrat Roland Bernhard mit dem Bundesverdienstkreuz am Bande ausgezeichnet.<br>Die Verleihung fand am 26. April 2021 Corona-Bedingt in sehr kleinem Kreise statt und wurde via Livestream \u00fcbertragen.<\/p>\n\n\n\n<p>HERZLICHEN GL\u00dcCKWUNSCH den Preistr\u00e4gern!<br><br><img loading=\"lazy\" decoding=\"async\" width=\"900\" height=\"598\" class=\"wp-image-2377\" style=\"width: 900px;\" src=\"https:\/\/heimstatt-tschernobyl.org\/wp-content\/uploads\/2021\/05\/Bundesverdienstkreuz_Edeltraud_und_Christof_Schill-scaled.jpg\" alt=\"\" srcset=\"https:\/\/heimstatt-tschernobyl.org\/wp-content\/uploads\/2021\/05\/Bundesverdienstkreuz_Edeltraud_und_Christof_Schill-scaled.jpg 2560w, https:\/\/heimstatt-tschernobyl.org\/wp-content\/uploads\/2021\/05\/Bundesverdienstkreuz_Edeltraud_und_Christof_Schill-300x199.jpg 300w, https:\/\/heimstatt-tschernobyl.org\/wp-content\/uploads\/2021\/05\/Bundesverdienstkreuz_Edeltraud_und_Christof_Schill-1024x680.jpg 1024w, https:\/\/heimstatt-tschernobyl.org\/wp-content\/uploads\/2021\/05\/Bundesverdienstkreuz_Edeltraud_und_Christof_Schill-768x510.jpg 768w, https:\/\/heimstatt-tschernobyl.org\/wp-content\/uploads\/2021\/05\/Bundesverdienstkreuz_Edeltraud_und_Christof_Schill-1536x1020.jpg 1536w, https:\/\/heimstatt-tschernobyl.org\/wp-content\/uploads\/2021\/05\/Bundesverdienstkreuz_Edeltraud_und_Christof_Schill-2048x1360.jpg 2048w\" sizes=\"auto, (max-width: 900px) 100vw, 900px\" \/><br>Im Bild von links: Roland Bernhard (Landrat BW), Christof und Edeltraud Schill, Ioannis Delakos (B\u00fcrgermeister Stadt Holzgerlingen)<\/p>\n\n\n\n<hr class=\"wp-block-separator has-alpha-channel-opacity\"\/>\n\n\n\n<p><\/p>\n\n\n\n<p class=\"has-medium-font-size\"><strong>2018: Auszeichnung f\u00fcr humanit\u00e4re Zusammenarbeit<\/strong><\/p>\n\n\n\n<p> Am 16. Oktober 2018 bekam unser Verein Heim-statt Tschernobyl e.V. vom stellvertretenden Minister f\u00fcr humanit\u00e4re Angelegenheiten in Belarus, Herr D. Shekunov, eine Auszeichnung \u00fcberreicht. Unsere Vorsitzende Edeltraud Schill war in der belarussischen Botschaft in Berlin, um die Auszeichnung von Herrn Shekunov entgegenzunehmen.<br>Wir bedanken uns f\u00fcr diese gro\u00dfe Wertsch\u00e4tzung unserer Arbeit in Belarus und haben uns sehr dar\u00fcber gefreut. <\/p>\n\n\n\n<figure class=\"wp-block-image\"><a href=\"http:\/\/heimstatt-tschernobyl.org\/wp-content\/uploads\/2019\/08\/Auszeichnung_Ueberreicht.jpg\" target=\"_blank\" rel=\"noreferrer noopener\"><img loading=\"lazy\" decoding=\"async\" width=\"1024\" height=\"683\" src=\"http:\/\/heimstatt-tschernobyl.org\/wp-content\/uploads\/2019\/08\/Auszeichnung_Ueberreicht-1024x683.jpg\" alt=\"\" class=\"wp-image-733\" srcset=\"https:\/\/heimstatt-tschernobyl.org\/wp-content\/uploads\/2019\/08\/Auszeichnung_Ueberreicht-1024x683.jpg 1024w, https:\/\/heimstatt-tschernobyl.org\/wp-content\/uploads\/2019\/08\/Auszeichnung_Ueberreicht-300x200.jpg 300w, https:\/\/heimstatt-tschernobyl.org\/wp-content\/uploads\/2019\/08\/Auszeichnung_Ueberreicht-768x512.jpg 768w, https:\/\/heimstatt-tschernobyl.org\/wp-content\/uploads\/2019\/08\/Auszeichnung_Ueberreicht.jpg 1080w\" sizes=\"auto, (max-width: 1024px) 100vw, 1024px\" \/><\/a><figcaption class=\"wp-element-caption\">Herr D. Shekunov \u00fcberreicht Edeltraud Schill die Auszeichnung.<\/figcaption><\/figure>\n\n\n\n<hr class=\"wp-block-separator has-alpha-channel-opacity\"\/>\n\n\n\n<p><\/p>\n\n\n\n<p class=\"has-medium-font-size\"><strong>2014: Energy Globe National Award<\/strong><\/p>\n\n\n\n<p> Heim-statt Tschernobyl hat am 16. Juli 2014 im \u00f6sterreichischen Konsulat Stuttgart den Energy Globe National Award 2014 verliehen bekommen.<br>Der \u00f6sterreichische Vizekonsul Lukas Rupsch \u00fcbergab die Urkunde an die Vorsitzende von Heim-statt Tschernobyl e.V. Edeltraud Schill.<br>\u201eAdvantage Austria\u201c vergibt diesen international ausgeschriebenen World Award an Projekte f\u00fcr Nachhaltigkeit. Heim-statt Tschernobyl wurde ausgezeichnet in der nationalen Kategorie Belarus f\u00fcr das Projekt \u201eZukunft nach Tschernobyl durch Umsiedlung, Bau \u00f6kologischer H\u00e4user, Energie aus Windkraft und Sonne, Passiv-Haus Standard durch D\u00e4mmung mit Schilf aus lokalen Ressourcen\u201c. <\/p>\n\n\n\n<figure class=\"wp-block-image\"><a href=\"http:\/\/heimstatt-tschernobyl.org\/wp-content\/uploads\/2019\/08\/IMG_EGA2.jpg\" target=\"_blank\" rel=\"noreferrer noopener\"><img loading=\"lazy\" decoding=\"async\" width=\"1024\" height=\"876\" src=\"http:\/\/heimstatt-tschernobyl.org\/wp-content\/uploads\/2019\/08\/IMG_EGA2-1024x876.jpg\" alt=\"\" class=\"wp-image-720\" srcset=\"https:\/\/heimstatt-tschernobyl.org\/wp-content\/uploads\/2019\/08\/IMG_EGA2-1024x876.jpg 1024w, https:\/\/heimstatt-tschernobyl.org\/wp-content\/uploads\/2019\/08\/IMG_EGA2-300x256.jpg 300w, https:\/\/heimstatt-tschernobyl.org\/wp-content\/uploads\/2019\/08\/IMG_EGA2-768x657.jpg 768w\" sizes=\"auto, (max-width: 1024px) 100vw, 1024px\" \/><\/a><figcaption class=\"wp-element-caption\">von links: Heike Ottenbacher, Edeltraud Schill, Lukas Rupsch, Christof Schill<\/figcaption><\/figure>\n\n\n\n<hr class=\"wp-block-separator has-alpha-channel-opacity\"\/>\n\n\n\n<p><\/p>\n\n\n\n<p class=\"has-medium-font-size\"> <strong>2014: Waltraud-Netzer-Jugendpreis<\/strong><\/p>\n\n\n\n<p>Das internationale Jugendworkcamp \u201eBelarus\u201c ist am Samstagabend in Leipzig mit dem Waltraud-Netzer-Jugendpreis der Vereinigung Gegen Vergessen \u2013 F\u00fcr Demokratie e.V. ausgezeichnet worden. Damit w\u00fcrdigt der Verein den Einsatz junger Menschen der Evangelischen Jugend B\u00fcnde-Ost, die sich f\u00fcr die Verst\u00e4ndigung zwischen Deutschen und Belarussen engagieren.<\/p>\n\n\n\n<p><a href=\"https:\/\/heimstatt-tschernobyl.org\/wp-content\/uploads\/2019\/08\/PM_Netzer_Preis_2014_Presse_23_11_2014.pdf\" target=\"_blank\" rel=\"noreferrer noopener\">Der komplette Bericht als PDF zum download.<img decoding=\"async\" class=\"wp-image-737\" style=\"width: 50px;\" src=\"http:\/\/heimstatt-tschernobyl.org\/wp-content\/uploads\/2019\/08\/pdf-icon.png\" alt=\"\"><\/a><\/p>\n\n\n\n<p><a href=\"https:\/\/www.youtube.com\/watch?v=zPghqJSFIms\" target=\"_blank\" rel=\"noreferrer noopener\"><strong>YouTube-Video zur Preisverleihung<\/strong><\/a><\/p>\n\n\n\n<p>Die Workcamps finden seit 1996 in der Republik Belarus, vor allem im Narotschgebiet und im Lepelergebiet statt. Auf besondere Art und Weise ziehen Jugendliche hier ihre eigenen Schl\u00fcsse aus der durch den Zweiten Weltkrieg belasteten Geschichte. Die deutschen M\u00e4dchen und Jungen renovieren und erneuern alte H\u00e4user und helfen so ganz konkret hilfsbed\u00fcrftigen Menschen. Dabei geht es um Zeitzeugen des Zweiten Weltkriegs, die niemanden mehr haben, der sich um sie k\u00fcmmert, und auch um Betroffene, die aus den Gebieten um Tschernobyl umsiedeln mussten. Der Vorsitzende von Gegen Vergessen \u2013 F\u00fcr Demokratie e.V. Wolfgang Tiefensee sagt: \u201eDer Ansatz der Evangelischen Jugend B\u00fcnde-Ost ist bemerkenswert, weil er historische Spurensuche mit humanit\u00e4rer Hilfe vereint und so einen Beitrag zur V\u00f6lkerverst\u00e4ndigung leistet.\u201c<\/p>\n\n\n\n<p>Der von Gegen Vergessen \u2013 F\u00fcr Demokratie e.V. vergebene Waltraud-Netzer-Jugendpreis ist mit 1.500 Euro dotiert und zeichnet seit 2010 Jugendprojekte aus, die sich aktiv mit der Vergangenheit auseinandersetzen und\/ oder die Entwicklung einer lebendigen Demokratie bef\u00f6rdern. <\/p>\n\n\n\n<figure class=\"wp-block-image\"><a href=\"http:\/\/heimstatt-tschernobyl.org\/wp-content\/uploads\/2019\/08\/csm_Jugendpreis_2014_BuendeOst_80cf7d1f4e.jpg\" target=\"_blank\" rel=\"noreferrer noopener\"><img loading=\"lazy\" decoding=\"async\" width=\"600\" height=\"402\" src=\"http:\/\/heimstatt-tschernobyl.org\/wp-content\/uploads\/2019\/08\/csm_Jugendpreis_2014_BuendeOst_80cf7d1f4e.jpg\" alt=\"\" class=\"wp-image-743\" srcset=\"https:\/\/heimstatt-tschernobyl.org\/wp-content\/uploads\/2019\/08\/csm_Jugendpreis_2014_BuendeOst_80cf7d1f4e.jpg 600w, https:\/\/heimstatt-tschernobyl.org\/wp-content\/uploads\/2019\/08\/csm_Jugendpreis_2014_BuendeOst_80cf7d1f4e-300x201.jpg 300w\" sizes=\"auto, (max-width: 600px) 100vw, 600px\" \/><\/a><figcaption class=\"wp-element-caption\">Foto: Dr. Ulrich M\u00e4hlert<\/figcaption><\/figure>\n\n\n\n<hr class=\"wp-block-separator has-alpha-channel-opacity\"\/>\n\n\n\n<p><\/p>\n\n\n\n<p class=\"has-medium-font-size\"> <strong>2011<\/strong>: <strong>Deutscher Solarpreis<\/strong><\/p>\n\n\n\n<p> F\u00fcr herausragendes Engagement der F\u00f6rderung f\u00fcr erneuerbare Energien in der \u201eEine-Welt-Zusammenarbeit\u201c zeichnete die \u201eEurop\u00e4ische Vereinigung f\u00fcr Erneuerbare Energien e.V. EURO SOLAR\u201c den Verein \u201eHeim-statt Tschernobyl e.V.\u201c am 5. November 2011 mit dem Deutschen Solarpreis 2011 aus.<br>In einer feierlichen Veranstaltung im Historischen Ratsaal Saarbr\u00fccken \u00fcbergab der Vorsitzende der Vereinigung, Dr. Axel Berg, den Pokal an Dietrich von Bodelschwingh. Auch die Umweltministerin des Saarlandes, Dr. Simone Peter und der Europa-Abgeordnete Jo Leinen begl\u00fcckw\u00fcnschten \u201eHeim-statt Tschernobyl\u201c und weitere 8 Preistr\u00e4ger zu dieser Auszeichnung.<\/p>\n\n\n\n<p>Nach der Verleihung des \u201eMarion-D\u00f6nhoff-F\u00f6rderpreises\u201c durch die Hamburger Wochenzeitung \u201eDIE ZEIT\u201c im Dez. 2003 und etlichen Auszeichnungen u.a. der Evangelischen Kirche und belarussischer Institutionen f\u00fchlt sich Heim-statt Tschernobyl in seiner Arbeit und Aufgabenstellung best\u00e4tigt. <\/p>\n\n\n\n<figure class=\"wp-block-image\"><a href=\"http:\/\/heimstatt-tschernobyl.org\/wp-content\/uploads\/2019\/08\/Solarpreis051111085D.jpg\" target=\"_blank\" rel=\"noreferrer noopener\"><img loading=\"lazy\" decoding=\"async\" width=\"1024\" height=\"681\" src=\"http:\/\/heimstatt-tschernobyl.org\/wp-content\/uploads\/2019\/08\/Solarpreis051111085D-1024x681.jpg\" alt=\"\" class=\"wp-image-740\" srcset=\"https:\/\/heimstatt-tschernobyl.org\/wp-content\/uploads\/2019\/08\/Solarpreis051111085D-1024x681.jpg 1024w, https:\/\/heimstatt-tschernobyl.org\/wp-content\/uploads\/2019\/08\/Solarpreis051111085D-300x200.jpg 300w, https:\/\/heimstatt-tschernobyl.org\/wp-content\/uploads\/2019\/08\/Solarpreis051111085D-768x511.jpg 768w\" sizes=\"auto, (max-width: 1024px) 100vw, 1024px\" \/><\/a><figcaption class=\"wp-element-caption\">\u00dcbergabe des Preises durch Dr. Axel Berg (links) an Dietrich von Bodelschwingh.<br>Foto: (c) Becker&amp;Bredel<\/figcaption><\/figure>\n\n\n\n<hr class=\"wp-block-separator has-alpha-channel-opacity\"\/>\n\n\n\n<p><\/p>\n\n\n\n<p class=\"has-medium-font-size\"><strong>2008: Hauptpreis der &#8222;Stiftung Filippas Engel&#8220;<\/strong><\/p>\n\n\n\n<p>Am 26.09.2008 erhielten die Jugendlichen unter Leitung von Ulrike Jaeger f\u00fcr Ihre gro\u00dfartige und langj\u00e4hrige Arbeit den renommierten Preis der <strong>\u201e<strong>STIFTUNG FILIPPAS ENGEL<\/strong>\u201c<\/strong>.<\/p>\n\n\n\n<p>Rund 120 geladene G\u00e4ste hatten sich im Saal des Schlosses Sayn bei Koblenz versammelt, um bei der Preisverleihung der Stiftung \u201eFILIPPAS ENGEL\u201c dabei zu sein. Unter der Schirmherrschaft der Stiftungsvorsitzenden F\u00fcrstin Gabriela zu Sayn-Wittgenstein-Sayn werden jedes Jahr Preise an Jugendliche mit besonderem sozialem, kulturellem oder \u00f6kologischem Engagement verliehen.<br>Einer der Preistr\u00e4ger in diesem Jahr ist das &#8222;Internationale Jugendworkcamp in Belarus&#8220;, in dessen Rahmen jedes Jahr deutsche Jugendliche aus B\u00fcnde in das Land fahren, um dort zusammen mit belarussischen Jugendlichen alte Menschen, die zum Teil den ersten und alle den zweiten Weltkrieg \u00fcberlebt haben, zu unterst\u00fctzen. Dies geschieht, indem sie humanit\u00e4re Hilfe leisten und ihnen neue Wohnverh\u00e4ltnisse schaffen. Das Projekt, welches von Gemeindep\u00e4dagogin Ulrike Jaeger geleitet wird, wird von der\u00a0<a href=\"https:\/\/www.ev-jugend-buende-ost.de\/\" target=\"_blank\" rel=\"noreferrer noopener\">evangelischen Jugendarbeit Region B\u00fcnde Ost<\/a>\u00a0veranstaltet und kooperiert mit dem Verein &#8222;Heim-statt Tschernobyl e.V.&#8220;.<\/p>\n\n\n\n<p>Die \u201eSTIFTUNG FILIPPAS ENGEL\u201c wurde von der F\u00fcrstenfamilie gegr\u00fcndet, da ihre Tochter, Prinzessin Filippa zu Sayn-Wittgenstein-Sayn, mit 21 Jahren bei einem Autounfall ums Leben kam. Jedem Preistr\u00e4ger wird ein silberner, fr\u00f6hlicher Engel \u00fcberreicht, der auf Grund einer Zeichnung der verstorbenen Prinzessin angefertigt wurde. Zus\u00e4tzlich ist der Preis mit einem Geldbetrag verbunden. Da die Stiftung in diesem Jahr ihren 5. Geburtstag feierte, wurden 12 junge Menschen ausgezeichnet mit sechs Ehrenpreisen, einem Sonderpreis und f\u00fcnf Hauptpreisen. Einer der Hauptpreise im Wert von 2.500 Euro ging an das &#8222;Internationale Jugendworkcamp&#8220;. Einige Teilnehmer, die in diesem Jahr in Belarus waren, durften die Gruppe bei der Preisverleihung vertreten. Zu ihnen geh\u00f6rten, neben Ulrike Jaeger, Melanie Scho\u00dfmeier, Moritz Dirker, Jan Wille und Nadine Segadlo, die stellvertretend f\u00fcr die gesamte Gruppe den Preis entgegennehmen durfte.<\/p>\n\n\n\n<p>Bei seiner Begr\u00fc\u00dfung w\u00fcrdigte Stiftungsrat Martin Lohmann die herausragenden Leistungen der jungen Menschen: &#8222;Sie, die Preistr\u00e4ger, sind Mutmacher. Sie sind es, die Engeln ein Gesicht geben.&#8220; Und weiter fuhr er fort: &#8222;Engel besch\u00fctzen und helfen. Engel sind da, wenn sie gebraucht werden.&#8220;&nbsp;<\/p>\n\n\n\n<p>\u201eFILIPPAS ENGEL\u201c wird jedes Jahr als europ\u00e4ischer Jugendpreis vergeben, der sich nicht auf Europa beschr\u00e4nkt, sondern dessen Preistr\u00e4ger gerade durch ihr Engagement im nichteurop\u00e4ischen Ausland ausgezeichnet werden. Im Sinne der Prinzessin Filippa sind es junge Menschen, die vorbildliches leisten, ob in Brasilien, Kalkutta, dem Senegal oder eben in Belarus. Durch diese Auszeichnung erfahren die jungen Menschen Anerkennung und eine Wertsch\u00e4tzung ihrer Arbeit.<br>Die Veranstaltung wurde von dem Journalisten Marco Schreyl moderiert. Musikalisch begleitete Kitty Royale den Abend an der Harfe. Im Abschluss daran waren alle Preistr\u00e4ger und ihre Begleiter zum Empfang und Abendessen eingeladen, bei dem es auch die Gelegenheit gab, sich mit anderen ebenfalls engagierten jungen Menschen auszutauschen.<\/p>\n\n\n\n<p><a href=\"http:\/\/heimstatt-tschernobyl.org\/wp-content\/uploads\/2019\/08\/Filippas-Engel-2008.jpg\" target=\"_blank\" rel=\"noreferrer noopener\" aria-label=\"\ufffc (\u00f6ffnet in neuem Tab)\"><img loading=\"lazy\" decoding=\"async\" width=\"600\" height=\"399\" class=\"wp-image-870\" style=\"width: 600px;\" src=\"http:\/\/heimstatt-tschernobyl.org\/wp-content\/uploads\/2019\/08\/Filippas-Engel-2008.jpg\" alt=\"\" srcset=\"https:\/\/heimstatt-tschernobyl.org\/wp-content\/uploads\/2019\/08\/Filippas-Engel-2008.jpg 450w, https:\/\/heimstatt-tschernobyl.org\/wp-content\/uploads\/2019\/08\/Filippas-Engel-2008-300x199.jpg 300w\" sizes=\"auto, (max-width: 600px) 100vw, 600px\" \/><\/a><\/p>\n\n\n\n<hr class=\"wp-block-separator has-alpha-channel-opacity\"\/>\n\n\n\n<p class=\"has-medium-font-size\"><strong>2003: Marion-D\u00f6nhoff-F\u00f6rderpreis<\/strong><\/p>\n\n\n\n<p>Im Jahre 2003 wurde im Rahmen der Verleihung des&nbsp;<a href=\"https:\/\/de.wikipedia.org\/wiki\/Marion_D%C3%B6nhoff_Preis\" target=\"_blank\" rel=\"noreferrer noopener\"><strong>\u201eMarion D\u00f6nhoff Preis f\u00fcr internationale Verst\u00e4ndigung und Vers\u00f6hnung\u201c<\/strong><\/a>&nbsp;der Marion-D\u00f6nhoff-F\u00f6rderpreis an Heim-statt Tschernobyl e.V. verliehen.<br><\/p>\n\n\n\n<p><a href=\"#anfang\"><img loading=\"lazy\" decoding=\"async\" width=\"144\" height=\"39\" class=\"wp-image-935\" style=\"width: 144px;\" src=\"http:\/\/heimstatt-tschernobyl.org\/wp-content\/uploads\/2019\/08\/button_nach-oben.png\" alt=\"\"><\/a><br><br><a href=\"#auszeichnungenAnchor\" data-type=\"internal\" data-id=\"#auszeichnungenAnchor\"><\/a><\/p>\n","protected":false},"excerpt":{"rendered":"<p>2021: Bundesverdienstkreuz f\u00fcr Edeltraud und Christof Schill Unsere Vorsitzende Edeltraud Schill und ihr Ehemann Christof wurden im Auftrag des Bundespr\u00e4sidenten der Bundesrepublik Deutschland, Frank-Walter Steinmeier, durch Landrat Roland Bernhard mit dem Bundesverdienstkreuz am Bande ausgezeichnet.Die Verleihung fand am 26. April 2021 Corona-Bedingt in sehr kleinem Kreise statt und wurde via Livestream \u00fcbertragen. HERZLICHEN GL\u00dcCKWUNSCH den &#8230; <span class=\"more\"><a class=\"more-link\" href=\"https:\/\/heimstatt-tschernobyl.org\/?page_id=719\">[Read more&#8230;]<\/a><\/span><\/p>\n","protected":false},"author":1,"featured_media":0,"parent":0,"menu_order":0,"comment_status":"closed","ping_status":"closed","template":"","meta":{"iawp_total_views":81,"_mc_calendar":[],"footnotes":""},"class_list":["entry","page","publish","author-ewald","post-719"],"_links":{"self":[{"href":"https:\/\/heimstatt-tschernobyl.org\/index.php?rest_route=\/wp\/v2\/pages\/719","targetHints":{"allow":["GET"]}}],"collection":[{"href":"https:\/\/heimstatt-tschernobyl.org\/index.php?rest_route=\/wp\/v2\/pages"}],"about":[{"href":"https:\/\/heimstatt-tschernobyl.org\/index.php?rest_route=\/wp\/v2\/types\/page"}],"author":[{"embeddable":true,"href":"https:\/\/heimstatt-tschernobyl.org\/index.php?rest_route=\/wp\/v2\/users\/1"}],"replies":[{"embeddable":true,"href":"https:\/\/heimstatt-tschernobyl.org\/index.php?rest_route=%2Fwp%2Fv2%2Fcomments&post=719"}],"version-history":[{"count":45,"href":"https:\/\/heimstatt-tschernobyl.org\/index.php?rest_route=\/wp\/v2\/pages\/719\/revisions"}],"predecessor-version":[{"id":9425,"href":"https:\/\/heimstatt-tschernobyl.org\/index.php?rest_route=\/wp\/v2\/pages\/719\/revisions\/9425"}],"wp:attachment":[{"href":"https:\/\/heimstatt-tschernobyl.org\/index.php?rest_route=%2Fwp%2Fv2%2Fmedia&parent=719"}],"curies":[{"name":"wp","href":"https:\/\/api.w.org\/{rel}","templated":true}]}}