{"id":802,"date":"2019-08-08T16:19:31","date_gmt":"2019-08-08T14:19:31","guid":{"rendered":"http:\/\/heimstatt-tschernobyl.org\/?page_id=802"},"modified":"2026-04-18T22:28:50","modified_gmt":"2026-04-18T20:28:50","slug":"wie-kann-ich-mitmachen","status":"publish","type":"page","link":"https:\/\/heimstatt-tschernobyl.org\/?page_id=802","title":{"rendered":"Mitmachen!"},"content":{"rendered":"\n<p>Liebe Mitglieder und Freunde von Heim-statt Tschernobyl.<br><br><strong>\u201eFreunde statt Feinde \u2013 Begegnung statt Krieg\u201c<\/strong><\/p>\n\n\n\n<p>Unser Friedensworkcamp 2026 findet vom <strong>02. bis 16. August<\/strong> im hessischen <strong>Villmar<\/strong> statt. Wir sind auf das direkt an der Lahn gelegene Naturfreundehaus gesto\u00dfen.<br>Ein gut besuchtes und oft ausgebuchtes Haus am \u00fcberregional beliebten Lahntal-Radweg gelegen. Das Obergeschoss ist derzeit unbewohnbar, w\u00fcrde aber weitere Kapazit\u00e4ten f\u00fcr die zahlreichen Anfragen bieten. \u201eSo ein Geb\u00e4ude bietet ideale Voraussetzungen f\u00fcr Begegnung und Austausch\u201c, so der Vorsitzende der Naturfreunde Hessen, J\u00fcrgen Lamprecht.<br>Neben Demokratie-, Vers\u00f6hnungs- und Friedensarbeit, Nachhaltigkeit und \u00f6kologischem Bewusstsein sind das die Schwerpunkte der Naturfreunde Hessen.<br>Zu den ca. 15 Belarussischen Teilnehmenden hoffen wir auf viele interessierte aus Deutschland, die zwei Wochen mit unseren belarussischen Freundinnen und Freunden das Obergeschoss des Lahntalhauses \u00f6kologisch sanieren, leben und eine gute Zeit zusammen verbringen m\u00f6chten.<br><br>Teilnehmende m\u00fcssen mind. 18 Jahre alt sein.<br><br>Weitere Infos und Anmeldung bei der Gesch\u00e4ftsstelle <br>Heim-Statt Tschernobyl e.V.<br>Rechbergstra\u00dfe 16,<br>71088 Holzgerlingen<br>Tel: 07031 414269<br>E-Mail: <a href=\"mailto:kontakt@heimstatt-tschernobyl.org\" target=\"_blank\" rel=\"noreferrer noopener\">kontakt@heimstatt-tschernobyl.org<\/a><\/p>\n\n\n\n<p><br><br><br><br><br><\/p>\n","protected":false},"excerpt":{"rendered":"<p>Liebe Mitglieder und Freunde von Heim-statt Tschernobyl. \u201eFreunde statt Feinde \u2013 Begegnung statt Krieg\u201c Unser Friedensworkcamp 2026 findet vom 02. bis 16. August im hessischen Villmar statt. Wir sind auf das direkt an der Lahn gelegene Naturfreundehaus gesto\u00dfen.Ein gut besuchtes und oft ausgebuchtes Haus am \u00fcberregional beliebten Lahntal-Radweg gelegen. Das Obergeschoss ist derzeit unbewohnbar, w\u00fcrde &#8230; <span class=\"more\"><a class=\"more-link\" href=\"https:\/\/heimstatt-tschernobyl.org\/?page_id=802\">[Read more&#8230;]<\/a><\/span><\/p>\n","protected":false},"author":1,"featured_media":0,"parent":0,"menu_order":0,"comment_status":"closed","ping_status":"closed","template":"","meta":{"iawp_total_views":119,"_mc_calendar":[],"footnotes":""},"class_list":["entry","page","publish","author-ewald","post-802"],"_links":{"self":[{"href":"https:\/\/heimstatt-tschernobyl.org\/index.php?rest_route=\/wp\/v2\/pages\/802","targetHints":{"allow":["GET"]}}],"collection":[{"href":"https:\/\/heimstatt-tschernobyl.org\/index.php?rest_route=\/wp\/v2\/pages"}],"about":[{"href":"https:\/\/heimstatt-tschernobyl.org\/index.php?rest_route=\/wp\/v2\/types\/page"}],"author":[{"embeddable":true,"href":"https:\/\/heimstatt-tschernobyl.org\/index.php?rest_route=\/wp\/v2\/users\/1"}],"replies":[{"embeddable":true,"href":"https:\/\/heimstatt-tschernobyl.org\/index.php?rest_route=%2Fwp%2Fv2%2Fcomments&post=802"}],"version-history":[{"count":43,"href":"https:\/\/heimstatt-tschernobyl.org\/index.php?rest_route=\/wp\/v2\/pages\/802\/revisions"}],"predecessor-version":[{"id":11622,"href":"https:\/\/heimstatt-tschernobyl.org\/index.php?rest_route=\/wp\/v2\/pages\/802\/revisions\/11622"}],"wp:attachment":[{"href":"https:\/\/heimstatt-tschernobyl.org\/index.php?rest_route=%2Fwp%2Fv2%2Fmedia&parent=802"}],"curies":[{"name":"wp","href":"https:\/\/api.w.org\/{rel}","templated":true}]}}